{"id":51554,"date":"2026-03-31T12:42:41","date_gmt":"2026-03-31T11:42:41","guid":{"rendered":"https:\/\/pro.blainebox.es\/producto\/giglio-giapponese-120cm-180cm\/"},"modified":"2026-03-31T12:42:41","modified_gmt":"2026-03-31T11:42:41","slug":"giglio-giapponese-120cm-180cm","status":"publish","type":"product","link":"https:\/\/pro.blainebox.es\/it\/producto\/giglio-giapponese-120cm-180cm\/","title":{"rendered":"Giglio Giapponese 120cm &#8211; 180cm"},"content":{"rendered":"","protected":false},"excerpt":{"rendered":"","protected":false},"featured_media":51033,"template":"","meta":{"_acf_changed":false,"content-type":""},"product_brand":[],"product_cat":[461,459,476],"product_tag":[],"class_list":{"0":"post-51554","1":"product","2":"type-product","3":"status-publish","4":"has-post-thumbnail","6":"product_cat-packs-plantas","7":"product_cat-packs-plantas-artificiales-y-preservadas","8":"product_cat-packs-plantas-otros","10":"first","11":"instock","12":"sale","13":"taxable","14":"shipping-taxable","15":"purchasable","16":"product-type-variable"},"acf":[],"jetpack-related-posts":[{"id":50996,"url":"https:\/\/pro.blainebox.es\/producto\/lirio-japones\/","url_meta":{"origin":51554,"position":0},"title":"Lirio Japon\u00e9s 120cm &#8211; 180cm","author":"user","date":"31\/03\/2026","format":false,"excerpt":"","rel":"","context":"Articolo simile","block_context":{"text":"Articolo simile","link":""},"img":{"alt_text":"","src":"https:\/\/i0.wp.com\/pro.blainebox.es\/wp-content\/uploads\/2026\/03\/PIERISPLANT-180-FONDOBLANCO.jpg?fit=1000%2C1000&ssl=1&resize=350%2C200","width":350,"height":200,"srcset":"https:\/\/i0.wp.com\/pro.blainebox.es\/wp-content\/uploads\/2026\/03\/PIERISPLANT-180-FONDOBLANCO.jpg?fit=1000%2C1000&ssl=1&resize=350%2C200 1x, https:\/\/i0.wp.com\/pro.blainebox.es\/wp-content\/uploads\/2026\/03\/PIERISPLANT-180-FONDOBLANCO.jpg?fit=1000%2C1000&ssl=1&resize=525%2C300 1.5x, https:\/\/i0.wp.com\/pro.blainebox.es\/wp-content\/uploads\/2026\/03\/PIERISPLANT-180-FONDOBLANCO.jpg?fit=1000%2C1000&ssl=1&resize=700%2C400 2x"},"classes":[]},{"id":45421,"url":"https:\/\/pro.blainebox.es\/it\/producto\/bambu-giapponese-100-cm-180-cm\/","url_meta":{"origin":51554,"position":1},"title":"Bamb\u00f9 giapponese 100 cm &#8211; 180 cm","author":"user","date":"17\/10\/2024","format":false,"excerpt":"","rel":"","context":"Articolo simile","block_context":{"text":"Articolo simile","link":""},"img":{"alt_text":"","src":"https:\/\/i0.wp.com\/pro.blainebox.es\/wp-content\/uploads\/2024\/05\/1-BambuJapones-180cm-NeutraBlanca.webp?fit=1200%2C1200&ssl=1&resize=350%2C200","width":350,"height":200,"srcset":"https:\/\/i0.wp.com\/pro.blainebox.es\/wp-content\/uploads\/2024\/05\/1-BambuJapones-180cm-NeutraBlanca.webp?fit=1200%2C1200&ssl=1&resize=350%2C200 1x, https:\/\/i0.wp.com\/pro.blainebox.es\/wp-content\/uploads\/2024\/05\/1-BambuJapones-180cm-NeutraBlanca.webp?fit=1200%2C1200&ssl=1&resize=525%2C300 1.5x, https:\/\/i0.wp.com\/pro.blainebox.es\/wp-content\/uploads\/2024\/05\/1-BambuJapones-180cm-NeutraBlanca.webp?fit=1200%2C1200&ssl=1&resize=700%2C400 2x, https:\/\/i0.wp.com\/pro.blainebox.es\/wp-content\/uploads\/2024\/05\/1-BambuJapones-180cm-NeutraBlanca.webp?fit=1200%2C1200&ssl=1&resize=1050%2C600 3x"},"classes":[]},{"id":7843,"url":"https:\/\/pro.blainebox.es\/it\/producto\/dracena-verde\/","url_meta":{"origin":51554,"position":2},"title":"Dracena Verde","author":"user","date":"02\/11\/2023","format":false,"excerpt":"Descubre la elegancia y el encanto tropical de nuestra Dracena Verde Variegata Artificial. Esta impresionante r\u00e9plica ha sido cuidadosamente dise\u00f1ada para capturar la belleza \u00fanica de la Dracena Variegata real, sin la necesidad de preocuparte por los cuidados y mantenimiento constantes. Cada hoja de nuestra Dracena Verde Variegata Artificial es\u2026","rel":"","context":"Articolo simile","block_context":{"text":"Articolo simile","link":""},"img":{"alt_text":"","src":"https:\/\/i0.wp.com\/pro.blainebox.es\/wp-content\/uploads\/2023\/11\/wp-image51465009987910.png?fit=1200%2C1200&ssl=1&resize=350%2C200","width":350,"height":200,"srcset":"https:\/\/i0.wp.com\/pro.blainebox.es\/wp-content\/uploads\/2023\/11\/wp-image51465009987910.png?fit=1200%2C1200&ssl=1&resize=350%2C200 1x, https:\/\/i0.wp.com\/pro.blainebox.es\/wp-content\/uploads\/2023\/11\/wp-image51465009987910.png?fit=1200%2C1200&ssl=1&resize=525%2C300 1.5x, https:\/\/i0.wp.com\/pro.blainebox.es\/wp-content\/uploads\/2023\/11\/wp-image51465009987910.png?fit=1200%2C1200&ssl=1&resize=700%2C400 2x, https:\/\/i0.wp.com\/pro.blainebox.es\/wp-content\/uploads\/2023\/11\/wp-image51465009987910.png?fit=1200%2C1200&ssl=1&resize=1050%2C600 3x"},"classes":[]},{"id":23169,"url":"https:\/\/pro.blainebox.es\/producto\/monstera-abierta-120cm\/","url_meta":{"origin":51554,"position":3},"title":"Monstera abierta 120cm","author":"user","date":"17\/10\/2024","format":false,"excerpt":"","rel":"","context":"Articolo simile","block_context":{"text":"Articolo simile","link":""},"img":{"alt_text":"","src":"https:\/\/i0.wp.com\/pro.blainebox.es\/wp-content\/uploads\/2024\/06\/Monstera-abierta.png?fit=1000%2C1000&ssl=1&resize=350%2C200","width":350,"height":200,"srcset":"https:\/\/i0.wp.com\/pro.blainebox.es\/wp-content\/uploads\/2024\/06\/Monstera-abierta.png?fit=1000%2C1000&ssl=1&resize=350%2C200 1x, https:\/\/i0.wp.com\/pro.blainebox.es\/wp-content\/uploads\/2024\/06\/Monstera-abierta.png?fit=1000%2C1000&ssl=1&resize=525%2C300 1.5x, https:\/\/i0.wp.com\/pro.blainebox.es\/wp-content\/uploads\/2024\/06\/Monstera-abierta.png?fit=1000%2C1000&ssl=1&resize=700%2C400 2x"},"classes":[]},{"id":4749,"url":"https:\/\/pro.blainebox.es\/producto\/planta-croton-en-maceta-120cm\/","url_meta":{"origin":51554,"position":4},"title":"PLANTA CROTON EN MACETA 120CM","author":"user","date":"27\/02\/2023","format":false,"excerpt":"","rel":"","context":"Articolo simile","block_context":{"text":"Articolo simile","link":""},"img":{"alt_text":"","src":"","width":0,"height":0},"classes":[]},{"id":43897,"url":"https:\/\/pro.blainebox.es\/it\/producto\/pianta-croton-in-vaso-120cm\/","url_meta":{"origin":51554,"position":5},"title":"PIANTA CROTON IN VASO 120CM","author":"user","date":"27\/02\/2023","format":false,"excerpt":"","rel":"","context":"Articolo simile","block_context":{"text":"Articolo simile","link":""},"img":{"alt_text":"","src":"","width":0,"height":0},"classes":[]}],"jetpack_sharing_enabled":true,"_links":{"self":[{"href":"https:\/\/pro.blainebox.es\/it\/wp-json\/wp\/v2\/product\/51554","targetHints":{"allow":["GET"]}}],"collection":[{"href":"https:\/\/pro.blainebox.es\/it\/wp-json\/wp\/v2\/product"}],"about":[{"href":"https:\/\/pro.blainebox.es\/it\/wp-json\/wp\/v2\/types\/product"}],"wp:featuredmedia":[{"embeddable":true,"href":"https:\/\/pro.blainebox.es\/it\/wp-json\/wp\/v2\/media\/51033"}],"wp:attachment":[{"href":"https:\/\/pro.blainebox.es\/it\/wp-json\/wp\/v2\/media?parent=51554"}],"wp:term":[{"taxonomy":"product_brand","embeddable":true,"href":"https:\/\/pro.blainebox.es\/it\/wp-json\/wp\/v2\/product_brand?post=51554"},{"taxonomy":"product_cat","embeddable":true,"href":"https:\/\/pro.blainebox.es\/it\/wp-json\/wp\/v2\/product_cat?post=51554"},{"taxonomy":"product_tag","embeddable":true,"href":"https:\/\/pro.blainebox.es\/it\/wp-json\/wp\/v2\/product_tag?post=51554"}],"curies":[{"name":"wp","href":"https:\/\/api.w.org\/{rel}","templated":true}]}}