{"id":49789,"date":"2025-06-13T08:05:58","date_gmt":"2025-06-13T07:05:58","guid":{"rendered":"https:\/\/pro.blainebox.es\/producto\/teide-25mm\/"},"modified":"2025-06-13T08:05:58","modified_gmt":"2025-06-13T07:05:58","slug":"teide-25mm","status":"publish","type":"product","link":"https:\/\/pro.blainebox.es\/it\/producto\/teide-25mm\/","title":{"rendered":"Teide 25mm"},"content":{"rendered":"","protected":false},"excerpt":{"rendered":"<p><strong>Caratteristiche principali<\/strong><\/p>\n<ul>\n<li>Altezza del manto erboso: 25 mm<\/li>\n<li>Peso totale: 1.350 g\/m\u00b2<\/li>\n<li>Materiale: Fibre resistenti ai raggi UV (PE + PP)<\/li>\n<li>Drenaggio: Elevata permeabilit\u00e0 di 1.600 L\/h\/m\u00b2<\/li>\n<li>Uso consigliato: Giardinaggio, decorazione e paesaggistica<\/li>\n<li>Resistenza: Trattamento antimuffa<\/li>\n<li>Formato del rotolo: 2 m x 25 m<\/li>\n<li>Base: Doppio backing con lattice per maggiore durabilit\u00e0<\/li>\n<\/ul>\n<p><strong>Vantaggi<\/strong><\/p>\n<ul>\n<li>Elevata resistenza al sole e alle intemperie<\/li>\n<li>Eccellente drenaggio per evitare ristagni<\/li>\n<li>Facile installazione (non richiede riempimento di sabbia)<\/li>\n<li>Ideale per giardini, terrazze e aree decorative<\/li>\n<\/ul>\n","protected":false},"featured_media":49794,"template":"","meta":{"_acf_changed":false,"content-type":""},"product_brand":[],"product_cat":[268],"product_tag":[],"class_list":{"0":"post-49789","1":"product","2":"type-product","3":"status-publish","4":"has-post-thumbnail","6":"product_cat-cesped-artificial","8":"first","9":"instock","10":"sale","11":"taxable","12":"shipping-taxable","13":"purchasable","14":"product-type-variable"},"acf":[],"jetpack-related-posts":[{"id":49803,"url":"https:\/\/pro.blainebox.es\/it\/producto\/mont-blanc-47-mm\/","url_meta":{"origin":49789,"position":0},"title":"Mont Blanc 47 mm","author":"user","date":"13\/06\/2025","format":false,"excerpt":"Caratteristiche principali Altezza del manto erboso: 47 mm Altezza totale: 51 mm Peso del filato: 3.350 g\/m\u00b2 Materiale: Fibre resistenti ai raggi UV (PE + PP riccio) Drenaggio: Alta permeabilit\u00e0 di 3.600 L\/h\/m\u00b2 Uso consigliato: Giardinaggio, decorazione e paesaggistica Resistenza: Trattamento antimuffa testato Formato del rotolo: 2 m x 25\u2026","rel":"","context":"Articolo simile","block_context":{"text":"Articolo simile","link":""},"img":{"alt_text":"","src":"https:\/\/i0.wp.com\/pro.blainebox.es\/wp-content\/uploads\/2025\/06\/UNIGRASS-47-W-INFO.jpg?fit=1080%2C1080&ssl=1&resize=350%2C200","width":350,"height":200,"srcset":"https:\/\/i0.wp.com\/pro.blainebox.es\/wp-content\/uploads\/2025\/06\/UNIGRASS-47-W-INFO.jpg?fit=1080%2C1080&ssl=1&resize=350%2C200 1x, https:\/\/i0.wp.com\/pro.blainebox.es\/wp-content\/uploads\/2025\/06\/UNIGRASS-47-W-INFO.jpg?fit=1080%2C1080&ssl=1&resize=525%2C300 1.5x, https:\/\/i0.wp.com\/pro.blainebox.es\/wp-content\/uploads\/2025\/06\/UNIGRASS-47-W-INFO.jpg?fit=1080%2C1080&ssl=1&resize=700%2C400 2x, https:\/\/i0.wp.com\/pro.blainebox.es\/wp-content\/uploads\/2025\/06\/UNIGRASS-47-W-INFO.jpg?fit=1080%2C1080&ssl=1&resize=1050%2C600 3x"},"classes":[]},{"id":49814,"url":"https:\/\/pro.blainebox.es\/it\/producto\/dolomiti-30-mm\/","url_meta":{"origin":49789,"position":1},"title":"Dolomiti 30 mm","author":"user","date":"13\/06\/2025","format":false,"excerpt":"Caratteristiche principali Altezza dell'erba: 30 mm Peso totale: 2.350 g\/m\u00b2 (\u00b115%) Materiale: Fibre resistenti ai raggi UV (PE + PP arricciato) Contenuto del filo: 9.500 Dtex\/6F (PE) + 3.300 Dtex\/8F (PP) Densit\u00e0: 18.900 punti\/m\u00b2 Drenaggio: 60 l\/min\/m\u00b2 Fori di drenaggio: \u00d8 5 mm \u2013 80-100 \/m\u00b2 Supporto: Base primaria 100\u2026","rel":"","context":"Articolo simile","block_context":{"text":"Articolo simile","link":""},"img":{"alt_text":"","src":"https:\/\/i0.wp.com\/pro.blainebox.es\/wp-content\/uploads\/2025\/06\/UNIGRASS-30-INFO.jpg?fit=1080%2C1080&ssl=1&resize=350%2C200","width":350,"height":200,"srcset":"https:\/\/i0.wp.com\/pro.blainebox.es\/wp-content\/uploads\/2025\/06\/UNIGRASS-30-INFO.jpg?fit=1080%2C1080&ssl=1&resize=350%2C200 1x, https:\/\/i0.wp.com\/pro.blainebox.es\/wp-content\/uploads\/2025\/06\/UNIGRASS-30-INFO.jpg?fit=1080%2C1080&ssl=1&resize=525%2C300 1.5x, https:\/\/i0.wp.com\/pro.blainebox.es\/wp-content\/uploads\/2025\/06\/UNIGRASS-30-INFO.jpg?fit=1080%2C1080&ssl=1&resize=700%2C400 2x, https:\/\/i0.wp.com\/pro.blainebox.es\/wp-content\/uploads\/2025\/06\/UNIGRASS-30-INFO.jpg?fit=1080%2C1080&ssl=1&resize=1050%2C600 3x"},"classes":[]},{"id":49780,"url":"https:\/\/pro.blainebox.es\/it\/producto\/cervino-35mm\/","url_meta":{"origin":49789,"position":2},"title":"Cervino 35mm","author":"user","date":"13\/06\/2025","format":false,"excerpt":"Caratteristiche principali Altezza dell'erba: 35 mm (\u00b13%) Peso totale: 2.478 g\/m\u00b2 (\u00b15%) Contenuto del filato: UV Resistant (PE) + (PP) arricciato Decitex: 10.600 Dtex Galga: 3\/8 inch Punti\/ml: 175 (\u00b13) Punti\/m\u00b2: 18.375 Peso del filato: 1.508 g\/m\u00b2 (\u00b15%) Foro di drenaggio: \u00d8 5 mm Fori\/m\u00b2: 80-100 Permeabilit\u00e0: 1.600 - 1.800\u2026","rel":"","context":"Articolo simile","block_context":{"text":"Articolo simile","link":""},"img":{"alt_text":"","src":"https:\/\/i0.wp.com\/pro.blainebox.es\/wp-content\/uploads\/2025\/06\/UNIGRASS-35-C-INFO.jpg?fit=1080%2C1080&ssl=1&resize=350%2C200","width":350,"height":200,"srcset":"https:\/\/i0.wp.com\/pro.blainebox.es\/wp-content\/uploads\/2025\/06\/UNIGRASS-35-C-INFO.jpg?fit=1080%2C1080&ssl=1&resize=350%2C200 1x, https:\/\/i0.wp.com\/pro.blainebox.es\/wp-content\/uploads\/2025\/06\/UNIGRASS-35-C-INFO.jpg?fit=1080%2C1080&ssl=1&resize=525%2C300 1.5x, https:\/\/i0.wp.com\/pro.blainebox.es\/wp-content\/uploads\/2025\/06\/UNIGRASS-35-C-INFO.jpg?fit=1080%2C1080&ssl=1&resize=700%2C400 2x, https:\/\/i0.wp.com\/pro.blainebox.es\/wp-content\/uploads\/2025\/06\/UNIGRASS-35-C-INFO.jpg?fit=1080%2C1080&ssl=1&resize=1050%2C600 3x"},"classes":[]},{"id":44652,"url":"https:\/\/pro.blainebox.es\/it\/producto\/tomte\/","url_meta":{"origin":49789,"position":3},"title":"Tomte","author":"user","date":"25\/09\/2025","format":false,"excerpt":"Composizione per 1-4 m\u00b2 di giardino verticale Composizione: 4 Pick eucalipto oro","rel":"","context":"Articolo simile","block_context":{"text":"Articolo simile","link":""},"img":{"alt_text":"","src":"https:\/\/i0.wp.com\/pro.blainebox.es\/wp-content\/uploads\/2025\/09\/2-JARDIN-EUCALIPTO.jpg?fit=1080%2C1079&ssl=1&resize=350%2C200","width":350,"height":200,"srcset":"https:\/\/i0.wp.com\/pro.blainebox.es\/wp-content\/uploads\/2025\/09\/2-JARDIN-EUCALIPTO.jpg?fit=1080%2C1079&ssl=1&resize=350%2C200 1x, https:\/\/i0.wp.com\/pro.blainebox.es\/wp-content\/uploads\/2025\/09\/2-JARDIN-EUCALIPTO.jpg?fit=1080%2C1079&ssl=1&resize=525%2C300 1.5x, https:\/\/i0.wp.com\/pro.blainebox.es\/wp-content\/uploads\/2025\/09\/2-JARDIN-EUCALIPTO.jpg?fit=1080%2C1079&ssl=1&resize=700%2C400 2x, https:\/\/i0.wp.com\/pro.blainebox.es\/wp-content\/uploads\/2025\/09\/2-JARDIN-EUCALIPTO.jpg?fit=1080%2C1079&ssl=1&resize=1050%2C600 3x"},"classes":[]},{"id":44065,"url":"https:\/\/pro.blainebox.es\/it\/producto\/calathea-mini\/","url_meta":{"origin":49789,"position":4},"title":"Calathea mini","author":"user","date":"02\/11\/2023","format":false,"excerpt":"Trasforma istantaneamente la tua casa o il tuo ufficio in un'oasi di bellezza naturale con la nostra Calathea artificiale da 25 cm in vaso. Questa pianta squisita \u00e8 la scelta perfetta per chi desidera godere della rigogliosit\u00e0 e della serenit\u00e0 di una Calathea vera, ma senza la necessit\u00e0 di cure\u2026","rel":"","context":"Articolo simile","block_context":{"text":"Articolo simile","link":""},"img":{"alt_text":"","src":"https:\/\/i0.wp.com\/pro.blainebox.es\/wp-content\/uploads\/2023\/11\/wp-image52463889318214.png?fit=1200%2C1200&ssl=1&resize=350%2C200","width":350,"height":200,"srcset":"https:\/\/i0.wp.com\/pro.blainebox.es\/wp-content\/uploads\/2023\/11\/wp-image52463889318214.png?fit=1200%2C1200&ssl=1&resize=350%2C200 1x, https:\/\/i0.wp.com\/pro.blainebox.es\/wp-content\/uploads\/2023\/11\/wp-image52463889318214.png?fit=1200%2C1200&ssl=1&resize=525%2C300 1.5x, https:\/\/i0.wp.com\/pro.blainebox.es\/wp-content\/uploads\/2023\/11\/wp-image52463889318214.png?fit=1200%2C1200&ssl=1&resize=700%2C400 2x, https:\/\/i0.wp.com\/pro.blainebox.es\/wp-content\/uploads\/2023\/11\/wp-image52463889318214.png?fit=1200%2C1200&ssl=1&resize=1050%2C600 3x"},"classes":[]},{"id":44643,"url":"https:\/\/pro.blainebox.es\/it\/producto\/claus\/","url_meta":{"origin":49789,"position":5},"title":"Claus","author":"user","date":"25\/09\/2025","format":false,"excerpt":"Composizione per 9 m2 di giardino verticale. Composizione: 6 rami di eucalipto oro 12 ramo di stelle di Natale Palle oro 2 confezioni di salix rosso","rel":"","context":"Articolo simile","block_context":{"text":"Articolo simile","link":""},"img":{"alt_text":"","src":"https:\/\/i0.wp.com\/pro.blainebox.es\/wp-content\/uploads\/2025\/09\/9-JARDIN-RAMOS-POINSETIAS-SALIX-BOLAS-ORO-EUCALIPTO.jpg?fit=1200%2C1199&ssl=1&resize=350%2C200","width":350,"height":200,"srcset":"https:\/\/i0.wp.com\/pro.blainebox.es\/wp-content\/uploads\/2025\/09\/9-JARDIN-RAMOS-POINSETIAS-SALIX-BOLAS-ORO-EUCALIPTO.jpg?fit=1200%2C1199&ssl=1&resize=350%2C200 1x, https:\/\/i0.wp.com\/pro.blainebox.es\/wp-content\/uploads\/2025\/09\/9-JARDIN-RAMOS-POINSETIAS-SALIX-BOLAS-ORO-EUCALIPTO.jpg?fit=1200%2C1199&ssl=1&resize=525%2C300 1.5x, https:\/\/i0.wp.com\/pro.blainebox.es\/wp-content\/uploads\/2025\/09\/9-JARDIN-RAMOS-POINSETIAS-SALIX-BOLAS-ORO-EUCALIPTO.jpg?fit=1200%2C1199&ssl=1&resize=700%2C400 2x, https:\/\/i0.wp.com\/pro.blainebox.es\/wp-content\/uploads\/2025\/09\/9-JARDIN-RAMOS-POINSETIAS-SALIX-BOLAS-ORO-EUCALIPTO.jpg?fit=1200%2C1199&ssl=1&resize=1050%2C600 3x"},"classes":[]}],"jetpack_sharing_enabled":true,"_links":{"self":[{"href":"https:\/\/pro.blainebox.es\/it\/wp-json\/wp\/v2\/product\/49789","targetHints":{"allow":["GET"]}}],"collection":[{"href":"https:\/\/pro.blainebox.es\/it\/wp-json\/wp\/v2\/product"}],"about":[{"href":"https:\/\/pro.blainebox.es\/it\/wp-json\/wp\/v2\/types\/product"}],"wp:featuredmedia":[{"embeddable":true,"href":"https:\/\/pro.blainebox.es\/it\/wp-json\/wp\/v2\/media\/49794"}],"wp:attachment":[{"href":"https:\/\/pro.blainebox.es\/it\/wp-json\/wp\/v2\/media?parent=49789"}],"wp:term":[{"taxonomy":"product_brand","embeddable":true,"href":"https:\/\/pro.blainebox.es\/it\/wp-json\/wp\/v2\/product_brand?post=49789"},{"taxonomy":"product_cat","embeddable":true,"href":"https:\/\/pro.blainebox.es\/it\/wp-json\/wp\/v2\/product_cat?post=49789"},{"taxonomy":"product_tag","embeddable":true,"href":"https:\/\/pro.blainebox.es\/it\/wp-json\/wp\/v2\/product_tag?post=49789"}],"curies":[{"name":"wp","href":"https:\/\/api.w.org\/{rel}","templated":true}]}}