{"id":49786,"date":"2025-05-16T09:32:09","date_gmt":"2025-05-16T08:32:09","guid":{"rendered":"https:\/\/pro.blainebox.es\/producto\/pack-ganci-e-tasselli\/"},"modified":"2025-05-16T09:32:09","modified_gmt":"2025-05-16T08:32:09","slug":"pack-ganci-e-tasselli","status":"publish","type":"product","link":"https:\/\/pro.blainebox.es\/it\/producto\/pack-ganci-e-tasselli\/","title":{"rendered":"Pack ganci e tasselli"},"content":{"rendered":"","protected":false},"excerpt":{"rendered":"","protected":false},"featured_media":27060,"template":"","meta":{"_acf_changed":false,"content-type":""},"product_brand":[],"product_cat":[463],"product_tag":[],"class_list":{"0":"post-49786","1":"product","2":"type-product","3":"status-publish","4":"has-post-thumbnail","6":"product_cat-packs-enredaderas","8":"first","9":"instock","10":"sale","11":"taxable","12":"shipping-taxable","13":"purchasable","14":"product-type-simple"},"acf":[],"jetpack-related-posts":[{"id":27059,"url":"https:\/\/pro.blainebox.es\/producto\/pack-alcayatas-y-tacos\/","url_meta":{"origin":49786,"position":0},"title":"Pack alcayatas y tacos","author":"user","date":"16\/05\/2025","format":false,"excerpt":"","rel":"","context":"Articolo simile","block_context":{"text":"Articolo simile","link":""},"img":{"alt_text":"","src":"https:\/\/i0.wp.com\/pro.blainebox.es\/wp-content\/uploads\/2025\/05\/CAJA-HEMBRILLA.jpg?fit=1080%2C1080&ssl=1&resize=350%2C200","width":350,"height":200,"srcset":"https:\/\/i0.wp.com\/pro.blainebox.es\/wp-content\/uploads\/2025\/05\/CAJA-HEMBRILLA.jpg?fit=1080%2C1080&ssl=1&resize=350%2C200 1x, https:\/\/i0.wp.com\/pro.blainebox.es\/wp-content\/uploads\/2025\/05\/CAJA-HEMBRILLA.jpg?fit=1080%2C1080&ssl=1&resize=525%2C300 1.5x, https:\/\/i0.wp.com\/pro.blainebox.es\/wp-content\/uploads\/2025\/05\/CAJA-HEMBRILLA.jpg?fit=1080%2C1080&ssl=1&resize=700%2C400 2x, https:\/\/i0.wp.com\/pro.blainebox.es\/wp-content\/uploads\/2025\/05\/CAJA-HEMBRILLA.jpg?fit=1080%2C1080&ssl=1&resize=1050%2C600 3x"},"classes":[]},{"id":8277,"url":"https:\/\/pro.blainebox.es\/it\/producto\/pack-3-suculentas\/","url_meta":{"origin":49786,"position":1},"title":"Pack 3 Suculentas","author":"user","date":"02\/11\/2023","format":false,"excerpt":"El pack incluye tres tipos distintos de suculentas. Aunque actualmente pueden ser encontradas en cualquier parte del mundo, se cree que las primeras especies surgieron hace m\u00e1s de 50 millones de a\u00f1os, en el per\u00edodo Cret\u00e1cico, siendo estas originarias de las zonas m\u00e1s \u00e1ridas del planeta, como algunas partes de\u2026","rel":"","context":"Articolo simile","block_context":{"text":"Articolo simile","link":""},"img":{"alt_text":"","src":"https:\/\/i0.wp.com\/pro.blainebox.es\/wp-content\/uploads\/2023\/11\/wp-image29725853646918.png?fit=1200%2C1200&ssl=1&resize=350%2C200","width":350,"height":200,"srcset":"https:\/\/i0.wp.com\/pro.blainebox.es\/wp-content\/uploads\/2023\/11\/wp-image29725853646918.png?fit=1200%2C1200&ssl=1&resize=350%2C200 1x, https:\/\/i0.wp.com\/pro.blainebox.es\/wp-content\/uploads\/2023\/11\/wp-image29725853646918.png?fit=1200%2C1200&ssl=1&resize=525%2C300 1.5x, https:\/\/i0.wp.com\/pro.blainebox.es\/wp-content\/uploads\/2023\/11\/wp-image29725853646918.png?fit=1200%2C1200&ssl=1&resize=700%2C400 2x, https:\/\/i0.wp.com\/pro.blainebox.es\/wp-content\/uploads\/2023\/11\/wp-image29725853646918.png?fit=1200%2C1200&ssl=1&resize=1050%2C600 3x"},"classes":[]},{"id":41239,"url":"https:\/\/pro.blainebox.es\/producto\/desierto\/","url_meta":{"origin":49786,"position":2},"title":"Desierto","author":"user","date":"25\/09\/2025","format":false,"excerpt":"Composici\u00f3n: 2 Pack salix oro","rel":"","context":"Articolo simile","block_context":{"text":"Articolo simile","link":""},"img":{"alt_text":"","src":"https:\/\/i0.wp.com\/pro.blainebox.es\/wp-content\/uploads\/2025\/09\/ENREDADERA-12-FONDO-BLANCO-2.jpg?fit=1080%2C1080&ssl=1&resize=350%2C200","width":350,"height":200,"srcset":"https:\/\/i0.wp.com\/pro.blainebox.es\/wp-content\/uploads\/2025\/09\/ENREDADERA-12-FONDO-BLANCO-2.jpg?fit=1080%2C1080&ssl=1&resize=350%2C200 1x, https:\/\/i0.wp.com\/pro.blainebox.es\/wp-content\/uploads\/2025\/09\/ENREDADERA-12-FONDO-BLANCO-2.jpg?fit=1080%2C1080&ssl=1&resize=525%2C300 1.5x, https:\/\/i0.wp.com\/pro.blainebox.es\/wp-content\/uploads\/2025\/09\/ENREDADERA-12-FONDO-BLANCO-2.jpg?fit=1080%2C1080&ssl=1&resize=700%2C400 2x, https:\/\/i0.wp.com\/pro.blainebox.es\/wp-content\/uploads\/2025\/09\/ENREDADERA-12-FONDO-BLANCO-2.jpg?fit=1080%2C1080&ssl=1&resize=1050%2C600 3x"},"classes":[]},{"id":41249,"url":"https:\/\/pro.blainebox.es\/producto\/frosty\/","url_meta":{"origin":49786,"position":3},"title":"Frosty","author":"user","date":"25\/09\/2025","format":false,"excerpt":"Composici\u00f3n para 1 a 4m2 de jard\u00edn vertical Composici\u00f3n: 4 poinsetia 1 pack salix natural 6 picks pi\u00f1as","rel":"","context":"Articolo simile","block_context":{"text":"Articolo simile","link":""},"img":{"alt_text":"","src":"https:\/\/i0.wp.com\/pro.blainebox.es\/wp-content\/uploads\/2025\/09\/8-JARDIN-POINSETIAS-SALIX-PINAS.jpg?fit=1200%2C1199&ssl=1&resize=350%2C200","width":350,"height":200,"srcset":"https:\/\/i0.wp.com\/pro.blainebox.es\/wp-content\/uploads\/2025\/09\/8-JARDIN-POINSETIAS-SALIX-PINAS.jpg?fit=1200%2C1199&ssl=1&resize=350%2C200 1x, https:\/\/i0.wp.com\/pro.blainebox.es\/wp-content\/uploads\/2025\/09\/8-JARDIN-POINSETIAS-SALIX-PINAS.jpg?fit=1200%2C1199&ssl=1&resize=525%2C300 1.5x, https:\/\/i0.wp.com\/pro.blainebox.es\/wp-content\/uploads\/2025\/09\/8-JARDIN-POINSETIAS-SALIX-PINAS.jpg?fit=1200%2C1199&ssl=1&resize=700%2C400 2x, https:\/\/i0.wp.com\/pro.blainebox.es\/wp-content\/uploads\/2025\/09\/8-JARDIN-POINSETIAS-SALIX-PINAS.jpg?fit=1200%2C1199&ssl=1&resize=1050%2C600 3x"},"classes":[]},{"id":41248,"url":"https:\/\/pro.blainebox.es\/producto\/santa\/","url_meta":{"origin":49786,"position":4},"title":"Santa","author":"user","date":"25\/09\/2025","format":false,"excerpt":"Composici\u00f3n para 9 m2 de jard\u00edn vertical. Composici\u00f3n: 18 poinsetia 6 pick berry 2 pack salix natural 6 pick pi\u00f1as","rel":"","context":"Articolo simile","block_context":{"text":"Articolo simile","link":""},"img":{"alt_text":"","src":"https:\/\/i0.wp.com\/pro.blainebox.es\/wp-content\/uploads\/2025\/09\/7-JARDIN-POINSETIAS-SALIX-BERRY-ROJO-PINAS.jpg?fit=1200%2C1200&ssl=1&resize=350%2C200","width":350,"height":200,"srcset":"https:\/\/i0.wp.com\/pro.blainebox.es\/wp-content\/uploads\/2025\/09\/7-JARDIN-POINSETIAS-SALIX-BERRY-ROJO-PINAS.jpg?fit=1200%2C1200&ssl=1&resize=350%2C200 1x, https:\/\/i0.wp.com\/pro.blainebox.es\/wp-content\/uploads\/2025\/09\/7-JARDIN-POINSETIAS-SALIX-BERRY-ROJO-PINAS.jpg?fit=1200%2C1200&ssl=1&resize=525%2C300 1.5x, https:\/\/i0.wp.com\/pro.blainebox.es\/wp-content\/uploads\/2025\/09\/7-JARDIN-POINSETIAS-SALIX-BERRY-ROJO-PINAS.jpg?fit=1200%2C1200&ssl=1&resize=700%2C400 2x, https:\/\/i0.wp.com\/pro.blainebox.es\/wp-content\/uploads\/2025\/09\/7-JARDIN-POINSETIAS-SALIX-BERRY-ROJO-PINAS.jpg?fit=1200%2C1200&ssl=1&resize=1050%2C600 3x"},"classes":[]},{"id":41250,"url":"https:\/\/pro.blainebox.es\/producto\/claus\/","url_meta":{"origin":49786,"position":5},"title":"Claus","author":"user","date":"25\/09\/2025","format":false,"excerpt":"Composici\u00f3n para 9 m2 de jard\u00edn vertical. Composici\u00f3n: 6 pick eucalipto oro 12 ramo poinsetias Bolas oro 2 pack salix rojo","rel":"","context":"Articolo simile","block_context":{"text":"Articolo simile","link":""},"img":{"alt_text":"","src":"https:\/\/i0.wp.com\/pro.blainebox.es\/wp-content\/uploads\/2025\/09\/9-JARDIN-RAMOS-POINSETIAS-SALIX-BOLAS-ORO-EUCALIPTO.jpg?fit=1200%2C1199&ssl=1&resize=350%2C200","width":350,"height":200,"srcset":"https:\/\/i0.wp.com\/pro.blainebox.es\/wp-content\/uploads\/2025\/09\/9-JARDIN-RAMOS-POINSETIAS-SALIX-BOLAS-ORO-EUCALIPTO.jpg?fit=1200%2C1199&ssl=1&resize=350%2C200 1x, https:\/\/i0.wp.com\/pro.blainebox.es\/wp-content\/uploads\/2025\/09\/9-JARDIN-RAMOS-POINSETIAS-SALIX-BOLAS-ORO-EUCALIPTO.jpg?fit=1200%2C1199&ssl=1&resize=525%2C300 1.5x, https:\/\/i0.wp.com\/pro.blainebox.es\/wp-content\/uploads\/2025\/09\/9-JARDIN-RAMOS-POINSETIAS-SALIX-BOLAS-ORO-EUCALIPTO.jpg?fit=1200%2C1199&ssl=1&resize=700%2C400 2x, https:\/\/i0.wp.com\/pro.blainebox.es\/wp-content\/uploads\/2025\/09\/9-JARDIN-RAMOS-POINSETIAS-SALIX-BOLAS-ORO-EUCALIPTO.jpg?fit=1200%2C1199&ssl=1&resize=1050%2C600 3x"},"classes":[]}],"jetpack_sharing_enabled":true,"_links":{"self":[{"href":"https:\/\/pro.blainebox.es\/it\/wp-json\/wp\/v2\/product\/49786","targetHints":{"allow":["GET"]}}],"collection":[{"href":"https:\/\/pro.blainebox.es\/it\/wp-json\/wp\/v2\/product"}],"about":[{"href":"https:\/\/pro.blainebox.es\/it\/wp-json\/wp\/v2\/types\/product"}],"wp:featuredmedia":[{"embeddable":true,"href":"https:\/\/pro.blainebox.es\/it\/wp-json\/wp\/v2\/media\/27060"}],"wp:attachment":[{"href":"https:\/\/pro.blainebox.es\/it\/wp-json\/wp\/v2\/media?parent=49786"}],"wp:term":[{"taxonomy":"product_brand","embeddable":true,"href":"https:\/\/pro.blainebox.es\/it\/wp-json\/wp\/v2\/product_brand?post=49786"},{"taxonomy":"product_cat","embeddable":true,"href":"https:\/\/pro.blainebox.es\/it\/wp-json\/wp\/v2\/product_cat?post=49786"},{"taxonomy":"product_tag","embeddable":true,"href":"https:\/\/pro.blainebox.es\/it\/wp-json\/wp\/v2\/product_tag?post=49786"}],"curies":[{"name":"wp","href":"https:\/\/api.w.org\/{rel}","templated":true}]}}