{"id":45405,"date":"2024-10-17T08:13:58","date_gmt":"2024-10-17T07:13:58","guid":{"rendered":"https:\/\/pro.blainebox.es\/producto\/manico-tropicale-180-cm\/"},"modified":"2024-10-17T08:13:58","modified_gmt":"2024-10-17T07:13:58","slug":"manico-tropicale-180-cm","status":"publish","type":"product","link":"https:\/\/pro.blainebox.es\/it\/producto\/manico-tropicale-180-cm\/","title":{"rendered":"Manico tropicale 180 cm"},"content":{"rendered":"","protected":false},"excerpt":{"rendered":"","protected":false},"featured_media":45407,"template":"","meta":{"_acf_changed":false,"content-type":""},"product_brand":[],"product_cat":[472,461,459],"product_tag":[],"class_list":{"0":"post-45405","1":"product","2":"type-product","3":"status-publish","4":"has-post-thumbnail","6":"product_cat-packs-planta-mango","7":"product_cat-packs-plantas","8":"product_cat-packs-plantas-artificiales-y-preservadas","10":"first","11":"instock","12":"sale","13":"taxable","14":"shipping-taxable","15":"purchasable","16":"product-type-simple"},"acf":[],"jetpack-related-posts":[{"id":45389,"url":"https:\/\/pro.blainebox.es\/it\/producto\/palma-tropicale-170-cm\/","url_meta":{"origin":45405,"position":0},"title":"Palma tropicale 170 cm","author":"user","date":"17\/10\/2024","format":false,"excerpt":"","rel":"","context":"Articolo simile","block_context":{"text":"Articolo simile","link":""},"img":{"alt_text":"","src":"https:\/\/i0.wp.com\/pro.blainebox.es\/wp-content\/uploads\/2024\/05\/Palmera-170cm-NeutraBlanca.webp?fit=1200%2C1200&ssl=1&resize=350%2C200","width":350,"height":200,"srcset":"https:\/\/i0.wp.com\/pro.blainebox.es\/wp-content\/uploads\/2024\/05\/Palmera-170cm-NeutraBlanca.webp?fit=1200%2C1200&ssl=1&resize=350%2C200 1x, https:\/\/i0.wp.com\/pro.blainebox.es\/wp-content\/uploads\/2024\/05\/Palmera-170cm-NeutraBlanca.webp?fit=1200%2C1200&ssl=1&resize=525%2C300 1.5x, https:\/\/i0.wp.com\/pro.blainebox.es\/wp-content\/uploads\/2024\/05\/Palmera-170cm-NeutraBlanca.webp?fit=1200%2C1200&ssl=1&resize=700%2C400 2x, https:\/\/i0.wp.com\/pro.blainebox.es\/wp-content\/uploads\/2024\/05\/Palmera-170cm-NeutraBlanca.webp?fit=1200%2C1200&ssl=1&resize=1050%2C600 3x"},"classes":[]},{"id":45363,"url":"https:\/\/pro.blainebox.es\/it\/producto\/palma-tropicale-xl-190-cm\/","url_meta":{"origin":45405,"position":1},"title":"Palma tropicale XL 190 cm","author":"user","date":"17\/10\/2024","format":false,"excerpt":"","rel":"","context":"Articolo simile","block_context":{"text":"Articolo simile","link":""},"img":{"alt_text":"","src":"https:\/\/i0.wp.com\/pro.blainebox.es\/wp-content\/uploads\/2024\/05\/Palmera-190cm-NeutraBlanca.webp?fit=1200%2C1200&ssl=1&resize=350%2C200","width":350,"height":200,"srcset":"https:\/\/i0.wp.com\/pro.blainebox.es\/wp-content\/uploads\/2024\/05\/Palmera-190cm-NeutraBlanca.webp?fit=1200%2C1200&ssl=1&resize=350%2C200 1x, https:\/\/i0.wp.com\/pro.blainebox.es\/wp-content\/uploads\/2024\/05\/Palmera-190cm-NeutraBlanca.webp?fit=1200%2C1200&ssl=1&resize=525%2C300 1.5x, https:\/\/i0.wp.com\/pro.blainebox.es\/wp-content\/uploads\/2024\/05\/Palmera-190cm-NeutraBlanca.webp?fit=1200%2C1200&ssl=1&resize=700%2C400 2x, https:\/\/i0.wp.com\/pro.blainebox.es\/wp-content\/uploads\/2024\/05\/Palmera-190cm-NeutraBlanca.webp?fit=1200%2C1200&ssl=1&resize=1050%2C600 3x"},"classes":[]},{"id":45408,"url":"https:\/\/pro.blainebox.es\/it\/producto\/dracena-tropicale-150cm\/","url_meta":{"origin":45405,"position":2},"title":"Dracena Tropicale 150CM","author":"user","date":"29\/11\/2023","format":false,"excerpt":"Altezza cm: 150","rel":"","context":"Articolo simile","block_context":{"text":"Articolo simile","link":""},"img":{"alt_text":"","src":"https:\/\/i0.wp.com\/pro.blainebox.es\/wp-content\/uploads\/2024\/06\/Dracena-tropical.png?fit=1000%2C1000&ssl=1&resize=350%2C200","width":350,"height":200,"srcset":"https:\/\/i0.wp.com\/pro.blainebox.es\/wp-content\/uploads\/2024\/06\/Dracena-tropical.png?fit=1000%2C1000&ssl=1&resize=350%2C200 1x, https:\/\/i0.wp.com\/pro.blainebox.es\/wp-content\/uploads\/2024\/06\/Dracena-tropical.png?fit=1000%2C1000&ssl=1&resize=525%2C300 1.5x, https:\/\/i0.wp.com\/pro.blainebox.es\/wp-content\/uploads\/2024\/06\/Dracena-tropical.png?fit=1000%2C1000&ssl=1&resize=700%2C400 2x"},"classes":[]},{"id":45410,"url":"https:\/\/pro.blainebox.es\/it\/producto\/dracena-tropical-xl-160cm\/","url_meta":{"origin":45405,"position":3},"title":"Dracena Tropical XL 160cm","author":"user","date":"29\/11\/2023","format":false,"excerpt":"Altezza cm: 160","rel":"","context":"Articolo simile","block_context":{"text":"Articolo simile","link":""},"img":{"alt_text":"","src":"https:\/\/i0.wp.com\/pro.blainebox.es\/wp-content\/uploads\/2023\/11\/Mango-Tropical-XL.webp?fit=600%2C600&ssl=1&resize=350%2C200","width":350,"height":200,"srcset":"https:\/\/i0.wp.com\/pro.blainebox.es\/wp-content\/uploads\/2023\/11\/Mango-Tropical-XL.webp?fit=600%2C600&ssl=1&resize=350%2C200 1x, https:\/\/i0.wp.com\/pro.blainebox.es\/wp-content\/uploads\/2023\/11\/Mango-Tropical-XL.webp?fit=600%2C600&ssl=1&resize=525%2C300 1.5x"},"classes":[]},{"id":45399,"url":"https:\/\/pro.blainebox.es\/it\/producto\/dracena-tropical-xl-130cm\/","url_meta":{"origin":45405,"position":4},"title":"Dracena Tropical XL 130CM","author":"user","date":"29\/11\/2023","format":false,"excerpt":"Altezza cm: 130","rel":"","context":"Articolo simile","block_context":{"text":"Articolo simile","link":""},"img":{"alt_text":"","src":"https:\/\/i0.wp.com\/pro.blainebox.es\/wp-content\/uploads\/2024\/05\/Dracena-130cm-NeutraBlanca.webp?fit=1200%2C1200&ssl=1&resize=350%2C200","width":350,"height":200,"srcset":"https:\/\/i0.wp.com\/pro.blainebox.es\/wp-content\/uploads\/2024\/05\/Dracena-130cm-NeutraBlanca.webp?fit=1200%2C1200&ssl=1&resize=350%2C200 1x, https:\/\/i0.wp.com\/pro.blainebox.es\/wp-content\/uploads\/2024\/05\/Dracena-130cm-NeutraBlanca.webp?fit=1200%2C1200&ssl=1&resize=525%2C300 1.5x, https:\/\/i0.wp.com\/pro.blainebox.es\/wp-content\/uploads\/2024\/05\/Dracena-130cm-NeutraBlanca.webp?fit=1200%2C1200&ssl=1&resize=700%2C400 2x, https:\/\/i0.wp.com\/pro.blainebox.es\/wp-content\/uploads\/2024\/05\/Dracena-130cm-NeutraBlanca.webp?fit=1200%2C1200&ssl=1&resize=1050%2C600 3x"},"classes":[]},{"id":7843,"url":"https:\/\/pro.blainebox.es\/it\/producto\/dracena-verde\/","url_meta":{"origin":45405,"position":5},"title":"Dracena Verde","author":"user","date":"02\/11\/2023","format":false,"excerpt":"Descubre la elegancia y el encanto tropical de nuestra Dracena Verde Variegata Artificial. Esta impresionante r\u00e9plica ha sido cuidadosamente dise\u00f1ada para capturar la belleza \u00fanica de la Dracena Variegata real, sin la necesidad de preocuparte por los cuidados y mantenimiento constantes. Cada hoja de nuestra Dracena Verde Variegata Artificial es\u2026","rel":"","context":"Articolo simile","block_context":{"text":"Articolo simile","link":""},"img":{"alt_text":"","src":"https:\/\/i0.wp.com\/pro.blainebox.es\/wp-content\/uploads\/2023\/11\/wp-image51465009987910.png?fit=1200%2C1200&ssl=1&resize=350%2C200","width":350,"height":200,"srcset":"https:\/\/i0.wp.com\/pro.blainebox.es\/wp-content\/uploads\/2023\/11\/wp-image51465009987910.png?fit=1200%2C1200&ssl=1&resize=350%2C200 1x, https:\/\/i0.wp.com\/pro.blainebox.es\/wp-content\/uploads\/2023\/11\/wp-image51465009987910.png?fit=1200%2C1200&ssl=1&resize=525%2C300 1.5x, https:\/\/i0.wp.com\/pro.blainebox.es\/wp-content\/uploads\/2023\/11\/wp-image51465009987910.png?fit=1200%2C1200&ssl=1&resize=700%2C400 2x, https:\/\/i0.wp.com\/pro.blainebox.es\/wp-content\/uploads\/2023\/11\/wp-image51465009987910.png?fit=1200%2C1200&ssl=1&resize=1050%2C600 3x"},"classes":[]}],"jetpack_sharing_enabled":true,"_links":{"self":[{"href":"https:\/\/pro.blainebox.es\/it\/wp-json\/wp\/v2\/product\/45405","targetHints":{"allow":["GET"]}}],"collection":[{"href":"https:\/\/pro.blainebox.es\/it\/wp-json\/wp\/v2\/product"}],"about":[{"href":"https:\/\/pro.blainebox.es\/it\/wp-json\/wp\/v2\/types\/product"}],"wp:featuredmedia":[{"embeddable":true,"href":"https:\/\/pro.blainebox.es\/it\/wp-json\/wp\/v2\/media\/45407"}],"wp:attachment":[{"href":"https:\/\/pro.blainebox.es\/it\/wp-json\/wp\/v2\/media?parent=45405"}],"wp:term":[{"taxonomy":"product_brand","embeddable":true,"href":"https:\/\/pro.blainebox.es\/it\/wp-json\/wp\/v2\/product_brand?post=45405"},{"taxonomy":"product_cat","embeddable":true,"href":"https:\/\/pro.blainebox.es\/it\/wp-json\/wp\/v2\/product_cat?post=45405"},{"taxonomy":"product_tag","embeddable":true,"href":"https:\/\/pro.blainebox.es\/it\/wp-json\/wp\/v2\/product_tag?post=45405"}],"curies":[{"name":"wp","href":"https:\/\/api.w.org\/{rel}","templated":true}]}}