{"id":45383,"date":"2023-11-29T23:39:22","date_gmt":"2023-11-29T22:39:22","guid":{"rendered":"https:\/\/pro.blainebox.es\/producto\/olivo-brava-270cm\/"},"modified":"2023-11-29T23:39:22","modified_gmt":"2023-11-29T22:39:22","slug":"olivo-brava-270cm","status":"publish","type":"product","link":"https:\/\/pro.blainebox.es\/it\/producto\/olivo-brava-270cm\/","title":{"rendered":"Olivo brava 270cm"},"content":{"rendered":"","protected":false},"excerpt":{"rendered":"","protected":false},"featured_media":21020,"template":"","meta":{"_acf_changed":false,"content-type":""},"product_brand":[],"product_cat":[450,455,448,470,461,459],"product_tag":[],"class_list":{"0":"post-45383","1":"product","2":"type-product","3":"status-publish","4":"has-post-thumbnail","6":"product_cat-arboles-y-plantas-grandes","7":"product_cat-catalogo","8":"product_cat-mayor-de-150cm","9":"product_cat-packs-planta-olivo","10":"product_cat-packs-plantas","11":"product_cat-packs-plantas-artificiales-y-preservadas","13":"first","14":"instock","15":"sale","16":"taxable","17":"shipping-taxable","18":"purchasable","19":"product-type-simple"},"acf":[],"jetpack-related-posts":[{"id":18297,"url":"https:\/\/pro.blainebox.es\/producto\/p-4787401\/","url_meta":{"origin":45383,"position":0},"title":"Olivo brava 270cm","author":"user","date":"29\/11\/2023","format":false,"excerpt":"","rel":"","context":"Articolo simile","block_context":{"text":"Articolo simile","link":""},"img":{"alt_text":"","src":"https:\/\/i0.wp.com\/pro.blainebox.es\/wp-content\/uploads\/2024\/06\/Olivo-Brava.png?fit=1000%2C1000&ssl=1&resize=350%2C200","width":350,"height":200,"srcset":"https:\/\/i0.wp.com\/pro.blainebox.es\/wp-content\/uploads\/2024\/06\/Olivo-Brava.png?fit=1000%2C1000&ssl=1&resize=350%2C200 1x, https:\/\/i0.wp.com\/pro.blainebox.es\/wp-content\/uploads\/2024\/06\/Olivo-Brava.png?fit=1000%2C1000&ssl=1&resize=525%2C300 1.5x, https:\/\/i0.wp.com\/pro.blainebox.es\/wp-content\/uploads\/2024\/06\/Olivo-Brava.png?fit=1000%2C1000&ssl=1&resize=700%2C400 2x"},"classes":[]},{"id":23250,"url":"https:\/\/pro.blainebox.es\/it\/producto\/guirnalda-abeto-270-270cm-x-30cm\/","url_meta":{"origin":45383,"position":1},"title":"Guirnalda Abeto 270 (270cm x 30cm)","author":"user","date":"17\/10\/2024","format":false,"excerpt":"","rel":"","context":"Articolo simile","block_context":{"text":"Articolo simile","link":""},"img":{"alt_text":"","src":"https:\/\/i0.wp.com\/pro.blainebox.es\/wp-content\/uploads\/2024\/09\/CONTEXTO-BOA_ABETO_2.jpg?fit=1080%2C1080&ssl=1&resize=350%2C200","width":350,"height":200,"srcset":"https:\/\/i0.wp.com\/pro.blainebox.es\/wp-content\/uploads\/2024\/09\/CONTEXTO-BOA_ABETO_2.jpg?fit=1080%2C1080&ssl=1&resize=350%2C200 1x, https:\/\/i0.wp.com\/pro.blainebox.es\/wp-content\/uploads\/2024\/09\/CONTEXTO-BOA_ABETO_2.jpg?fit=1080%2C1080&ssl=1&resize=525%2C300 1.5x, https:\/\/i0.wp.com\/pro.blainebox.es\/wp-content\/uploads\/2024\/09\/CONTEXTO-BOA_ABETO_2.jpg?fit=1080%2C1080&ssl=1&resize=700%2C400 2x, https:\/\/i0.wp.com\/pro.blainebox.es\/wp-content\/uploads\/2024\/09\/CONTEXTO-BOA_ABETO_2.jpg?fit=1080%2C1080&ssl=1&resize=1050%2C600 3x"},"classes":[]},{"id":9801,"url":"https:\/\/pro.blainebox.es\/it\/producto\/431120\/","url_meta":{"origin":45383,"position":2},"title":"Tropaeolum tree green 270cm (knock down packing)","author":"user","date":"29\/11\/2023","format":false,"excerpt":"","rel":"","context":"Articolo simile","block_context":{"text":"Articolo simile","link":""},"img":{"alt_text":"Tropaeolum tree green 270cm (knock down packing)","src":"https:\/\/i0.wp.com\/pro.blainebox.es\/wp-content\/uploads\/2023\/11\/file-240.jpg?fit=798%2C1200&ssl=1&resize=350%2C200","width":350,"height":200,"srcset":"https:\/\/i0.wp.com\/pro.blainebox.es\/wp-content\/uploads\/2023\/11\/file-240.jpg?fit=798%2C1200&ssl=1&resize=350%2C200 1x, https:\/\/i0.wp.com\/pro.blainebox.es\/wp-content\/uploads\/2023\/11\/file-240.jpg?fit=798%2C1200&ssl=1&resize=525%2C300 1.5x, https:\/\/i0.wp.com\/pro.blainebox.es\/wp-content\/uploads\/2023\/11\/file-240.jpg?fit=798%2C1200&ssl=1&resize=700%2C400 2x"},"classes":[]},{"id":10974,"url":"https:\/\/pro.blainebox.es\/it\/producto\/430327\/","url_meta":{"origin":45383,"position":3},"title":"Blossom tree pink 270cm (knock-down packing)","author":"user","date":"29\/11\/2023","format":false,"excerpt":"","rel":"","context":"Articolo simile","block_context":{"text":"Articolo simile","link":""},"img":{"alt_text":"Blossom tree pink 270cm (knock-down packing)","src":"https:\/\/i0.wp.com\/pro.blainebox.es\/wp-content\/uploads\/2023\/11\/file-631.jpg?fit=798%2C1200&ssl=1&resize=350%2C200","width":350,"height":200,"srcset":"https:\/\/i0.wp.com\/pro.blainebox.es\/wp-content\/uploads\/2023\/11\/file-631.jpg?fit=798%2C1200&ssl=1&resize=350%2C200 1x, https:\/\/i0.wp.com\/pro.blainebox.es\/wp-content\/uploads\/2023\/11\/file-631.jpg?fit=798%2C1200&ssl=1&resize=525%2C300 1.5x, https:\/\/i0.wp.com\/pro.blainebox.es\/wp-content\/uploads\/2023\/11\/file-631.jpg?fit=798%2C1200&ssl=1&resize=700%2C400 2x"},"classes":[]},{"id":48141,"url":"https:\/\/pro.blainebox.es\/producto\/rama-olivo\/","url_meta":{"origin":45383,"position":4},"title":"Rama Olivo","author":"user","date":"11\/02\/2026","format":false,"excerpt":"","rel":"","context":"Articolo simile","block_context":{"text":"Articolo simile","link":""},"img":{"alt_text":"","src":"https:\/\/i0.wp.com\/pro.blainebox.es\/wp-content\/uploads\/2026\/02\/RAMA-OLIVO.jpg?fit=1080%2C1080&ssl=1&resize=350%2C200","width":350,"height":200,"srcset":"https:\/\/i0.wp.com\/pro.blainebox.es\/wp-content\/uploads\/2026\/02\/RAMA-OLIVO.jpg?fit=1080%2C1080&ssl=1&resize=350%2C200 1x, https:\/\/i0.wp.com\/pro.blainebox.es\/wp-content\/uploads\/2026\/02\/RAMA-OLIVO.jpg?fit=1080%2C1080&ssl=1&resize=525%2C300 1.5x, https:\/\/i0.wp.com\/pro.blainebox.es\/wp-content\/uploads\/2026\/02\/RAMA-OLIVO.jpg?fit=1080%2C1080&ssl=1&resize=700%2C400 2x, https:\/\/i0.wp.com\/pro.blainebox.es\/wp-content\/uploads\/2026\/02\/RAMA-OLIVO.jpg?fit=1080%2C1080&ssl=1&resize=1050%2C600 3x"},"classes":[]},{"id":8242,"url":"https:\/\/pro.blainebox.es\/it\/producto\/olivo\/","url_meta":{"origin":45383,"position":5},"title":"Olivo","author":"user","date":"02\/11\/2023","format":false,"excerpt":"Embellece tu espacio con la elegancia atemporal del olivo artificial. Nuestra impecable r\u00e9plica captura la esencia de este \u00e1rbol ic\u00f3nico con detalle y realismo excepcionales. Cada rama y hoja han sido cuidadosamente dise\u00f1adas para reflejar la textura y el color del olivo real, brind\u00e1ndote la belleza sin esfuerzo de la\u2026","rel":"","context":"Articolo simile","block_context":{"text":"Articolo simile","link":""},"img":{"alt_text":"","src":"https:\/\/i0.wp.com\/pro.blainebox.es\/wp-content\/uploads\/2023\/11\/wp-image52734404198726-e1701351206449.png?fit=732%2C1196&ssl=1&resize=350%2C200","width":350,"height":200,"srcset":"https:\/\/i0.wp.com\/pro.blainebox.es\/wp-content\/uploads\/2023\/11\/wp-image52734404198726-e1701351206449.png?fit=732%2C1196&ssl=1&resize=350%2C200 1x, https:\/\/i0.wp.com\/pro.blainebox.es\/wp-content\/uploads\/2023\/11\/wp-image52734404198726-e1701351206449.png?fit=732%2C1196&ssl=1&resize=525%2C300 1.5x, https:\/\/i0.wp.com\/pro.blainebox.es\/wp-content\/uploads\/2023\/11\/wp-image52734404198726-e1701351206449.png?fit=732%2C1196&ssl=1&resize=700%2C400 2x"},"classes":[]}],"jetpack_sharing_enabled":true,"_links":{"self":[{"href":"https:\/\/pro.blainebox.es\/it\/wp-json\/wp\/v2\/product\/45383","targetHints":{"allow":["GET"]}}],"collection":[{"href":"https:\/\/pro.blainebox.es\/it\/wp-json\/wp\/v2\/product"}],"about":[{"href":"https:\/\/pro.blainebox.es\/it\/wp-json\/wp\/v2\/types\/product"}],"wp:featuredmedia":[{"embeddable":true,"href":"https:\/\/pro.blainebox.es\/it\/wp-json\/wp\/v2\/media\/21020"}],"wp:attachment":[{"href":"https:\/\/pro.blainebox.es\/it\/wp-json\/wp\/v2\/media?parent=45383"}],"wp:term":[{"taxonomy":"product_brand","embeddable":true,"href":"https:\/\/pro.blainebox.es\/it\/wp-json\/wp\/v2\/product_brand?post=45383"},{"taxonomy":"product_cat","embeddable":true,"href":"https:\/\/pro.blainebox.es\/it\/wp-json\/wp\/v2\/product_cat?post=45383"},{"taxonomy":"product_tag","embeddable":true,"href":"https:\/\/pro.blainebox.es\/it\/wp-json\/wp\/v2\/product_tag?post=45383"}],"curies":[{"name":"wp","href":"https:\/\/api.w.org\/{rel}","templated":true}]}}