{"id":45265,"date":"2024-10-17T08:13:52","date_gmt":"2024-10-17T07:13:52","guid":{"rendered":"https:\/\/pro.blainebox.es\/producto\/monstera-mini-38-cm\/"},"modified":"2024-10-17T08:13:52","modified_gmt":"2024-10-17T07:13:52","slug":"monstera-mini-38-cm","status":"publish","type":"product","link":"https:\/\/pro.blainebox.es\/it\/producto\/monstera-mini-38-cm\/","title":{"rendered":"Monstera mini 38 cm"},"content":{"rendered":"","protected":false},"excerpt":{"rendered":"","protected":false},"featured_media":19972,"template":"","meta":{"_acf_changed":false,"content-type":""},"product_brand":[],"product_cat":[461,459,466],"product_tag":[],"class_list":{"0":"post-45265","1":"product","2":"type-product","3":"status-publish","4":"has-post-thumbnail","6":"product_cat-packs-plantas","7":"product_cat-packs-plantas-artificiales-y-preservadas","8":"product_cat-packs-plantas-monstera","10":"first","11":"instock","12":"sale","13":"taxable","14":"shipping-taxable","15":"purchasable","16":"product-type-simple"},"acf":[],"jetpack-related-posts":[{"id":23166,"url":"https:\/\/pro.blainebox.es\/producto\/monstera-mini-38cm\/","url_meta":{"origin":45265,"position":0},"title":"Monstera mini 38cm","author":"user","date":"17\/10\/2024","format":false,"excerpt":"","rel":"","context":"Articolo simile","block_context":{"text":"Articolo simile","link":""},"img":{"alt_text":"","src":"https:\/\/i0.wp.com\/pro.blainebox.es\/wp-content\/uploads\/2024\/05\/0004_1-MonsteraMini-Foto1-NeutraBlanca.webp?fit=800%2C800&ssl=1&resize=350%2C200","width":350,"height":200,"srcset":"https:\/\/i0.wp.com\/pro.blainebox.es\/wp-content\/uploads\/2024\/05\/0004_1-MonsteraMini-Foto1-NeutraBlanca.webp?fit=800%2C800&ssl=1&resize=350%2C200 1x, https:\/\/i0.wp.com\/pro.blainebox.es\/wp-content\/uploads\/2024\/05\/0004_1-MonsteraMini-Foto1-NeutraBlanca.webp?fit=800%2C800&ssl=1&resize=525%2C300 1.5x, https:\/\/i0.wp.com\/pro.blainebox.es\/wp-content\/uploads\/2024\/05\/0004_1-MonsteraMini-Foto1-NeutraBlanca.webp?fit=800%2C800&ssl=1&resize=700%2C400 2x"},"classes":[]},{"id":23168,"url":"https:\/\/pro.blainebox.es\/it\/producto\/monstera-deli-mini-29cm\/","url_meta":{"origin":45265,"position":1},"title":"Monstera Deli mini 29cm","author":"user","date":"17\/10\/2024","format":false,"excerpt":"","rel":"","context":"Articolo simile","block_context":{"text":"Articolo simile","link":""},"img":{"alt_text":"","src":"https:\/\/i0.wp.com\/pro.blainebox.es\/wp-content\/uploads\/2024\/06\/Monstera-delli-mini.png?fit=1000%2C1000&ssl=1&resize=350%2C200","width":350,"height":200,"srcset":"https:\/\/i0.wp.com\/pro.blainebox.es\/wp-content\/uploads\/2024\/06\/Monstera-delli-mini.png?fit=1000%2C1000&ssl=1&resize=350%2C200 1x, https:\/\/i0.wp.com\/pro.blainebox.es\/wp-content\/uploads\/2024\/06\/Monstera-delli-mini.png?fit=1000%2C1000&ssl=1&resize=525%2C300 1.5x, https:\/\/i0.wp.com\/pro.blainebox.es\/wp-content\/uploads\/2024\/06\/Monstera-delli-mini.png?fit=1000%2C1000&ssl=1&resize=700%2C400 2x"},"classes":[]},{"id":17205,"url":"https:\/\/pro.blainebox.es\/it\/producto\/b-0353925\/","url_meta":{"origin":45265,"position":2},"title":"BUSH MINI FLORES x 5. 38 cm. Azul.","author":"user","date":"29\/11\/2023","format":false,"excerpt":"","rel":"","context":"Articolo simile","block_context":{"text":"Articolo simile","link":""},"img":{"alt_text":"BUSH MINI FLORES x 5. 38 cm. Azul.","src":"https:\/\/i0.wp.com\/pro.blainebox.es\/wp-content\/uploads\/2023\/11\/P.-0000-99-1.jpg?fit=418%2C591&ssl=1&resize=350%2C200","width":350,"height":200},"classes":[]},{"id":10731,"url":"https:\/\/pro.blainebox.es\/it\/producto\/421812\/","url_meta":{"origin":45265,"position":3},"title":"Monstera mini spray x3 72cm","author":"user","date":"29\/11\/2023","format":false,"excerpt":"","rel":"","context":"Articolo simile","block_context":{"text":"Articolo simile","link":""},"img":{"alt_text":"Monstera mini spray x3 72cm","src":"https:\/\/i0.wp.com\/pro.blainebox.es\/wp-content\/uploads\/2023\/11\/file-550.jpg?fit=599%2C900&ssl=1&resize=350%2C200","width":350,"height":200,"srcset":"https:\/\/i0.wp.com\/pro.blainebox.es\/wp-content\/uploads\/2023\/11\/file-550.jpg?fit=599%2C900&ssl=1&resize=350%2C200 1x, https:\/\/i0.wp.com\/pro.blainebox.es\/wp-content\/uploads\/2023\/11\/file-550.jpg?fit=599%2C900&ssl=1&resize=525%2C300 1.5x"},"classes":[]},{"id":8191,"url":"https:\/\/pro.blainebox.es\/it\/producto\/monstera-mini\/","url_meta":{"origin":45265,"position":4},"title":"Monstera Mini 38cm","author":"user","date":"02\/11\/2023","format":false,"excerpt":"\u00a1Dale un toque de exuberancia tropical a tu hogar con la Monstera Mini! Esta peque\u00f1a y encantadora planta es una versi\u00f3n compacta de la popular Monstera deliciosa, perfecta para espacios m\u00e1s reducidos o para aquellos que deseen disfrutar de su belleza en una escala m\u00e1s peque\u00f1a. Con sus hojas verdes\u2026","rel":"","context":"Articolo simile","block_context":{"text":"Articolo simile","link":""},"img":{"alt_text":"","src":"https:\/\/i0.wp.com\/pro.blainebox.es\/wp-content\/uploads\/2023\/11\/wp-image29865777397830.png?fit=1200%2C1200&ssl=1&resize=350%2C200","width":350,"height":200,"srcset":"https:\/\/i0.wp.com\/pro.blainebox.es\/wp-content\/uploads\/2023\/11\/wp-image29865777397830.png?fit=1200%2C1200&ssl=1&resize=350%2C200 1x, https:\/\/i0.wp.com\/pro.blainebox.es\/wp-content\/uploads\/2023\/11\/wp-image29865777397830.png?fit=1200%2C1200&ssl=1&resize=525%2C300 1.5x, https:\/\/i0.wp.com\/pro.blainebox.es\/wp-content\/uploads\/2023\/11\/wp-image29865777397830.png?fit=1200%2C1200&ssl=1&resize=700%2C400 2x, https:\/\/i0.wp.com\/pro.blainebox.es\/wp-content\/uploads\/2023\/11\/wp-image29865777397830.png?fit=1200%2C1200&ssl=1&resize=1050%2C600 3x"},"classes":[]},{"id":45119,"url":"https:\/\/pro.blainebox.es\/it\/producto\/monstera-tutor-160-cm-190-cm\/","url_meta":{"origin":45265,"position":5},"title":"Monstera Tutor 160 cm &#8211; 190 cm","author":"user","date":"02\/11\/2023","format":false,"excerpt":"","rel":"","context":"Articolo simile","block_context":{"text":"Articolo simile","link":""},"img":{"alt_text":"","src":"https:\/\/i0.wp.com\/pro.blainebox.es\/wp-content\/uploads\/2024\/05\/0032_1-MonsteraTutorExclusive-Foto1-NeutraBlanca_v2.webp?fit=800%2C800&ssl=1&resize=350%2C200","width":350,"height":200,"srcset":"https:\/\/i0.wp.com\/pro.blainebox.es\/wp-content\/uploads\/2024\/05\/0032_1-MonsteraTutorExclusive-Foto1-NeutraBlanca_v2.webp?fit=800%2C800&ssl=1&resize=350%2C200 1x, https:\/\/i0.wp.com\/pro.blainebox.es\/wp-content\/uploads\/2024\/05\/0032_1-MonsteraTutorExclusive-Foto1-NeutraBlanca_v2.webp?fit=800%2C800&ssl=1&resize=525%2C300 1.5x, https:\/\/i0.wp.com\/pro.blainebox.es\/wp-content\/uploads\/2024\/05\/0032_1-MonsteraTutorExclusive-Foto1-NeutraBlanca_v2.webp?fit=800%2C800&ssl=1&resize=700%2C400 2x"},"classes":[]}],"jetpack_sharing_enabled":true,"_links":{"self":[{"href":"https:\/\/pro.blainebox.es\/it\/wp-json\/wp\/v2\/product\/45265","targetHints":{"allow":["GET"]}}],"collection":[{"href":"https:\/\/pro.blainebox.es\/it\/wp-json\/wp\/v2\/product"}],"about":[{"href":"https:\/\/pro.blainebox.es\/it\/wp-json\/wp\/v2\/types\/product"}],"wp:featuredmedia":[{"embeddable":true,"href":"https:\/\/pro.blainebox.es\/it\/wp-json\/wp\/v2\/media\/19972"}],"wp:attachment":[{"href":"https:\/\/pro.blainebox.es\/it\/wp-json\/wp\/v2\/media?parent=45265"}],"wp:term":[{"taxonomy":"product_brand","embeddable":true,"href":"https:\/\/pro.blainebox.es\/it\/wp-json\/wp\/v2\/product_brand?post=45265"},{"taxonomy":"product_cat","embeddable":true,"href":"https:\/\/pro.blainebox.es\/it\/wp-json\/wp\/v2\/product_cat?post=45265"},{"taxonomy":"product_tag","embeddable":true,"href":"https:\/\/pro.blainebox.es\/it\/wp-json\/wp\/v2\/product_tag?post=45265"}],"curies":[{"name":"wp","href":"https:\/\/api.w.org\/{rel}","templated":true}]}}