{"id":45251,"date":"2024-10-17T08:13:51","date_gmt":"2024-10-17T07:13:51","guid":{"rendered":"https:\/\/pro.blainebox.es\/producto\/monstera-60-cm\/"},"modified":"2024-10-17T08:13:51","modified_gmt":"2024-10-17T07:13:51","slug":"monstera-60-cm","status":"publish","type":"product","link":"https:\/\/pro.blainebox.es\/it\/producto\/monstera-60-cm\/","title":{"rendered":"Monstera 60 cm"},"content":{"rendered":"","protected":false},"excerpt":{"rendered":"","protected":false},"featured_media":19975,"template":"","meta":{"_acf_changed":false,"content-type":""},"product_brand":[],"product_cat":[461,459,466],"product_tag":[],"class_list":{"0":"post-45251","1":"product","2":"type-product","3":"status-publish","4":"has-post-thumbnail","6":"product_cat-packs-plantas","7":"product_cat-packs-plantas-artificiales-y-preservadas","8":"product_cat-packs-plantas-monstera","10":"first","11":"instock","12":"sale","13":"taxable","14":"shipping-taxable","15":"purchasable","16":"product-type-simple"},"acf":[],"jetpack-related-posts":[{"id":17499,"url":"https:\/\/pro.blainebox.es\/it\/producto\/p-1512401\/","url_meta":{"origin":45251,"position":0},"title":"MONSTERA x 60 h. 190 cm. Verde.","author":"user","date":"29\/11\/2023","format":false,"excerpt":"","rel":"","context":"Articolo simile","block_context":{"text":"Articolo simile","link":""},"img":{"alt_text":"MONSTERA x 60 h. 190 cm. Verde.","src":"https:\/\/i0.wp.com\/pro.blainebox.es\/wp-content\/uploads\/2023\/11\/P.-0165-15-1.jpg?fit=418%2C591&ssl=1&resize=350%2C200","width":350,"height":200},"classes":[]},{"id":15065,"url":"https:\/\/pro.blainebox.es\/it\/producto\/y0795\/","url_meta":{"origin":45251,"position":1},"title":"MATA MONSTERA Y HELECHOS ARTIFICIAL 60CM","author":"user","date":"29\/11\/2023","format":false,"excerpt":"Altura cm: 60","rel":"","context":"Articolo simile","block_context":{"text":"Articolo simile","link":""},"img":{"alt_text":"","src":"https:\/\/i0.wp.com\/pro.blainebox.es\/wp-content\/uploads\/2023\/11\/product_template_33368-1.jpeg?fit=240%2C300&ssl=1&resize=350%2C200","width":350,"height":200},"classes":[]},{"id":44040,"url":"https:\/\/pro.blainebox.es\/it\/producto\/monstera\/","url_meta":{"origin":45251,"position":2},"title":"Monstera","author":"user","date":"30\/10\/2023","format":false,"excerpt":"Immergiti nella lussureggiante e affascinante foresta tropicale con la nostra Monstera Artificiale, un elemento decorativo straordinario che aggiunger\u00e0 un tocco di eleganza e natura al tuo spazio. Questa replica meticolosamente realizzata cattura l'essenza e la maestosit\u00e0 della Monstera reale, senza la necessit\u00e0 di preoccuparti delle cure e della manutenzione costanti.\u2026","rel":"","context":"Articolo simile","block_context":{"text":"Articolo simile","link":""},"img":{"alt_text":"","src":"https:\/\/i0.wp.com\/pro.blainebox.es\/wp-content\/uploads\/2023\/10\/0035_1-Monstera-Foto1-NeutraBlanca_V2-e1701352005345.webp?fit=959%2C1126&ssl=1&resize=350%2C200","width":350,"height":200,"srcset":"https:\/\/i0.wp.com\/pro.blainebox.es\/wp-content\/uploads\/2023\/10\/0035_1-Monstera-Foto1-NeutraBlanca_V2-e1701352005345.webp?fit=959%2C1126&ssl=1&resize=350%2C200 1x, https:\/\/i0.wp.com\/pro.blainebox.es\/wp-content\/uploads\/2023\/10\/0035_1-Monstera-Foto1-NeutraBlanca_V2-e1701352005345.webp?fit=959%2C1126&ssl=1&resize=525%2C300 1.5x, https:\/\/i0.wp.com\/pro.blainebox.es\/wp-content\/uploads\/2023\/10\/0035_1-Monstera-Foto1-NeutraBlanca_V2-e1701352005345.webp?fit=959%2C1126&ssl=1&resize=700%2C400 2x"},"classes":[]},{"id":45119,"url":"https:\/\/pro.blainebox.es\/it\/producto\/monstera-tutor-160-cm-190-cm\/","url_meta":{"origin":45251,"position":3},"title":"Monstera Tutor 160 cm &#8211; 190 cm","author":"user","date":"02\/11\/2023","format":false,"excerpt":"","rel":"","context":"Articolo simile","block_context":{"text":"Articolo simile","link":""},"img":{"alt_text":"","src":"https:\/\/i0.wp.com\/pro.blainebox.es\/wp-content\/uploads\/2024\/05\/0032_1-MonsteraTutorExclusive-Foto1-NeutraBlanca_v2.webp?fit=800%2C800&ssl=1&resize=350%2C200","width":350,"height":200,"srcset":"https:\/\/i0.wp.com\/pro.blainebox.es\/wp-content\/uploads\/2024\/05\/0032_1-MonsteraTutorExclusive-Foto1-NeutraBlanca_v2.webp?fit=800%2C800&ssl=1&resize=350%2C200 1x, https:\/\/i0.wp.com\/pro.blainebox.es\/wp-content\/uploads\/2024\/05\/0032_1-MonsteraTutorExclusive-Foto1-NeutraBlanca_v2.webp?fit=800%2C800&ssl=1&resize=525%2C300 1.5x, https:\/\/i0.wp.com\/pro.blainebox.es\/wp-content\/uploads\/2024\/05\/0032_1-MonsteraTutorExclusive-Foto1-NeutraBlanca_v2.webp?fit=800%2C800&ssl=1&resize=700%2C400 2x"},"classes":[]},{"id":45237,"url":"https:\/\/pro.blainebox.es\/it\/producto\/monstera-exclusive-115-cm\/","url_meta":{"origin":45251,"position":4},"title":"Monstera Exclusive 115 cm","author":"user","date":"17\/10\/2024","format":false,"excerpt":"","rel":"","context":"Articolo simile","block_context":{"text":"Articolo simile","link":""},"img":{"alt_text":"","src":"https:\/\/i0.wp.com\/pro.blainebox.es\/wp-content\/uploads\/2024\/05\/0034_1-MonsteraExclusive-Foto1-NeutraBlanca.webp?fit=800%2C800&ssl=1&resize=350%2C200","width":350,"height":200,"srcset":"https:\/\/i0.wp.com\/pro.blainebox.es\/wp-content\/uploads\/2024\/05\/0034_1-MonsteraExclusive-Foto1-NeutraBlanca.webp?fit=800%2C800&ssl=1&resize=350%2C200 1x, https:\/\/i0.wp.com\/pro.blainebox.es\/wp-content\/uploads\/2024\/05\/0034_1-MonsteraExclusive-Foto1-NeutraBlanca.webp?fit=800%2C800&ssl=1&resize=525%2C300 1.5x, https:\/\/i0.wp.com\/pro.blainebox.es\/wp-content\/uploads\/2024\/05\/0034_1-MonsteraExclusive-Foto1-NeutraBlanca.webp?fit=800%2C800&ssl=1&resize=700%2C400 2x"},"classes":[]},{"id":45256,"url":"https:\/\/pro.blainebox.es\/it\/producto\/monstera-aperta-120-cm\/","url_meta":{"origin":45251,"position":5},"title":"Monstera aperta 120 cm","author":"user","date":"17\/10\/2024","format":false,"excerpt":"","rel":"","context":"Articolo simile","block_context":{"text":"Articolo simile","link":""},"img":{"alt_text":"","src":"https:\/\/i0.wp.com\/pro.blainebox.es\/wp-content\/uploads\/2024\/06\/Monstera-abierta.png?fit=1000%2C1000&ssl=1&resize=350%2C200","width":350,"height":200,"srcset":"https:\/\/i0.wp.com\/pro.blainebox.es\/wp-content\/uploads\/2024\/06\/Monstera-abierta.png?fit=1000%2C1000&ssl=1&resize=350%2C200 1x, https:\/\/i0.wp.com\/pro.blainebox.es\/wp-content\/uploads\/2024\/06\/Monstera-abierta.png?fit=1000%2C1000&ssl=1&resize=525%2C300 1.5x, https:\/\/i0.wp.com\/pro.blainebox.es\/wp-content\/uploads\/2024\/06\/Monstera-abierta.png?fit=1000%2C1000&ssl=1&resize=700%2C400 2x"},"classes":[]}],"jetpack_sharing_enabled":true,"_links":{"self":[{"href":"https:\/\/pro.blainebox.es\/it\/wp-json\/wp\/v2\/product\/45251","targetHints":{"allow":["GET"]}}],"collection":[{"href":"https:\/\/pro.blainebox.es\/it\/wp-json\/wp\/v2\/product"}],"about":[{"href":"https:\/\/pro.blainebox.es\/it\/wp-json\/wp\/v2\/types\/product"}],"wp:featuredmedia":[{"embeddable":true,"href":"https:\/\/pro.blainebox.es\/it\/wp-json\/wp\/v2\/media\/19975"}],"wp:attachment":[{"href":"https:\/\/pro.blainebox.es\/it\/wp-json\/wp\/v2\/media?parent=45251"}],"wp:term":[{"taxonomy":"product_brand","embeddable":true,"href":"https:\/\/pro.blainebox.es\/it\/wp-json\/wp\/v2\/product_brand?post=45251"},{"taxonomy":"product_cat","embeddable":true,"href":"https:\/\/pro.blainebox.es\/it\/wp-json\/wp\/v2\/product_cat?post=45251"},{"taxonomy":"product_tag","embeddable":true,"href":"https:\/\/pro.blainebox.es\/it\/wp-json\/wp\/v2\/product_tag?post=45251"}],"curies":[{"name":"wp","href":"https:\/\/api.w.org\/{rel}","templated":true}]}}