{"id":45215,"date":"2023-11-29T22:54:55","date_gmt":"2023-11-29T21:54:55","guid":{"rendered":"https:\/\/pro.blainebox.es\/producto\/sanseveria-70cm\/"},"modified":"2023-11-29T22:54:55","modified_gmt":"2023-11-29T21:54:55","slug":"sanseveria-70cm","status":"publish","type":"product","link":"https:\/\/pro.blainebox.es\/it\/producto\/sanseveria-70cm\/","title":{"rendered":"Sanseveria 70cm"},"content":{"rendered":"<p>Altezza cm: 70<\/p>\n","protected":false},"excerpt":{"rendered":"<p>Altezza cm: 70<\/p>\n","protected":false},"featured_media":23808,"template":"","meta":{"_acf_changed":false,"content-type":""},"product_brand":[],"product_cat":[455,461,459,476,454],"product_tag":[],"class_list":{"0":"post-45215","1":"product","2":"type-product","3":"status-publish","4":"has-post-thumbnail","6":"product_cat-catalogo","7":"product_cat-packs-plantas","8":"product_cat-packs-plantas-artificiales-y-preservadas","9":"product_cat-packs-plantas-otros","10":"product_cat-plantas-pequenas","12":"first","13":"instock","14":"sale","15":"taxable","16":"shipping-taxable","17":"purchasable","18":"product-type-simple"},"acf":[],"jetpack-related-posts":[{"id":44044,"url":"https:\/\/pro.blainebox.es\/it\/producto\/mandorlo-bianco\/","url_meta":{"origin":45215,"position":0},"title":"Mandorlo bianco","author":"user","date":"30\/10\/2023","format":false,"excerpt":"Dai vita alla tua casa con la maestosit\u00e0 del mandorlo bianco artificiale. La nostra replica squisitamente dettagliata cattura con precisione l'essenza di questa splendida specie. I suoi rami accuratamente modellati e le sue foglie dall'aspetto realistico sono il complemento perfetto per qualsiasi spazio interno. *In alcuni casi, le immagini e\u2026","rel":"","context":"Articolo simile","block_context":{"text":"Articolo simile","link":""},"img":{"alt_text":"","src":"https:\/\/i0.wp.com\/pro.blainebox.es\/wp-content\/uploads\/2023\/10\/0053_1-Almendro-Foto1-NeutraBlanca-e1701351779809.webp?fit=730%2C1176&ssl=1&resize=350%2C200","width":350,"height":200,"srcset":"https:\/\/i0.wp.com\/pro.blainebox.es\/wp-content\/uploads\/2023\/10\/0053_1-Almendro-Foto1-NeutraBlanca-e1701351779809.webp?fit=730%2C1176&ssl=1&resize=350%2C200 1x, https:\/\/i0.wp.com\/pro.blainebox.es\/wp-content\/uploads\/2023\/10\/0053_1-Almendro-Foto1-NeutraBlanca-e1701351779809.webp?fit=730%2C1176&ssl=1&resize=525%2C300 1.5x, https:\/\/i0.wp.com\/pro.blainebox.es\/wp-content\/uploads\/2023\/10\/0053_1-Almendro-Foto1-NeutraBlanca-e1701351779809.webp?fit=730%2C1176&ssl=1&resize=700%2C400 2x"},"classes":[]},{"id":44040,"url":"https:\/\/pro.blainebox.es\/it\/producto\/monstera\/","url_meta":{"origin":45215,"position":1},"title":"Monstera","author":"user","date":"30\/10\/2023","format":false,"excerpt":"Immergiti nella lussureggiante e affascinante foresta tropicale con la nostra Monstera Artificiale, un elemento decorativo straordinario che aggiunger\u00e0 un tocco di eleganza e natura al tuo spazio. Questa replica meticolosamente realizzata cattura l'essenza e la maestosit\u00e0 della Monstera reale, senza la necessit\u00e0 di preoccuparti delle cure e della manutenzione costanti.\u2026","rel":"","context":"Articolo simile","block_context":{"text":"Articolo simile","link":""},"img":{"alt_text":"","src":"https:\/\/i0.wp.com\/pro.blainebox.es\/wp-content\/uploads\/2023\/10\/0035_1-Monstera-Foto1-NeutraBlanca_V2-e1701352005345.webp?fit=959%2C1126&ssl=1&resize=350%2C200","width":350,"height":200,"srcset":"https:\/\/i0.wp.com\/pro.blainebox.es\/wp-content\/uploads\/2023\/10\/0035_1-Monstera-Foto1-NeutraBlanca_V2-e1701352005345.webp?fit=959%2C1126&ssl=1&resize=350%2C200 1x, https:\/\/i0.wp.com\/pro.blainebox.es\/wp-content\/uploads\/2023\/10\/0035_1-Monstera-Foto1-NeutraBlanca_V2-e1701352005345.webp?fit=959%2C1126&ssl=1&resize=525%2C300 1.5x, https:\/\/i0.wp.com\/pro.blainebox.es\/wp-content\/uploads\/2023\/10\/0035_1-Monstera-Foto1-NeutraBlanca_V2-e1701352005345.webp?fit=959%2C1126&ssl=1&resize=700%2C400 2x"},"classes":[]},{"id":45170,"url":"https:\/\/pro.blainebox.es\/it\/producto\/yucca-fit\/","url_meta":{"origin":45215,"position":2},"title":"Yucca Fit","author":"user","date":"02\/11\/2023","format":false,"excerpt":"Appartiene alla famiglia delle Agavaceae ed \u00e8 originaria dell'isola del Madagascar, diventando oggi una delle piante pi\u00f9 comuni nell'arredamento d'interni. L'arredamento con le piante \u00e8 una necessit\u00e0 che ci connette con la natura, apportando innumerevoli benefici per le emozioni. MISURE Altezza 150 cm Larghezza 115 cm Altezza vaso 14 cm\u2026","rel":"","context":"Articolo simile","block_context":{"text":"Articolo simile","link":""},"img":{"alt_text":"","src":"https:\/\/i0.wp.com\/pro.blainebox.es\/wp-content\/uploads\/2023\/11\/wp-image51464768389446.png?fit=813%2C813&ssl=1&resize=350%2C200","width":350,"height":200,"srcset":"https:\/\/i0.wp.com\/pro.blainebox.es\/wp-content\/uploads\/2023\/11\/wp-image51464768389446.png?fit=813%2C813&ssl=1&resize=350%2C200 1x, https:\/\/i0.wp.com\/pro.blainebox.es\/wp-content\/uploads\/2023\/11\/wp-image51464768389446.png?fit=813%2C813&ssl=1&resize=525%2C300 1.5x, https:\/\/i0.wp.com\/pro.blainebox.es\/wp-content\/uploads\/2023\/11\/wp-image51464768389446.png?fit=813%2C813&ssl=1&resize=700%2C400 2x"},"classes":[]},{"id":45145,"url":"https:\/\/pro.blainebox.es\/it\/producto\/yucca\/","url_meta":{"origin":45215,"position":3},"title":"Yucca","author":"user","date":"02\/11\/2023","format":false,"excerpt":"\u00c8 una pianta arborea della famiglia delle Agavaceae, originaria dell'America Centrale. Nel suo habitat naturale pu\u00f2 raggiungere i 10 metri di altezza. La candidata ideale per dare un tocco di giungla alla tua casa, ma anche di sofisticazione grazie al portamento dei tronchi e alle sue foglie, riprodotte con una\u2026","rel":"","context":"Articolo simile","block_context":{"text":"Articolo simile","link":""},"img":{"alt_text":"","src":"https:\/\/i0.wp.com\/pro.blainebox.es\/wp-content\/uploads\/2024\/05\/0024_1-Yuca-Foto1-NeutraBlanco_V2.webp?fit=1200%2C1200&ssl=1&resize=350%2C200","width":350,"height":200,"srcset":"https:\/\/i0.wp.com\/pro.blainebox.es\/wp-content\/uploads\/2024\/05\/0024_1-Yuca-Foto1-NeutraBlanco_V2.webp?fit=1200%2C1200&ssl=1&resize=350%2C200 1x, https:\/\/i0.wp.com\/pro.blainebox.es\/wp-content\/uploads\/2024\/05\/0024_1-Yuca-Foto1-NeutraBlanco_V2.webp?fit=1200%2C1200&ssl=1&resize=525%2C300 1.5x, https:\/\/i0.wp.com\/pro.blainebox.es\/wp-content\/uploads\/2024\/05\/0024_1-Yuca-Foto1-NeutraBlanco_V2.webp?fit=1200%2C1200&ssl=1&resize=700%2C400 2x, https:\/\/i0.wp.com\/pro.blainebox.es\/wp-content\/uploads\/2024\/05\/0024_1-Yuca-Foto1-NeutraBlanco_V2.webp?fit=1200%2C1200&ssl=1&resize=1050%2C600 3x"},"classes":[]},{"id":49780,"url":"https:\/\/pro.blainebox.es\/it\/producto\/cervino-35mm\/","url_meta":{"origin":45215,"position":4},"title":"Cervino 35mm","author":"user","date":"13\/06\/2025","format":false,"excerpt":"Caratteristiche principali Altezza dell'erba: 35 mm (\u00b13%) Peso totale: 2.478 g\/m\u00b2 (\u00b15%) Contenuto del filato: UV Resistant (PE) + (PP) arricciato Decitex: 10.600 Dtex Galga: 3\/8 inch Punti\/ml: 175 (\u00b13) Punti\/m\u00b2: 18.375 Peso del filato: 1.508 g\/m\u00b2 (\u00b15%) Foro di drenaggio: \u00d8 5 mm Fori\/m\u00b2: 80-100 Permeabilit\u00e0: 1.600 - 1.800\u2026","rel":"","context":"Articolo simile","block_context":{"text":"Articolo simile","link":""},"img":{"alt_text":"","src":"https:\/\/i0.wp.com\/pro.blainebox.es\/wp-content\/uploads\/2025\/06\/UNIGRASS-35-C-INFO.jpg?fit=1080%2C1080&ssl=1&resize=350%2C200","width":350,"height":200,"srcset":"https:\/\/i0.wp.com\/pro.blainebox.es\/wp-content\/uploads\/2025\/06\/UNIGRASS-35-C-INFO.jpg?fit=1080%2C1080&ssl=1&resize=350%2C200 1x, https:\/\/i0.wp.com\/pro.blainebox.es\/wp-content\/uploads\/2025\/06\/UNIGRASS-35-C-INFO.jpg?fit=1080%2C1080&ssl=1&resize=525%2C300 1.5x, https:\/\/i0.wp.com\/pro.blainebox.es\/wp-content\/uploads\/2025\/06\/UNIGRASS-35-C-INFO.jpg?fit=1080%2C1080&ssl=1&resize=700%2C400 2x, https:\/\/i0.wp.com\/pro.blainebox.es\/wp-content\/uploads\/2025\/06\/UNIGRASS-35-C-INFO.jpg?fit=1080%2C1080&ssl=1&resize=1050%2C600 3x"},"classes":[]},{"id":49803,"url":"https:\/\/pro.blainebox.es\/it\/producto\/mont-blanc-47-mm\/","url_meta":{"origin":45215,"position":5},"title":"Mont Blanc 47 mm","author":"user","date":"13\/06\/2025","format":false,"excerpt":"Caratteristiche principali Altezza del manto erboso: 47 mm Altezza totale: 51 mm Peso del filato: 3.350 g\/m\u00b2 Materiale: Fibre resistenti ai raggi UV (PE + PP riccio) Drenaggio: Alta permeabilit\u00e0 di 3.600 L\/h\/m\u00b2 Uso consigliato: Giardinaggio, decorazione e paesaggistica Resistenza: Trattamento antimuffa testato Formato del rotolo: 2 m x 25\u2026","rel":"","context":"Articolo simile","block_context":{"text":"Articolo simile","link":""},"img":{"alt_text":"","src":"https:\/\/i0.wp.com\/pro.blainebox.es\/wp-content\/uploads\/2025\/06\/UNIGRASS-47-W-INFO.jpg?fit=1080%2C1080&ssl=1&resize=350%2C200","width":350,"height":200,"srcset":"https:\/\/i0.wp.com\/pro.blainebox.es\/wp-content\/uploads\/2025\/06\/UNIGRASS-47-W-INFO.jpg?fit=1080%2C1080&ssl=1&resize=350%2C200 1x, https:\/\/i0.wp.com\/pro.blainebox.es\/wp-content\/uploads\/2025\/06\/UNIGRASS-47-W-INFO.jpg?fit=1080%2C1080&ssl=1&resize=525%2C300 1.5x, https:\/\/i0.wp.com\/pro.blainebox.es\/wp-content\/uploads\/2025\/06\/UNIGRASS-47-W-INFO.jpg?fit=1080%2C1080&ssl=1&resize=700%2C400 2x, https:\/\/i0.wp.com\/pro.blainebox.es\/wp-content\/uploads\/2025\/06\/UNIGRASS-47-W-INFO.jpg?fit=1080%2C1080&ssl=1&resize=1050%2C600 3x"},"classes":[]}],"jetpack_sharing_enabled":true,"_links":{"self":[{"href":"https:\/\/pro.blainebox.es\/it\/wp-json\/wp\/v2\/product\/45215","targetHints":{"allow":["GET"]}}],"collection":[{"href":"https:\/\/pro.blainebox.es\/it\/wp-json\/wp\/v2\/product"}],"about":[{"href":"https:\/\/pro.blainebox.es\/it\/wp-json\/wp\/v2\/types\/product"}],"wp:featuredmedia":[{"embeddable":true,"href":"https:\/\/pro.blainebox.es\/it\/wp-json\/wp\/v2\/media\/23808"}],"wp:attachment":[{"href":"https:\/\/pro.blainebox.es\/it\/wp-json\/wp\/v2\/media?parent=45215"}],"wp:term":[{"taxonomy":"product_brand","embeddable":true,"href":"https:\/\/pro.blainebox.es\/it\/wp-json\/wp\/v2\/product_brand?post=45215"},{"taxonomy":"product_cat","embeddable":true,"href":"https:\/\/pro.blainebox.es\/it\/wp-json\/wp\/v2\/product_cat?post=45215"},{"taxonomy":"product_tag","embeddable":true,"href":"https:\/\/pro.blainebox.es\/it\/wp-json\/wp\/v2\/product_tag?post=45215"}],"curies":[{"name":"wp","href":"https:\/\/api.w.org\/{rel}","templated":true}]}}