{"id":45031,"date":"2023-11-02T14:10:46","date_gmt":"2023-11-02T13:10:46","guid":{"rendered":"https:\/\/pro.blainebox.es\/producto\/dieffenbachia-camila-40-cm\/"},"modified":"2023-11-02T14:10:46","modified_gmt":"2023-11-02T13:10:46","slug":"dieffenbachia-camila-40-cm","status":"publish","type":"product","link":"https:\/\/pro.blainebox.es\/it\/producto\/dieffenbachia-camila-40-cm\/","title":{"rendered":"Dieffenbachia Camila 40 cm"},"content":{"rendered":"","protected":false},"excerpt":{"rendered":"","protected":false},"featured_media":45041,"template":"","meta":{"_acf_changed":false,"content-type":""},"product_brand":[],"product_cat":[455,461,459,476,454],"product_tag":[],"class_list":{"0":"post-45031","1":"product","2":"type-product","3":"status-publish","4":"has-post-thumbnail","6":"product_cat-catalogo","7":"product_cat-packs-plantas","8":"product_cat-packs-plantas-artificiales-y-preservadas","9":"product_cat-packs-plantas-otros","10":"product_cat-plantas-pequenas","12":"first","13":"instock","14":"sale","15":"taxable","16":"shipping-taxable","17":"purchasable","18":"product-type-simple"},"acf":[],"jetpack-related-posts":[{"id":51598,"url":"https:\/\/pro.blainebox.es\/it\/producto\/albero-caffe-135-cm-155-cm\/","url_meta":{"origin":45031,"position":0},"title":"Albero Caff\u00e8 135 cm &#8211; 155 cm","author":"user","date":"31\/03\/2026","format":false,"excerpt":"","rel":"","context":"Articolo simile","block_context":{"text":"Articolo simile","link":""},"img":{"alt_text":"","src":"https:\/\/i0.wp.com\/pro.blainebox.es\/wp-content\/uploads\/2026\/03\/COFFETREE-155-FONDOBLANCO.jpg?fit=1000%2C1000&ssl=1&resize=350%2C200","width":350,"height":200,"srcset":"https:\/\/i0.wp.com\/pro.blainebox.es\/wp-content\/uploads\/2026\/03\/COFFETREE-155-FONDOBLANCO.jpg?fit=1000%2C1000&ssl=1&resize=350%2C200 1x, https:\/\/i0.wp.com\/pro.blainebox.es\/wp-content\/uploads\/2026\/03\/COFFETREE-155-FONDOBLANCO.jpg?fit=1000%2C1000&ssl=1&resize=525%2C300 1.5x, https:\/\/i0.wp.com\/pro.blainebox.es\/wp-content\/uploads\/2026\/03\/COFFETREE-155-FONDOBLANCO.jpg?fit=1000%2C1000&ssl=1&resize=700%2C400 2x"},"classes":[]},{"id":51567,"url":"https:\/\/pro.blainebox.es\/it\/producto\/ficus-silvestre-150-cm-180-cm\/","url_meta":{"origin":45031,"position":1},"title":"Ficus Silvestre 150 cm-180 cm","author":"user","date":"31\/03\/2026","format":false,"excerpt":"","rel":"","context":"Articolo simile","block_context":{"text":"Articolo simile","link":""},"img":{"alt_text":"","src":"https:\/\/i0.wp.com\/pro.blainebox.es\/wp-content\/uploads\/2026\/03\/FONDOBLANCO-FICUS.jpg?fit=1000%2C1000&ssl=1&resize=350%2C200","width":350,"height":200,"srcset":"https:\/\/i0.wp.com\/pro.blainebox.es\/wp-content\/uploads\/2026\/03\/FONDOBLANCO-FICUS.jpg?fit=1000%2C1000&ssl=1&resize=350%2C200 1x, https:\/\/i0.wp.com\/pro.blainebox.es\/wp-content\/uploads\/2026\/03\/FONDOBLANCO-FICUS.jpg?fit=1000%2C1000&ssl=1&resize=525%2C300 1.5x, https:\/\/i0.wp.com\/pro.blainebox.es\/wp-content\/uploads\/2026\/03\/FONDOBLANCO-FICUS.jpg?fit=1000%2C1000&ssl=1&resize=700%2C400 2x"},"classes":[]},{"id":51602,"url":"https:\/\/pro.blainebox.es\/it\/producto\/dracena-variegata-90-cm-150-cm\/","url_meta":{"origin":45031,"position":2},"title":"Dracena Variegata 90 cm &#8211; 150 cm","author":"user","date":"31\/03\/2026","format":false,"excerpt":"","rel":"","context":"Articolo simile","block_context":{"text":"Articolo simile","link":""},"img":{"alt_text":"","src":"https:\/\/i0.wp.com\/pro.blainebox.es\/wp-content\/uploads\/2026\/03\/DRACENAPLANT-150-FONDOBLANCO.jpg?fit=1000%2C1000&ssl=1&resize=350%2C200","width":350,"height":200,"srcset":"https:\/\/i0.wp.com\/pro.blainebox.es\/wp-content\/uploads\/2026\/03\/DRACENAPLANT-150-FONDOBLANCO.jpg?fit=1000%2C1000&ssl=1&resize=350%2C200 1x, https:\/\/i0.wp.com\/pro.blainebox.es\/wp-content\/uploads\/2026\/03\/DRACENAPLANT-150-FONDOBLANCO.jpg?fit=1000%2C1000&ssl=1&resize=525%2C300 1.5x, https:\/\/i0.wp.com\/pro.blainebox.es\/wp-content\/uploads\/2026\/03\/DRACENAPLANT-150-FONDOBLANCO.jpg?fit=1000%2C1000&ssl=1&resize=700%2C400 2x"},"classes":[]},{"id":51589,"url":"https:\/\/pro.blainebox.es\/it\/producto\/palma-amazzonica-160-cm-200-cm\/","url_meta":{"origin":45031,"position":3},"title":"Palma amazzonica 160 cm &#8211; 200 cm","author":"user","date":"31\/03\/2026","format":false,"excerpt":"","rel":"","context":"Articolo simile","block_context":{"text":"Articolo simile","link":""},"img":{"alt_text":"","src":"https:\/\/i0.wp.com\/pro.blainebox.es\/wp-content\/uploads\/2026\/03\/PALMERAAMAZONICA-FONDOBLANCO.jpg?fit=1000%2C1000&ssl=1&resize=350%2C200","width":350,"height":200,"srcset":"https:\/\/i0.wp.com\/pro.blainebox.es\/wp-content\/uploads\/2026\/03\/PALMERAAMAZONICA-FONDOBLANCO.jpg?fit=1000%2C1000&ssl=1&resize=350%2C200 1x, https:\/\/i0.wp.com\/pro.blainebox.es\/wp-content\/uploads\/2026\/03\/PALMERAAMAZONICA-FONDOBLANCO.jpg?fit=1000%2C1000&ssl=1&resize=525%2C300 1.5x, https:\/\/i0.wp.com\/pro.blainebox.es\/wp-content\/uploads\/2026\/03\/PALMERAAMAZONICA-FONDOBLANCO.jpg?fit=1000%2C1000&ssl=1&resize=700%2C400 2x"},"classes":[]},{"id":51560,"url":"https:\/\/pro.blainebox.es\/it\/producto\/ficus-buganvillea-selvatica-150-cm-180-cm\/","url_meta":{"origin":45031,"position":4},"title":"Ficus Buganvillea Selvatica 150 cm &#8211; 180 cm","author":"user","date":"31\/03\/2026","format":false,"excerpt":"","rel":"","context":"Articolo simile","block_context":{"text":"Articolo simile","link":""},"img":{"alt_text":"","src":"https:\/\/i0.wp.com\/pro.blainebox.es\/wp-content\/uploads\/2026\/03\/FICUSBUGANVILLADESMONTABLE-FONDOBLANCO.jpg?fit=1080%2C1080&ssl=1&resize=350%2C200","width":350,"height":200,"srcset":"https:\/\/i0.wp.com\/pro.blainebox.es\/wp-content\/uploads\/2026\/03\/FICUSBUGANVILLADESMONTABLE-FONDOBLANCO.jpg?fit=1080%2C1080&ssl=1&resize=350%2C200 1x, https:\/\/i0.wp.com\/pro.blainebox.es\/wp-content\/uploads\/2026\/03\/FICUSBUGANVILLADESMONTABLE-FONDOBLANCO.jpg?fit=1080%2C1080&ssl=1&resize=525%2C300 1.5x, https:\/\/i0.wp.com\/pro.blainebox.es\/wp-content\/uploads\/2026\/03\/FICUSBUGANVILLADESMONTABLE-FONDOBLANCO.jpg?fit=1080%2C1080&ssl=1&resize=700%2C400 2x, https:\/\/i0.wp.com\/pro.blainebox.es\/wp-content\/uploads\/2026\/03\/FICUSBUGANVILLADESMONTABLE-FONDOBLANCO.jpg?fit=1080%2C1080&ssl=1&resize=1050%2C600 3x"},"classes":[]},{"id":44040,"url":"https:\/\/pro.blainebox.es\/it\/producto\/monstera\/","url_meta":{"origin":45031,"position":5},"title":"Monstera","author":"user","date":"30\/10\/2023","format":false,"excerpt":"Immergiti nella lussureggiante e affascinante foresta tropicale con la nostra Monstera Artificiale, un elemento decorativo straordinario che aggiunger\u00e0 un tocco di eleganza e natura al tuo spazio. Questa replica meticolosamente realizzata cattura l'essenza e la maestosit\u00e0 della Monstera reale, senza la necessit\u00e0 di preoccuparti delle cure e della manutenzione costanti.\u2026","rel":"","context":"Articolo simile","block_context":{"text":"Articolo simile","link":""},"img":{"alt_text":"","src":"https:\/\/i0.wp.com\/pro.blainebox.es\/wp-content\/uploads\/2023\/10\/0035_1-Monstera-Foto1-NeutraBlanca_V2-e1701352005345.webp?fit=959%2C1126&ssl=1&resize=350%2C200","width":350,"height":200,"srcset":"https:\/\/i0.wp.com\/pro.blainebox.es\/wp-content\/uploads\/2023\/10\/0035_1-Monstera-Foto1-NeutraBlanca_V2-e1701352005345.webp?fit=959%2C1126&ssl=1&resize=350%2C200 1x, https:\/\/i0.wp.com\/pro.blainebox.es\/wp-content\/uploads\/2023\/10\/0035_1-Monstera-Foto1-NeutraBlanca_V2-e1701352005345.webp?fit=959%2C1126&ssl=1&resize=525%2C300 1.5x, https:\/\/i0.wp.com\/pro.blainebox.es\/wp-content\/uploads\/2023\/10\/0035_1-Monstera-Foto1-NeutraBlanca_V2-e1701352005345.webp?fit=959%2C1126&ssl=1&resize=700%2C400 2x"},"classes":[]}],"jetpack_sharing_enabled":true,"_links":{"self":[{"href":"https:\/\/pro.blainebox.es\/it\/wp-json\/wp\/v2\/product\/45031","targetHints":{"allow":["GET"]}}],"collection":[{"href":"https:\/\/pro.blainebox.es\/it\/wp-json\/wp\/v2\/product"}],"about":[{"href":"https:\/\/pro.blainebox.es\/it\/wp-json\/wp\/v2\/types\/product"}],"wp:featuredmedia":[{"embeddable":true,"href":"https:\/\/pro.blainebox.es\/it\/wp-json\/wp\/v2\/media\/45041"}],"wp:attachment":[{"href":"https:\/\/pro.blainebox.es\/it\/wp-json\/wp\/v2\/media?parent=45031"}],"wp:term":[{"taxonomy":"product_brand","embeddable":true,"href":"https:\/\/pro.blainebox.es\/it\/wp-json\/wp\/v2\/product_brand?post=45031"},{"taxonomy":"product_cat","embeddable":true,"href":"https:\/\/pro.blainebox.es\/it\/wp-json\/wp\/v2\/product_cat?post=45031"},{"taxonomy":"product_tag","embeddable":true,"href":"https:\/\/pro.blainebox.es\/it\/wp-json\/wp\/v2\/product_tag?post=45031"}],"curies":[{"name":"wp","href":"https:\/\/api.w.org\/{rel}","templated":true}]}}