{"id":44798,"date":"2024-10-17T08:13:06","date_gmt":"2024-10-17T07:13:06","guid":{"rendered":"https:\/\/pro.blainebox.es\/producto\/felci-extra\/"},"modified":"2026-04-16T00:48:04","modified_gmt":"2026-04-15T23:48:04","slug":"felci-extra","status":"publish","type":"product","link":"https:\/\/pro.blainebox.es\/it\/producto\/felci-extra\/","title":{"rendered":"Felci extra"},"content":{"rendered":"","protected":false},"excerpt":{"rendered":"","protected":false},"featured_media":43543,"template":"","meta":{"_acf_changed":false,"content-type":""},"product_brand":[],"product_cat":[496,445],"product_tag":[],"class_list":{"0":"post-44798","1":"product","2":"type-product","3":"status-publish","4":"has-post-thumbnail","6":"product_cat-packs-jardin-vertical","7":"product_cat-sin-categorizar","9":"first","10":"instock","11":"sale","12":"taxable","13":"shipping-taxable","14":"purchasable","15":"product-type-simple"},"acf":[],"jetpack-related-posts":[{"id":44754,"url":"https:\/\/pro.blainebox.es\/it\/producto\/felci\/","url_meta":{"origin":44798,"position":0},"title":"Felci","author":"user","date":"17\/10\/2024","format":false,"excerpt":"","rel":"","context":"Articolo simile","block_context":{"text":"Articolo simile","link":""},"img":{"alt_text":"","src":"https:\/\/i0.wp.com\/pro.blainebox.es\/wp-content\/uploads\/2024\/10\/01-Helechos-3D.jpg?fit=1080%2C1080&ssl=1&resize=350%2C200","width":350,"height":200,"srcset":"https:\/\/i0.wp.com\/pro.blainebox.es\/wp-content\/uploads\/2024\/10\/01-Helechos-3D.jpg?fit=1080%2C1080&ssl=1&resize=350%2C200 1x, https:\/\/i0.wp.com\/pro.blainebox.es\/wp-content\/uploads\/2024\/10\/01-Helechos-3D.jpg?fit=1080%2C1080&ssl=1&resize=525%2C300 1.5x, https:\/\/i0.wp.com\/pro.blainebox.es\/wp-content\/uploads\/2024\/10\/01-Helechos-3D.jpg?fit=1080%2C1080&ssl=1&resize=700%2C400 2x, https:\/\/i0.wp.com\/pro.blainebox.es\/wp-content\/uploads\/2024\/10\/01-Helechos-3D.jpg?fit=1080%2C1080&ssl=1&resize=1050%2C600 3x"},"classes":[]},{"id":22874,"url":"https:\/\/pro.blainebox.es\/producto\/helechos-extra\/","url_meta":{"origin":44798,"position":1},"title":"Helechos extra","author":"user","date":"17\/10\/2024","format":false,"excerpt":"","rel":"","context":"Articolo simile","block_context":{"text":"Articolo simile","link":""},"img":{"alt_text":"","src":"https:\/\/i0.wp.com\/pro.blainebox.es\/wp-content\/uploads\/2024\/09\/HELECHO-EXTRA.jpg?fit=1000%2C1000&ssl=1&resize=350%2C200","width":350,"height":200,"srcset":"https:\/\/i0.wp.com\/pro.blainebox.es\/wp-content\/uploads\/2024\/09\/HELECHO-EXTRA.jpg?fit=1000%2C1000&ssl=1&resize=350%2C200 1x, https:\/\/i0.wp.com\/pro.blainebox.es\/wp-content\/uploads\/2024\/09\/HELECHO-EXTRA.jpg?fit=1000%2C1000&ssl=1&resize=525%2C300 1.5x, https:\/\/i0.wp.com\/pro.blainebox.es\/wp-content\/uploads\/2024\/09\/HELECHO-EXTRA.jpg?fit=1000%2C1000&ssl=1&resize=700%2C400 2x"},"classes":[]},{"id":49683,"url":"https:\/\/pro.blainebox.es\/it\/producto\/rampicante-sant-jordi-extra\/","url_meta":{"origin":44798,"position":2},"title":"Rampicante Sant Jordi Extra","author":"user","date":"18\/02\/2026","format":false,"excerpt":"Composizione: - 14 rose - Nastro senyera - 200 g di spighe","rel":"","context":"Articolo simile","block_context":{"text":"Articolo simile","link":""},"img":{"alt_text":"","src":"https:\/\/i0.wp.com\/pro.blainebox.es\/wp-content\/uploads\/2026\/02\/CONTEXTO-SANT-JORDI-EXTRA-ARCO.jpg?fit=1200%2C1200&ssl=1&resize=350%2C200","width":350,"height":200,"srcset":"https:\/\/i0.wp.com\/pro.blainebox.es\/wp-content\/uploads\/2026\/02\/CONTEXTO-SANT-JORDI-EXTRA-ARCO.jpg?fit=1200%2C1200&ssl=1&resize=350%2C200 1x, https:\/\/i0.wp.com\/pro.blainebox.es\/wp-content\/uploads\/2026\/02\/CONTEXTO-SANT-JORDI-EXTRA-ARCO.jpg?fit=1200%2C1200&ssl=1&resize=525%2C300 1.5x, https:\/\/i0.wp.com\/pro.blainebox.es\/wp-content\/uploads\/2026\/02\/CONTEXTO-SANT-JORDI-EXTRA-ARCO.jpg?fit=1200%2C1200&ssl=1&resize=700%2C400 2x, https:\/\/i0.wp.com\/pro.blainebox.es\/wp-content\/uploads\/2026\/02\/CONTEXTO-SANT-JORDI-EXTRA-ARCO.jpg?fit=1200%2C1200&ssl=1&resize=1050%2C600 3x"},"classes":[]},{"id":48324,"url":"https:\/\/pro.blainebox.es\/producto\/enredadera-sant-jordi-extra\/","url_meta":{"origin":44798,"position":3},"title":"Enredadera Sant Jordi Extra","author":"user","date":"18\/02\/2026","format":false,"excerpt":"Composici\u00f3n: - 14 rosas - Cinta senyera - 200gr de espigas","rel":"","context":"Articolo simile","block_context":{"text":"Articolo simile","link":""},"img":{"alt_text":"","src":"https:\/\/i0.wp.com\/pro.blainebox.es\/wp-content\/uploads\/2026\/02\/CONTEXTO-SANT-JORDI-EXTRA-ARCO.jpg?fit=1200%2C1200&ssl=1&resize=350%2C200","width":350,"height":200,"srcset":"https:\/\/i0.wp.com\/pro.blainebox.es\/wp-content\/uploads\/2026\/02\/CONTEXTO-SANT-JORDI-EXTRA-ARCO.jpg?fit=1200%2C1200&ssl=1&resize=350%2C200 1x, https:\/\/i0.wp.com\/pro.blainebox.es\/wp-content\/uploads\/2026\/02\/CONTEXTO-SANT-JORDI-EXTRA-ARCO.jpg?fit=1200%2C1200&ssl=1&resize=525%2C300 1.5x, https:\/\/i0.wp.com\/pro.blainebox.es\/wp-content\/uploads\/2026\/02\/CONTEXTO-SANT-JORDI-EXTRA-ARCO.jpg?fit=1200%2C1200&ssl=1&resize=700%2C400 2x, https:\/\/i0.wp.com\/pro.blainebox.es\/wp-content\/uploads\/2026\/02\/CONTEXTO-SANT-JORDI-EXTRA-ARCO.jpg?fit=1200%2C1200&ssl=1&resize=1050%2C600 3x"},"classes":[]},{"id":16881,"url":"https:\/\/pro.blainebox.es\/it\/producto\/p-4205201\/","url_meta":{"origin":44798,"position":4},"title":"RAMA OLIVO EXTRA. 155 cm. Verde","author":"user","date":"29\/11\/2023","format":false,"excerpt":"","rel":"","context":"Articolo simile","block_context":{"text":"Articolo simile","link":""},"img":{"alt_text":"RAMA OLIVO EXTRA. 155 cm. Verde","src":"https:\/\/i0.wp.com\/pro.blainebox.es\/wp-content\/uploads\/2023\/11\/P.-0007-99-1.jpg?fit=418%2C591&ssl=1&resize=350%2C200","width":350,"height":200},"classes":[]},{"id":8252,"url":"https:\/\/pro.blainebox.es\/it\/producto\/orquidea-ceramica\/","url_meta":{"origin":44798,"position":5},"title":"Orqu\u00eddea Cer\u00e1mica","author":"user","date":"02\/11\/2023","format":false,"excerpt":"Acompa\u00f1ada con una elegante maceta de secci\u00f3n cuadrada de cer\u00e1mica blanca, combinar\u00e1 con la decoraci\u00f3n de cualquier estancia de tu hogar otorg\u00e1ndole un extra de elegancia y sofisticaci\u00f3n.\u00a0 Tanto sus flores, como el tallo, como las hojas de su parte baja, est\u00e1n hechas con materiales de primera que hacen que\u2026","rel":"","context":"Articolo simile","block_context":{"text":"Articolo simile","link":""},"img":{"alt_text":"","src":"https:\/\/i0.wp.com\/pro.blainebox.es\/wp-content\/uploads\/2023\/11\/wp-image29996979060806.png?fit=1200%2C1200&ssl=1&resize=350%2C200","width":350,"height":200,"srcset":"https:\/\/i0.wp.com\/pro.blainebox.es\/wp-content\/uploads\/2023\/11\/wp-image29996979060806.png?fit=1200%2C1200&ssl=1&resize=350%2C200 1x, https:\/\/i0.wp.com\/pro.blainebox.es\/wp-content\/uploads\/2023\/11\/wp-image29996979060806.png?fit=1200%2C1200&ssl=1&resize=525%2C300 1.5x, https:\/\/i0.wp.com\/pro.blainebox.es\/wp-content\/uploads\/2023\/11\/wp-image29996979060806.png?fit=1200%2C1200&ssl=1&resize=700%2C400 2x, https:\/\/i0.wp.com\/pro.blainebox.es\/wp-content\/uploads\/2023\/11\/wp-image29996979060806.png?fit=1200%2C1200&ssl=1&resize=1050%2C600 3x"},"classes":[]}],"jetpack_sharing_enabled":true,"_links":{"self":[{"href":"https:\/\/pro.blainebox.es\/it\/wp-json\/wp\/v2\/product\/44798","targetHints":{"allow":["GET"]}}],"collection":[{"href":"https:\/\/pro.blainebox.es\/it\/wp-json\/wp\/v2\/product"}],"about":[{"href":"https:\/\/pro.blainebox.es\/it\/wp-json\/wp\/v2\/types\/product"}],"wp:featuredmedia":[{"embeddable":true,"href":"https:\/\/pro.blainebox.es\/it\/wp-json\/wp\/v2\/media\/43543"}],"wp:attachment":[{"href":"https:\/\/pro.blainebox.es\/it\/wp-json\/wp\/v2\/media?parent=44798"}],"wp:term":[{"taxonomy":"product_brand","embeddable":true,"href":"https:\/\/pro.blainebox.es\/it\/wp-json\/wp\/v2\/product_brand?post=44798"},{"taxonomy":"product_cat","embeddable":true,"href":"https:\/\/pro.blainebox.es\/it\/wp-json\/wp\/v2\/product_cat?post=44798"},{"taxonomy":"product_tag","embeddable":true,"href":"https:\/\/pro.blainebox.es\/it\/wp-json\/wp\/v2\/product_tag?post=44798"}],"curies":[{"name":"wp","href":"https:\/\/api.w.org\/{rel}","templated":true}]}}