{"id":44659,"date":"2025-09-25T11:09:36","date_gmt":"2025-09-25T10:09:36","guid":{"rendered":"https:\/\/pro.blainebox.es\/producto\/santa\/"},"modified":"2025-09-25T11:09:36","modified_gmt":"2025-09-25T10:09:36","slug":"santa","status":"publish","type":"product","link":"https:\/\/pro.blainebox.es\/it\/producto\/santa\/","title":{"rendered":"Santa"},"content":{"rendered":"","protected":false},"excerpt":{"rendered":"<p><strong>Composizione per 9 m2 di giardino verticale.<\/strong><\/p>\n<p>Composizione:<\/p>\n<ul>\n<li>18 poinsettie<\/li>\n<li>6 pick berry<\/li>\n<li>2 pack salix natural<\/li>\n<li>6 pick pigne<\/li>\n<\/ul>\n","protected":false},"featured_media":41263,"template":"","meta":{"_acf_changed":false,"content-type":""},"product_brand":[],"product_cat":[491],"product_tag":[],"class_list":{"0":"post-44659","1":"product","2":"type-product","3":"status-publish","4":"has-post-thumbnail","6":"product_cat-jardin-vertical-navideno","8":"first","9":"instock","10":"sale","11":"taxable","12":"shipping-taxable","13":"purchasable","14":"product-type-simple"},"acf":[],"jetpack-related-posts":[{"id":44653,"url":"https:\/\/pro.blainebox.es\/it\/producto\/frosty\/","url_meta":{"origin":44659,"position":0},"title":"Frosty","author":"user","date":"25\/09\/2025","format":false,"excerpt":"Composizione per 1-4 m2 di giardino verticale Composizione: 4 poinsettie 1 confezione salix naturale 6 pick pigne","rel":"","context":"Articolo simile","block_context":{"text":"Articolo simile","link":""},"img":{"alt_text":"","src":"https:\/\/i0.wp.com\/pro.blainebox.es\/wp-content\/uploads\/2025\/09\/8-JARDIN-POINSETIAS-SALIX-PINAS.jpg?fit=1200%2C1199&ssl=1&resize=350%2C200","width":350,"height":200,"srcset":"https:\/\/i0.wp.com\/pro.blainebox.es\/wp-content\/uploads\/2025\/09\/8-JARDIN-POINSETIAS-SALIX-PINAS.jpg?fit=1200%2C1199&ssl=1&resize=350%2C200 1x, https:\/\/i0.wp.com\/pro.blainebox.es\/wp-content\/uploads\/2025\/09\/8-JARDIN-POINSETIAS-SALIX-PINAS.jpg?fit=1200%2C1199&ssl=1&resize=525%2C300 1.5x, https:\/\/i0.wp.com\/pro.blainebox.es\/wp-content\/uploads\/2025\/09\/8-JARDIN-POINSETIAS-SALIX-PINAS.jpg?fit=1200%2C1199&ssl=1&resize=700%2C400 2x, https:\/\/i0.wp.com\/pro.blainebox.es\/wp-content\/uploads\/2025\/09\/8-JARDIN-POINSETIAS-SALIX-PINAS.jpg?fit=1200%2C1199&ssl=1&resize=1050%2C600 3x"},"classes":[]},{"id":44621,"url":"https:\/\/pro.blainebox.es\/it\/producto\/reno\/","url_meta":{"origin":44659,"position":1},"title":"Reno","author":"user","date":"25\/09\/2025","format":false,"excerpt":"Composizione per 1 a 4 m2 di giardino verticale Composizione: 4 pick eucalipto oro 2 pack salix rosso 2 rami foglia autunnale","rel":"","context":"Articolo simile","block_context":{"text":"Articolo simile","link":""},"img":{"alt_text":"","src":"https:\/\/i0.wp.com\/pro.blainebox.es\/wp-content\/uploads\/2025\/09\/10-JARDIN-HOJAS-OTONO-BERRY-ORO-SALIX-ROJO.jpg?fit=1200%2C1200&ssl=1&resize=350%2C200","width":350,"height":200,"srcset":"https:\/\/i0.wp.com\/pro.blainebox.es\/wp-content\/uploads\/2025\/09\/10-JARDIN-HOJAS-OTONO-BERRY-ORO-SALIX-ROJO.jpg?fit=1200%2C1200&ssl=1&resize=350%2C200 1x, https:\/\/i0.wp.com\/pro.blainebox.es\/wp-content\/uploads\/2025\/09\/10-JARDIN-HOJAS-OTONO-BERRY-ORO-SALIX-ROJO.jpg?fit=1200%2C1200&ssl=1&resize=525%2C300 1.5x, https:\/\/i0.wp.com\/pro.blainebox.es\/wp-content\/uploads\/2025\/09\/10-JARDIN-HOJAS-OTONO-BERRY-ORO-SALIX-ROJO.jpg?fit=1200%2C1200&ssl=1&resize=700%2C400 2x, https:\/\/i0.wp.com\/pro.blainebox.es\/wp-content\/uploads\/2025\/09\/10-JARDIN-HOJAS-OTONO-BERRY-ORO-SALIX-ROJO.jpg?fit=1200%2C1200&ssl=1&resize=1050%2C600 3x"},"classes":[]},{"id":41248,"url":"https:\/\/pro.blainebox.es\/producto\/santa\/","url_meta":{"origin":44659,"position":2},"title":"Santa","author":"user","date":"25\/09\/2025","format":false,"excerpt":"Composici\u00f3n para 9 m2 de jard\u00edn vertical. Composici\u00f3n: 18 poinsetia 6 pick berry 2 pack salix natural 6 pick pi\u00f1as","rel":"","context":"Articolo simile","block_context":{"text":"Articolo simile","link":""},"img":{"alt_text":"","src":"https:\/\/i0.wp.com\/pro.blainebox.es\/wp-content\/uploads\/2025\/09\/7-JARDIN-POINSETIAS-SALIX-BERRY-ROJO-PINAS.jpg?fit=1200%2C1200&ssl=1&resize=350%2C200","width":350,"height":200,"srcset":"https:\/\/i0.wp.com\/pro.blainebox.es\/wp-content\/uploads\/2025\/09\/7-JARDIN-POINSETIAS-SALIX-BERRY-ROJO-PINAS.jpg?fit=1200%2C1200&ssl=1&resize=350%2C200 1x, https:\/\/i0.wp.com\/pro.blainebox.es\/wp-content\/uploads\/2025\/09\/7-JARDIN-POINSETIAS-SALIX-BERRY-ROJO-PINAS.jpg?fit=1200%2C1200&ssl=1&resize=525%2C300 1.5x, https:\/\/i0.wp.com\/pro.blainebox.es\/wp-content\/uploads\/2025\/09\/7-JARDIN-POINSETIAS-SALIX-BERRY-ROJO-PINAS.jpg?fit=1200%2C1200&ssl=1&resize=700%2C400 2x, https:\/\/i0.wp.com\/pro.blainebox.es\/wp-content\/uploads\/2025\/09\/7-JARDIN-POINSETIAS-SALIX-BERRY-ROJO-PINAS.jpg?fit=1200%2C1200&ssl=1&resize=1050%2C600 3x"},"classes":[]},{"id":44661,"url":"https:\/\/pro.blainebox.es\/it\/producto\/duende\/","url_meta":{"origin":44659,"position":3},"title":"Duende","author":"user","date":"25\/09\/2025","format":false,"excerpt":"Composizione per 9 m2 di giardino verticale. Composizione: 18 pick eucalipto oro 12 ramo di stelle di Natale","rel":"","context":"Articolo simile","block_context":{"text":"Articolo simile","link":""},"img":{"alt_text":"","src":"https:\/\/i0.wp.com\/pro.blainebox.es\/wp-content\/uploads\/2025\/09\/6-JARDIN-POINSETIAS-RAMO-EUCALIPTO.jpg?fit=1080%2C1079&ssl=1&resize=350%2C200","width":350,"height":200,"srcset":"https:\/\/i0.wp.com\/pro.blainebox.es\/wp-content\/uploads\/2025\/09\/6-JARDIN-POINSETIAS-RAMO-EUCALIPTO.jpg?fit=1080%2C1079&ssl=1&resize=350%2C200 1x, https:\/\/i0.wp.com\/pro.blainebox.es\/wp-content\/uploads\/2025\/09\/6-JARDIN-POINSETIAS-RAMO-EUCALIPTO.jpg?fit=1080%2C1079&ssl=1&resize=525%2C300 1.5x, https:\/\/i0.wp.com\/pro.blainebox.es\/wp-content\/uploads\/2025\/09\/6-JARDIN-POINSETIAS-RAMO-EUCALIPTO.jpg?fit=1080%2C1079&ssl=1&resize=700%2C400 2x, https:\/\/i0.wp.com\/pro.blainebox.es\/wp-content\/uploads\/2025\/09\/6-JARDIN-POINSETIAS-RAMO-EUCALIPTO.jpg?fit=1080%2C1079&ssl=1&resize=1050%2C600 3x"},"classes":[]},{"id":44643,"url":"https:\/\/pro.blainebox.es\/it\/producto\/claus\/","url_meta":{"origin":44659,"position":4},"title":"Claus","author":"user","date":"25\/09\/2025","format":false,"excerpt":"Composizione per 9 m2 di giardino verticale. Composizione: 6 rami di eucalipto oro 12 ramo di stelle di Natale Palle oro 2 confezioni di salix rosso","rel":"","context":"Articolo simile","block_context":{"text":"Articolo simile","link":""},"img":{"alt_text":"","src":"https:\/\/i0.wp.com\/pro.blainebox.es\/wp-content\/uploads\/2025\/09\/9-JARDIN-RAMOS-POINSETIAS-SALIX-BOLAS-ORO-EUCALIPTO.jpg?fit=1200%2C1199&ssl=1&resize=350%2C200","width":350,"height":200,"srcset":"https:\/\/i0.wp.com\/pro.blainebox.es\/wp-content\/uploads\/2025\/09\/9-JARDIN-RAMOS-POINSETIAS-SALIX-BOLAS-ORO-EUCALIPTO.jpg?fit=1200%2C1199&ssl=1&resize=350%2C200 1x, https:\/\/i0.wp.com\/pro.blainebox.es\/wp-content\/uploads\/2025\/09\/9-JARDIN-RAMOS-POINSETIAS-SALIX-BOLAS-ORO-EUCALIPTO.jpg?fit=1200%2C1199&ssl=1&resize=525%2C300 1.5x, https:\/\/i0.wp.com\/pro.blainebox.es\/wp-content\/uploads\/2025\/09\/9-JARDIN-RAMOS-POINSETIAS-SALIX-BOLAS-ORO-EUCALIPTO.jpg?fit=1200%2C1199&ssl=1&resize=700%2C400 2x, https:\/\/i0.wp.com\/pro.blainebox.es\/wp-content\/uploads\/2025\/09\/9-JARDIN-RAMOS-POINSETIAS-SALIX-BOLAS-ORO-EUCALIPTO.jpg?fit=1200%2C1199&ssl=1&resize=1050%2C600 3x"},"classes":[]},{"id":44644,"url":"https:\/\/pro.blainebox.es\/it\/producto\/elfo\/","url_meta":{"origin":44659,"position":5},"title":"Elfo","author":"user","date":"25\/09\/2025","format":false,"excerpt":"Composizione per giardino verticale da 1 a 4 m2 Composizione: 4 rami di poinsettia","rel":"","context":"Articolo simile","block_context":{"text":"Articolo simile","link":""},"img":{"alt_text":"","src":"https:\/\/i0.wp.com\/pro.blainebox.es\/wp-content\/uploads\/2025\/09\/3-JARDIN-RAMO-POINSETIAS.jpg?fit=1200%2C1199&ssl=1&resize=350%2C200","width":350,"height":200,"srcset":"https:\/\/i0.wp.com\/pro.blainebox.es\/wp-content\/uploads\/2025\/09\/3-JARDIN-RAMO-POINSETIAS.jpg?fit=1200%2C1199&ssl=1&resize=350%2C200 1x, https:\/\/i0.wp.com\/pro.blainebox.es\/wp-content\/uploads\/2025\/09\/3-JARDIN-RAMO-POINSETIAS.jpg?fit=1200%2C1199&ssl=1&resize=525%2C300 1.5x, https:\/\/i0.wp.com\/pro.blainebox.es\/wp-content\/uploads\/2025\/09\/3-JARDIN-RAMO-POINSETIAS.jpg?fit=1200%2C1199&ssl=1&resize=700%2C400 2x, https:\/\/i0.wp.com\/pro.blainebox.es\/wp-content\/uploads\/2025\/09\/3-JARDIN-RAMO-POINSETIAS.jpg?fit=1200%2C1199&ssl=1&resize=1050%2C600 3x"},"classes":[]}],"jetpack_sharing_enabled":true,"_links":{"self":[{"href":"https:\/\/pro.blainebox.es\/it\/wp-json\/wp\/v2\/product\/44659","targetHints":{"allow":["GET"]}}],"collection":[{"href":"https:\/\/pro.blainebox.es\/it\/wp-json\/wp\/v2\/product"}],"about":[{"href":"https:\/\/pro.blainebox.es\/it\/wp-json\/wp\/v2\/types\/product"}],"wp:featuredmedia":[{"embeddable":true,"href":"https:\/\/pro.blainebox.es\/it\/wp-json\/wp\/v2\/media\/41263"}],"wp:attachment":[{"href":"https:\/\/pro.blainebox.es\/it\/wp-json\/wp\/v2\/media?parent=44659"}],"wp:term":[{"taxonomy":"product_brand","embeddable":true,"href":"https:\/\/pro.blainebox.es\/it\/wp-json\/wp\/v2\/product_brand?post=44659"},{"taxonomy":"product_cat","embeddable":true,"href":"https:\/\/pro.blainebox.es\/it\/wp-json\/wp\/v2\/product_cat?post=44659"},{"taxonomy":"product_tag","embeddable":true,"href":"https:\/\/pro.blainebox.es\/it\/wp-json\/wp\/v2\/product_tag?post=44659"}],"curies":[{"name":"wp","href":"https:\/\/api.w.org\/{rel}","templated":true}]}}