{"id":23247,"date":"2024-10-17T08:14:04","date_gmt":"2024-10-17T07:14:04","guid":{"rendered":"https:\/\/pro.blainebox.es\/producto\/guirnalda-eucalipto-y-berries-190cm-x-20cm\/"},"modified":"2024-10-23T01:09:11","modified_gmt":"2024-10-23T00:09:11","slug":"guirnalda-eucalipto-y-berries-190cm-x-20cm","status":"publish","type":"product","link":"https:\/\/pro.blainebox.es\/it\/producto\/guirnalda-eucalipto-y-berries-190cm-x-20cm\/","title":{"rendered":"Guirnalda Eucalipto y Berries (190cm x 20cm)"},"content":{"rendered":"","protected":false},"excerpt":{"rendered":"","protected":false},"featured_media":22486,"template":"","meta":{"_acf_changed":false,"content-type":""},"product_brand":[],"product_cat":[186],"product_tag":[],"class_list":{"0":"post-23247","1":"product","2":"type-product","3":"status-publish","4":"has-post-thumbnail","6":"product_cat-packs-navidad","8":"first","9":"instock","10":"sale","11":"taxable","12":"shipping-taxable","13":"purchasable","14":"product-type-simple"},"acf":[],"jetpack-related-posts":[{"id":45145,"url":"https:\/\/pro.blainebox.es\/it\/producto\/yucca\/","url_meta":{"origin":23247,"position":0},"title":"Yucca","author":"user","date":"02\/11\/2023","format":false,"excerpt":"\u00c8 una pianta arborea della famiglia delle Agavaceae, originaria dell'America Centrale. Nel suo habitat naturale pu\u00f2 raggiungere i 10 metri di altezza. La candidata ideale per dare un tocco di giungla alla tua casa, ma anche di sofisticazione grazie al portamento dei tronchi e alle sue foglie, riprodotte con una\u2026","rel":"","context":"Articolo simile","block_context":{"text":"Articolo simile","link":""},"img":{"alt_text":"","src":"https:\/\/i0.wp.com\/pro.blainebox.es\/wp-content\/uploads\/2024\/05\/0024_1-Yuca-Foto1-NeutraBlanco_V2.webp?fit=1200%2C1200&ssl=1&resize=350%2C200","width":350,"height":200,"srcset":"https:\/\/i0.wp.com\/pro.blainebox.es\/wp-content\/uploads\/2024\/05\/0024_1-Yuca-Foto1-NeutraBlanco_V2.webp?fit=1200%2C1200&ssl=1&resize=350%2C200 1x, https:\/\/i0.wp.com\/pro.blainebox.es\/wp-content\/uploads\/2024\/05\/0024_1-Yuca-Foto1-NeutraBlanco_V2.webp?fit=1200%2C1200&ssl=1&resize=525%2C300 1.5x, https:\/\/i0.wp.com\/pro.blainebox.es\/wp-content\/uploads\/2024\/05\/0024_1-Yuca-Foto1-NeutraBlanco_V2.webp?fit=1200%2C1200&ssl=1&resize=700%2C400 2x, https:\/\/i0.wp.com\/pro.blainebox.es\/wp-content\/uploads\/2024\/05\/0024_1-Yuca-Foto1-NeutraBlanco_V2.webp?fit=1200%2C1200&ssl=1&resize=1050%2C600 3x"},"classes":[]},{"id":45170,"url":"https:\/\/pro.blainebox.es\/it\/producto\/yucca-fit\/","url_meta":{"origin":23247,"position":1},"title":"Yucca Fit","author":"user","date":"02\/11\/2023","format":false,"excerpt":"Appartiene alla famiglia delle Agavaceae ed \u00e8 originaria dell'isola del Madagascar, diventando oggi una delle piante pi\u00f9 comuni nell'arredamento d'interni. L'arredamento con le piante \u00e8 una necessit\u00e0 che ci connette con la natura, apportando innumerevoli benefici per le emozioni. MISURE Altezza 150 cm Larghezza 115 cm Altezza vaso 14 cm\u2026","rel":"","context":"Articolo simile","block_context":{"text":"Articolo simile","link":""},"img":{"alt_text":"","src":"https:\/\/i0.wp.com\/pro.blainebox.es\/wp-content\/uploads\/2023\/11\/wp-image51464768389446.png?fit=813%2C813&ssl=1&resize=350%2C200","width":350,"height":200,"srcset":"https:\/\/i0.wp.com\/pro.blainebox.es\/wp-content\/uploads\/2023\/11\/wp-image51464768389446.png?fit=813%2C813&ssl=1&resize=350%2C200 1x, https:\/\/i0.wp.com\/pro.blainebox.es\/wp-content\/uploads\/2023\/11\/wp-image51464768389446.png?fit=813%2C813&ssl=1&resize=525%2C300 1.5x, https:\/\/i0.wp.com\/pro.blainebox.es\/wp-content\/uploads\/2023\/11\/wp-image51464768389446.png?fit=813%2C813&ssl=1&resize=700%2C400 2x"},"classes":[]},{"id":51559,"url":"https:\/\/pro.blainebox.es\/it\/producto\/yuca-grass-90cm\/","url_meta":{"origin":23247,"position":2},"title":"Yuca Grass 90cm","author":"user","date":"31\/03\/2026","format":false,"excerpt":"","rel":"","context":"Articolo simile","block_context":{"text":"Articolo simile","link":""},"img":{"alt_text":"","src":"https:\/\/i0.wp.com\/pro.blainebox.es\/wp-content\/uploads\/2026\/03\/YUCAGRASS-90-FONDOBLANCO2.jpg?fit=1000%2C1000&ssl=1&resize=350%2C200","width":350,"height":200,"srcset":"https:\/\/i0.wp.com\/pro.blainebox.es\/wp-content\/uploads\/2026\/03\/YUCAGRASS-90-FONDOBLANCO2.jpg?fit=1000%2C1000&ssl=1&resize=350%2C200 1x, https:\/\/i0.wp.com\/pro.blainebox.es\/wp-content\/uploads\/2026\/03\/YUCAGRASS-90-FONDOBLANCO2.jpg?fit=1000%2C1000&ssl=1&resize=525%2C300 1.5x, https:\/\/i0.wp.com\/pro.blainebox.es\/wp-content\/uploads\/2026\/03\/YUCAGRASS-90-FONDOBLANCO2.jpg?fit=1000%2C1000&ssl=1&resize=700%2C400 2x"},"classes":[]},{"id":51594,"url":"https:\/\/pro.blainebox.es\/it\/producto\/yucca-giapponese-200-cm\/","url_meta":{"origin":23247,"position":3},"title":"Yucca giapponese 200 cm","author":"user","date":"31\/03\/2026","format":false,"excerpt":"","rel":"","context":"Articolo simile","block_context":{"text":"Articolo simile","link":""},"img":{"alt_text":"","src":"https:\/\/i0.wp.com\/pro.blainebox.es\/wp-content\/uploads\/2026\/03\/YUCAGRASS-200-FONDOBLANCO.jpg?fit=1000%2C1000&ssl=1&resize=350%2C200","width":350,"height":200,"srcset":"https:\/\/i0.wp.com\/pro.blainebox.es\/wp-content\/uploads\/2026\/03\/YUCAGRASS-200-FONDOBLANCO.jpg?fit=1000%2C1000&ssl=1&resize=350%2C200 1x, https:\/\/i0.wp.com\/pro.blainebox.es\/wp-content\/uploads\/2026\/03\/YUCAGRASS-200-FONDOBLANCO.jpg?fit=1000%2C1000&ssl=1&resize=525%2C300 1.5x, https:\/\/i0.wp.com\/pro.blainebox.es\/wp-content\/uploads\/2026\/03\/YUCAGRASS-200-FONDOBLANCO.jpg?fit=1000%2C1000&ssl=1&resize=700%2C400 2x"},"classes":[]},{"id":51565,"url":"https:\/\/pro.blainebox.es\/it\/producto\/graminacea-piume-marroni-110cm\/","url_meta":{"origin":23247,"position":4},"title":"Graminacea Piume Marroni 110cm","author":"user","date":"31\/03\/2026","format":false,"excerpt":"","rel":"","context":"Articolo simile","block_context":{"text":"Articolo simile","link":""},"img":{"alt_text":"","src":"https:\/\/i0.wp.com\/pro.blainebox.es\/wp-content\/uploads\/2026\/03\/REEDBONSAI-110-FONDOBLANCO2.jpg?fit=1000%2C1000&ssl=1&resize=350%2C200","width":350,"height":200,"srcset":"https:\/\/i0.wp.com\/pro.blainebox.es\/wp-content\/uploads\/2026\/03\/REEDBONSAI-110-FONDOBLANCO2.jpg?fit=1000%2C1000&ssl=1&resize=350%2C200 1x, https:\/\/i0.wp.com\/pro.blainebox.es\/wp-content\/uploads\/2026\/03\/REEDBONSAI-110-FONDOBLANCO2.jpg?fit=1000%2C1000&ssl=1&resize=525%2C300 1.5x, https:\/\/i0.wp.com\/pro.blainebox.es\/wp-content\/uploads\/2026\/03\/REEDBONSAI-110-FONDOBLANCO2.jpg?fit=1000%2C1000&ssl=1&resize=700%2C400 2x"},"classes":[]},{"id":51554,"url":"https:\/\/pro.blainebox.es\/it\/producto\/giglio-giapponese-120cm-180cm\/","url_meta":{"origin":23247,"position":5},"title":"Giglio Giapponese 120cm &#8211; 180cm","author":"user","date":"31\/03\/2026","format":false,"excerpt":"","rel":"","context":"Articolo simile","block_context":{"text":"Articolo simile","link":""},"img":{"alt_text":"","src":"https:\/\/i0.wp.com\/pro.blainebox.es\/wp-content\/uploads\/2026\/03\/PIERISPLANT-180-FONDOBLANCO.jpg?fit=1000%2C1000&ssl=1&resize=350%2C200","width":350,"height":200,"srcset":"https:\/\/i0.wp.com\/pro.blainebox.es\/wp-content\/uploads\/2026\/03\/PIERISPLANT-180-FONDOBLANCO.jpg?fit=1000%2C1000&ssl=1&resize=350%2C200 1x, https:\/\/i0.wp.com\/pro.blainebox.es\/wp-content\/uploads\/2026\/03\/PIERISPLANT-180-FONDOBLANCO.jpg?fit=1000%2C1000&ssl=1&resize=525%2C300 1.5x, https:\/\/i0.wp.com\/pro.blainebox.es\/wp-content\/uploads\/2026\/03\/PIERISPLANT-180-FONDOBLANCO.jpg?fit=1000%2C1000&ssl=1&resize=700%2C400 2x"},"classes":[]}],"jetpack_sharing_enabled":true,"_links":{"self":[{"href":"https:\/\/pro.blainebox.es\/it\/wp-json\/wp\/v2\/product\/23247","targetHints":{"allow":["GET"]}}],"collection":[{"href":"https:\/\/pro.blainebox.es\/it\/wp-json\/wp\/v2\/product"}],"about":[{"href":"https:\/\/pro.blainebox.es\/it\/wp-json\/wp\/v2\/types\/product"}],"wp:featuredmedia":[{"embeddable":true,"href":"https:\/\/pro.blainebox.es\/it\/wp-json\/wp\/v2\/media\/22486"}],"wp:attachment":[{"href":"https:\/\/pro.blainebox.es\/it\/wp-json\/wp\/v2\/media?parent=23247"}],"wp:term":[{"taxonomy":"product_brand","embeddable":true,"href":"https:\/\/pro.blainebox.es\/it\/wp-json\/wp\/v2\/product_brand?post=23247"},{"taxonomy":"product_cat","embeddable":true,"href":"https:\/\/pro.blainebox.es\/it\/wp-json\/wp\/v2\/product_cat?post=23247"},{"taxonomy":"product_tag","embeddable":true,"href":"https:\/\/pro.blainebox.es\/it\/wp-json\/wp\/v2\/product_tag?post=23247"}],"curies":[{"name":"wp","href":"https:\/\/api.w.org\/{rel}","templated":true}]}}