{"id":22837,"date":"2024-10-17T08:13:01","date_gmt":"2024-10-17T07:13:01","guid":{"rendered":"https:\/\/pro.blainebox.es\/producto\/tradescantia-verde-viva\/"},"modified":"2024-10-21T21:45:02","modified_gmt":"2024-10-21T20:45:02","slug":"tradescantia-verde-viva","status":"publish","type":"product","link":"https:\/\/pro.blainebox.es\/it\/producto\/tradescantia-verde-viva\/","title":{"rendered":"Tradescantia Verde Viva"},"content":{"rendered":"","protected":false},"excerpt":{"rendered":"","protected":false},"featured_media":21780,"template":"","meta":{"_acf_changed":false,"content-type":""},"product_brand":[],"product_cat":[188],"product_tag":[],"class_list":{"0":"post-22837","1":"product","2":"type-product","3":"status-publish","4":"has-post-thumbnail","6":"product_cat-packs-plantas-colgantes-individuales","8":"first","9":"instock","10":"sale","11":"taxable","12":"shipping-taxable","13":"purchasable","14":"product-type-simple"},"acf":[],"jetpack-related-posts":[{"id":17313,"url":"https:\/\/pro.blainebox.es\/it\/producto\/p-9217801\/","url_meta":{"origin":22837,"position":0},"title":"GUIRNALDA TRADESCANTIA. 182 cm. Verde.","author":"user","date":"29\/11\/2023","format":false,"excerpt":"","rel":"","context":"Articolo simile","block_context":{"text":"Articolo simile","link":""},"img":{"alt_text":"GUIRNALDA TRADESCANTIA. 182 cm. Verde.","src":"https:\/\/i0.wp.com\/pro.blainebox.es\/wp-content\/uploads\/2023\/11\/P.-0015-95-1.jpg?fit=418%2C591&ssl=1&resize=350%2C200","width":350,"height":200},"classes":[]},{"id":17466,"url":"https:\/\/pro.blainebox.es\/it\/producto\/p-2076901\/","url_meta":{"origin":22837,"position":1},"title":"COLG TRADESCANTIA x 18-547.130 cm. Verde","author":"user","date":"29\/11\/2023","format":false,"excerpt":"","rel":"","context":"Articolo simile","block_context":{"text":"Articolo simile","link":""},"img":{"alt_text":"COLG TRADESCANTIA x 18-547.130 cm. Verde","src":"https:\/\/i0.wp.com\/pro.blainebox.es\/wp-content\/uploads\/2023\/11\/P.-0016-05-1.jpg?fit=418%2C591&ssl=1&resize=350%2C200","width":350,"height":200},"classes":[]},{"id":17916,"url":"https:\/\/pro.blainebox.es\/it\/producto\/p-2950001\/","url_meta":{"origin":22837,"position":2},"title":"TRADESCANTIA x 12, 318 lvs. Verde.","author":"user","date":"29\/11\/2023","format":false,"excerpt":"","rel":"","context":"Articolo simile","block_context":{"text":"Articolo simile","link":""},"img":{"alt_text":"TRADESCANTIA x 12, 318 lvs. Verde.","src":"https:\/\/i0.wp.com\/pro.blainebox.es\/wp-content\/uploads\/2023\/11\/P.-0016-00-1.jpg?fit=418%2C591&ssl=1&resize=350%2C200","width":350,"height":200},"classes":[]},{"id":22839,"url":"https:\/\/pro.blainebox.es\/it\/producto\/tradescantia-morado-magico\/","url_meta":{"origin":22837,"position":3},"title":"Tradescantia Morado M\u00e1gico","author":"user","date":"17\/10\/2024","format":false,"excerpt":"","rel":"","context":"Articolo simile","block_context":{"text":"Articolo simile","link":""},"img":{"alt_text":"","src":"https:\/\/i0.wp.com\/pro.blainebox.es\/wp-content\/uploads\/2024\/07\/Tradescantia-Morado-Magico-50cm.jpg?fit=1000%2C1000&ssl=1&resize=350%2C200","width":350,"height":200,"srcset":"https:\/\/i0.wp.com\/pro.blainebox.es\/wp-content\/uploads\/2024\/07\/Tradescantia-Morado-Magico-50cm.jpg?fit=1000%2C1000&ssl=1&resize=350%2C200 1x, https:\/\/i0.wp.com\/pro.blainebox.es\/wp-content\/uploads\/2024\/07\/Tradescantia-Morado-Magico-50cm.jpg?fit=1000%2C1000&ssl=1&resize=525%2C300 1.5x, https:\/\/i0.wp.com\/pro.blainebox.es\/wp-content\/uploads\/2024\/07\/Tradescantia-Morado-Magico-50cm.jpg?fit=1000%2C1000&ssl=1&resize=700%2C400 2x"},"classes":[]},{"id":8456,"url":"https:\/\/pro.blainebox.es\/it\/producto\/tradescantia\/","url_meta":{"origin":22837,"position":4},"title":"Tradescantia","author":"user","date":"02\/11\/2023","format":false,"excerpt":"Tradescantia es un g\u00e9nero de plantas herb\u00e1ceas y perennes perteneciente a la familia de las commelin\u00e1ceas y originario del Nuevo Mundo. MEDIDAS Alto 32cm Ancho 20cm Alto maceta 8,5cm Di\u00e1metro maceta 10cm *En algunos casos, las im\u00e1genes y colores son meramente orientativos. Las medidas siempre son aproximadas a las que\u2026","rel":"","context":"Articolo simile","block_context":{"text":"Articolo simile","link":""},"img":{"alt_text":"","src":"https:\/\/i0.wp.com\/pro.blainebox.es\/wp-content\/uploads\/2023\/11\/wp-image29865865609286.png?fit=1200%2C1200&ssl=1&resize=350%2C200","width":350,"height":200,"srcset":"https:\/\/i0.wp.com\/pro.blainebox.es\/wp-content\/uploads\/2023\/11\/wp-image29865865609286.png?fit=1200%2C1200&ssl=1&resize=350%2C200 1x, https:\/\/i0.wp.com\/pro.blainebox.es\/wp-content\/uploads\/2023\/11\/wp-image29865865609286.png?fit=1200%2C1200&ssl=1&resize=525%2C300 1.5x, https:\/\/i0.wp.com\/pro.blainebox.es\/wp-content\/uploads\/2023\/11\/wp-image29865865609286.png?fit=1200%2C1200&ssl=1&resize=700%2C400 2x, https:\/\/i0.wp.com\/pro.blainebox.es\/wp-content\/uploads\/2023\/11\/wp-image29865865609286.png?fit=1200%2C1200&ssl=1&resize=1050%2C600 3x"},"classes":[]},{"id":12977,"url":"https:\/\/pro.blainebox.es\/it\/producto\/fh0168\/","url_meta":{"origin":22837,"position":5},"title":"PLANTA TRADESCANTIA ARTIFICIAL 28CM","author":"user","date":"29\/11\/2023","format":false,"excerpt":"Altura cm: 28","rel":"","context":"Articolo simile","block_context":{"text":"Articolo simile","link":""},"img":{"alt_text":"","src":"https:\/\/i0.wp.com\/pro.blainebox.es\/wp-content\/uploads\/2023\/11\/product_template_33813-1.jpeg?fit=240%2C300&ssl=1&resize=350%2C200","width":350,"height":200},"classes":[]}],"jetpack_sharing_enabled":true,"_links":{"self":[{"href":"https:\/\/pro.blainebox.es\/it\/wp-json\/wp\/v2\/product\/22837","targetHints":{"allow":["GET"]}}],"collection":[{"href":"https:\/\/pro.blainebox.es\/it\/wp-json\/wp\/v2\/product"}],"about":[{"href":"https:\/\/pro.blainebox.es\/it\/wp-json\/wp\/v2\/types\/product"}],"wp:featuredmedia":[{"embeddable":true,"href":"https:\/\/pro.blainebox.es\/it\/wp-json\/wp\/v2\/media\/21780"}],"wp:attachment":[{"href":"https:\/\/pro.blainebox.es\/it\/wp-json\/wp\/v2\/media?parent=22837"}],"wp:term":[{"taxonomy":"product_brand","embeddable":true,"href":"https:\/\/pro.blainebox.es\/it\/wp-json\/wp\/v2\/product_brand?post=22837"},{"taxonomy":"product_cat","embeddable":true,"href":"https:\/\/pro.blainebox.es\/it\/wp-json\/wp\/v2\/product_cat?post=22837"},{"taxonomy":"product_tag","embeddable":true,"href":"https:\/\/pro.blainebox.es\/it\/wp-json\/wp\/v2\/product_tag?post=22837"}],"curies":[{"name":"wp","href":"https:\/\/api.w.org\/{rel}","templated":true}]}}