{"id":22835,"date":"2024-10-17T08:13:01","date_gmt":"2024-10-17T07:13:01","guid":{"rendered":"https:\/\/pro.blainebox.es\/producto\/coleo-vibrante\/"},"modified":"2024-10-21T21:44:51","modified_gmt":"2024-10-21T20:44:51","slug":"coleo-vibrante","status":"publish","type":"product","link":"https:\/\/pro.blainebox.es\/it\/producto\/coleo-vibrante\/","title":{"rendered":"Coleo Vibrante"},"content":{"rendered":"","protected":false},"excerpt":{"rendered":"","protected":false},"featured_media":21782,"template":"","meta":{"_acf_changed":false,"content-type":""},"product_brand":[],"product_cat":[188],"product_tag":[],"class_list":{"0":"post-22835","1":"product","2":"type-product","3":"status-publish","4":"has-post-thumbnail","6":"product_cat-packs-plantas-colgantes-individuales","8":"first","9":"instock","10":"sale","11":"taxable","12":"shipping-taxable","13":"purchasable","14":"product-type-simple"},"acf":[],"jetpack-related-posts":[{"id":15023,"url":"https:\/\/pro.blainebox.es\/it\/producto\/km7019\/","url_meta":{"origin":22835,"position":0},"title":"PLANTA COLEO COLGANTE ARTIFICIAL 90CM","author":"user","date":"29\/11\/2023","format":false,"excerpt":"Altura cm: 90","rel":"","context":"Articolo simile","block_context":{"text":"Articolo simile","link":""},"img":{"alt_text":"","src":"https:\/\/i0.wp.com\/pro.blainebox.es\/wp-content\/uploads\/2023\/11\/product_template_30868-1.jpeg?fit=200%2C300&ssl=1&resize=350%2C200","width":350,"height":200},"classes":[]},{"id":16628,"url":"https:\/\/pro.blainebox.es\/it\/producto\/ks6017\/","url_meta":{"origin":22835,"position":1},"title":"PLANTA COLEO COLGANTE 60CM","author":"user","date":"29\/11\/2023","format":false,"excerpt":"Altura cm: 60","rel":"","context":"Articolo simile","block_context":{"text":"Articolo simile","link":""},"img":{"alt_text":"","src":"https:\/\/i0.wp.com\/pro.blainebox.es\/wp-content\/uploads\/2023\/11\/product_template_30874-1.jpeg?fit=240%2C300&ssl=1&resize=350%2C200","width":350,"height":200},"classes":[]},{"id":14504,"url":"https:\/\/pro.blainebox.es\/it\/producto\/ad0776m-bx2\/","url_meta":{"origin":22835,"position":2},"title":"MACETA COLEO ARTIFCIAL 25CM","author":"user","date":"29\/11\/2023","format":false,"excerpt":"Altura cm: 25","rel":"","context":"Articolo simile","block_context":{"text":"Articolo simile","link":""},"img":{"alt_text":"","src":"https:\/\/i0.wp.com\/pro.blainebox.es\/wp-content\/uploads\/2023\/11\/product_template_32940-1.jpeg?fit=240%2C300&ssl=1&resize=350%2C200","width":350,"height":200},"classes":[]},{"id":22828,"url":"https:\/\/pro.blainebox.es\/it\/producto\/hojas-colgantes-vibrantes\/","url_meta":{"origin":22835,"position":3},"title":"Hojas Colgantes Vibrantes","author":"user","date":"17\/10\/2024","format":false,"excerpt":"","rel":"","context":"Articolo simile","block_context":{"text":"Articolo simile","link":""},"img":{"alt_text":"","src":"https:\/\/i0.wp.com\/pro.blainebox.es\/wp-content\/uploads\/2024\/07\/Hojas-Colgantes-Vibrantes-70cm.jpg?fit=1000%2C1000&ssl=1&resize=350%2C200","width":350,"height":200,"srcset":"https:\/\/i0.wp.com\/pro.blainebox.es\/wp-content\/uploads\/2024\/07\/Hojas-Colgantes-Vibrantes-70cm.jpg?fit=1000%2C1000&ssl=1&resize=350%2C200 1x, https:\/\/i0.wp.com\/pro.blainebox.es\/wp-content\/uploads\/2024\/07\/Hojas-Colgantes-Vibrantes-70cm.jpg?fit=1000%2C1000&ssl=1&resize=525%2C300 1.5x, https:\/\/i0.wp.com\/pro.blainebox.es\/wp-content\/uploads\/2024\/07\/Hojas-Colgantes-Vibrantes-70cm.jpg?fit=1000%2C1000&ssl=1&resize=700%2C400 2x"},"classes":[]},{"id":7776,"url":"https:\/\/pro.blainebox.es\/it\/producto\/croton-jasa\/","url_meta":{"origin":22835,"position":4},"title":"Croton Jasa","author":"user","date":"02\/11\/2023","format":false,"excerpt":"A\u00f1ade un toque de color y elegancia a tu espacio con nuestro Croton Jasa Artificial de alta calidad. Esta impresionante r\u00e9plica captura la belleza exuberante y las hojas vibrantes del Croton Jasa real sin la necesidad de preocuparte por el mantenimiento o los cuidados especiales. Con una altura de\u00a0100 cent\u00edmetros,\u2026","rel":"","context":"Articolo simile","block_context":{"text":"Articolo simile","link":""},"img":{"alt_text":"","src":"https:\/\/i0.wp.com\/pro.blainebox.es\/wp-content\/uploads\/2023\/11\/wp-image51461062426950.png?fit=1200%2C1200&ssl=1&resize=350%2C200","width":350,"height":200,"srcset":"https:\/\/i0.wp.com\/pro.blainebox.es\/wp-content\/uploads\/2023\/11\/wp-image51461062426950.png?fit=1200%2C1200&ssl=1&resize=350%2C200 1x, https:\/\/i0.wp.com\/pro.blainebox.es\/wp-content\/uploads\/2023\/11\/wp-image51461062426950.png?fit=1200%2C1200&ssl=1&resize=525%2C300 1.5x, https:\/\/i0.wp.com\/pro.blainebox.es\/wp-content\/uploads\/2023\/11\/wp-image51461062426950.png?fit=1200%2C1200&ssl=1&resize=700%2C400 2x, https:\/\/i0.wp.com\/pro.blainebox.es\/wp-content\/uploads\/2023\/11\/wp-image51461062426950.png?fit=1200%2C1200&ssl=1&resize=1050%2C600 3x"},"classes":[]},{"id":7985,"url":"https:\/\/pro.blainebox.es\/it\/producto\/guirnalda-alocasia\/","url_meta":{"origin":22835,"position":5},"title":"Guirnalda Alocasia","author":"user","date":"02\/11\/2023","format":false,"excerpt":"D\u00e9jate envolver por la belleza ex\u00f3tica y el encanto tropical de nuestra Guirnalda de Alocasia Artificial, una pieza decorativa impresionante que a\u00f1adir\u00e1 un toque de elegancia y frescura a cualquier espacio. Esta guirnalda meticulosamente elaborada captura la esencia y la exuberancia de la Alocasia real, sin la necesidad de preocuparte\u2026","rel":"","context":"Articolo simile","block_context":{"text":"Articolo simile","link":""},"img":{"alt_text":"","src":"https:\/\/i0.wp.com\/pro.blainebox.es\/wp-content\/uploads\/2023\/11\/wp-image52582441582918.png?fit=1200%2C1200&ssl=1&resize=350%2C200","width":350,"height":200,"srcset":"https:\/\/i0.wp.com\/pro.blainebox.es\/wp-content\/uploads\/2023\/11\/wp-image52582441582918.png?fit=1200%2C1200&ssl=1&resize=350%2C200 1x, https:\/\/i0.wp.com\/pro.blainebox.es\/wp-content\/uploads\/2023\/11\/wp-image52582441582918.png?fit=1200%2C1200&ssl=1&resize=525%2C300 1.5x, https:\/\/i0.wp.com\/pro.blainebox.es\/wp-content\/uploads\/2023\/11\/wp-image52582441582918.png?fit=1200%2C1200&ssl=1&resize=700%2C400 2x, https:\/\/i0.wp.com\/pro.blainebox.es\/wp-content\/uploads\/2023\/11\/wp-image52582441582918.png?fit=1200%2C1200&ssl=1&resize=1050%2C600 3x"},"classes":[]}],"jetpack_sharing_enabled":true,"_links":{"self":[{"href":"https:\/\/pro.blainebox.es\/it\/wp-json\/wp\/v2\/product\/22835","targetHints":{"allow":["GET"]}}],"collection":[{"href":"https:\/\/pro.blainebox.es\/it\/wp-json\/wp\/v2\/product"}],"about":[{"href":"https:\/\/pro.blainebox.es\/it\/wp-json\/wp\/v2\/types\/product"}],"wp:featuredmedia":[{"embeddable":true,"href":"https:\/\/pro.blainebox.es\/it\/wp-json\/wp\/v2\/media\/21782"}],"wp:attachment":[{"href":"https:\/\/pro.blainebox.es\/it\/wp-json\/wp\/v2\/media?parent=22835"}],"wp:term":[{"taxonomy":"product_brand","embeddable":true,"href":"https:\/\/pro.blainebox.es\/it\/wp-json\/wp\/v2\/product_brand?post=22835"},{"taxonomy":"product_cat","embeddable":true,"href":"https:\/\/pro.blainebox.es\/it\/wp-json\/wp\/v2\/product_cat?post=22835"},{"taxonomy":"product_tag","embeddable":true,"href":"https:\/\/pro.blainebox.es\/it\/wp-json\/wp\/v2\/product_tag?post=22835"}],"curies":[{"name":"wp","href":"https:\/\/api.w.org\/{rel}","templated":true}]}}