{"id":22832,"date":"2024-10-17T08:13:00","date_gmt":"2024-10-17T07:13:00","guid":{"rendered":"https:\/\/pro.blainebox.es\/producto\/mezcla-de-hojas-y-helechos\/"},"modified":"2024-10-21T21:46:56","modified_gmt":"2024-10-21T20:46:56","slug":"mezcla-de-hojas-y-helechos","status":"publish","type":"product","link":"https:\/\/pro.blainebox.es\/it\/producto\/mezcla-de-hojas-y-helechos\/","title":{"rendered":"Mezcla de Hojas y Helechos"},"content":{"rendered":"","protected":false},"excerpt":{"rendered":"","protected":false},"featured_media":21785,"template":"","meta":{"_acf_changed":false,"content-type":""},"product_brand":[],"product_cat":[188],"product_tag":[],"class_list":{"0":"post-22832","1":"product","2":"type-product","3":"status-publish","4":"has-post-thumbnail","6":"product_cat-packs-plantas-colgantes-individuales","8":"first","9":"instock","10":"sale","11":"taxable","12":"shipping-taxable","13":"purchasable","14":"product-type-simple"},"acf":[],"jetpack-related-posts":[{"id":12710,"url":"https:\/\/pro.blainebox.es\/it\/producto\/y0811\/","url_meta":{"origin":22832,"position":0},"title":"HOJA HELECHO ARTIFICIAL 90CM","author":"user","date":"29\/11\/2023","format":false,"excerpt":"Altura cm: 90","rel":"","context":"Articolo simile","block_context":{"text":"Articolo simile","link":""},"img":{"alt_text":"","src":"https:\/\/i0.wp.com\/pro.blainebox.es\/wp-content\/uploads\/2023\/11\/product_template_33553-1.jpeg?fit=200%2C300&ssl=1&resize=350%2C200","width":350,"height":200},"classes":[]},{"id":15116,"url":"https:\/\/pro.blainebox.es\/it\/producto\/12388\/","url_meta":{"origin":22832,"position":1},"title":"HOJA DE HELECHO ARTIFICIAL 75CM","author":"user","date":"29\/11\/2023","format":false,"excerpt":"Altura cm: 75","rel":"","context":"Articolo simile","block_context":{"text":"Articolo simile","link":""},"img":{"alt_text":"","src":"https:\/\/i0.wp.com\/pro.blainebox.es\/wp-content\/uploads\/2023\/11\/product_template_32513-1.jpeg?fit=200%2C300&ssl=1&resize=350%2C200","width":350,"height":200},"classes":[]},{"id":13430,"url":"https:\/\/pro.blainebox.es\/it\/producto\/y0776-26\/","url_meta":{"origin":22832,"position":2},"title":"PLANTA COLGANTE HOJAS Y HELECHOS 80CM","author":"user","date":"29\/11\/2023","format":false,"excerpt":"Altura cm: 80","rel":"","context":"Articolo simile","block_context":{"text":"Articolo simile","link":""},"img":{"alt_text":"","src":"https:\/\/i0.wp.com\/pro.blainebox.es\/wp-content\/uploads\/2023\/11\/product_template_33335-1.jpeg?fit=200%2C300&ssl=1&resize=350%2C200","width":350,"height":200},"classes":[]},{"id":16622,"url":"https:\/\/pro.blainebox.es\/it\/producto\/y0397-13\/","url_meta":{"origin":22832,"position":3},"title":"MATA MINI HOJA HELECHOSA 35CM","author":"user","date":"29\/11\/2023","format":false,"excerpt":"Altura cm: 35","rel":"","context":"Articolo simile","block_context":{"text":"Articolo simile","link":""},"img":{"alt_text":"","src":"https:\/\/i0.wp.com\/pro.blainebox.es\/wp-content\/uploads\/2023\/11\/product_template_31997-1.jpeg?fit=240%2C300&ssl=1&resize=350%2C200","width":350,"height":200},"classes":[]},{"id":8011,"url":"https:\/\/pro.blainebox.es\/it\/producto\/helecho\/","url_meta":{"origin":22832,"position":4},"title":"Helecho","author":"user","date":"02\/11\/2023","format":false,"excerpt":"Disfruta de la frescura y la vida natural que aporta un Helecho con esta planta artificial. Hecho con materiales de alta calidad, esta elegante planta peque\u00f1a es perfecta para a\u00f1adir decoraci\u00f3n a diversas superficies y ambientes. Es la soluci\u00f3n perfecta para obtener un dise\u00f1o \u00fanico, sin los requerimientos de mantenimiento.\u2026","rel":"","context":"Articolo simile","block_context":{"text":"Articolo simile","link":""},"img":{"alt_text":"","src":"https:\/\/i0.wp.com\/pro.blainebox.es\/wp-content\/uploads\/2023\/11\/wp-image51461087822150.png?fit=1200%2C1200&ssl=1&resize=350%2C200","width":350,"height":200,"srcset":"https:\/\/i0.wp.com\/pro.blainebox.es\/wp-content\/uploads\/2023\/11\/wp-image51461087822150.png?fit=1200%2C1200&ssl=1&resize=350%2C200 1x, https:\/\/i0.wp.com\/pro.blainebox.es\/wp-content\/uploads\/2023\/11\/wp-image51461087822150.png?fit=1200%2C1200&ssl=1&resize=525%2C300 1.5x, https:\/\/i0.wp.com\/pro.blainebox.es\/wp-content\/uploads\/2023\/11\/wp-image51461087822150.png?fit=1200%2C1200&ssl=1&resize=700%2C400 2x, https:\/\/i0.wp.com\/pro.blainebox.es\/wp-content\/uploads\/2023\/11\/wp-image51461087822150.png?fit=1200%2C1200&ssl=1&resize=1050%2C600 3x"},"classes":[]},{"id":22844,"url":"https:\/\/pro.blainebox.es\/producto\/helechos\/","url_meta":{"origin":22832,"position":5},"title":"Helechos","author":"user","date":"17\/10\/2024","format":false,"excerpt":"","rel":"","context":"Articolo simile","block_context":{"text":"Articolo simile","link":""},"img":{"alt_text":"","src":"https:\/\/i0.wp.com\/pro.blainebox.es\/wp-content\/uploads\/2024\/10\/01-Helechos-3D.jpg?fit=1080%2C1080&ssl=1&resize=350%2C200","width":350,"height":200,"srcset":"https:\/\/i0.wp.com\/pro.blainebox.es\/wp-content\/uploads\/2024\/10\/01-Helechos-3D.jpg?fit=1080%2C1080&ssl=1&resize=350%2C200 1x, https:\/\/i0.wp.com\/pro.blainebox.es\/wp-content\/uploads\/2024\/10\/01-Helechos-3D.jpg?fit=1080%2C1080&ssl=1&resize=525%2C300 1.5x, https:\/\/i0.wp.com\/pro.blainebox.es\/wp-content\/uploads\/2024\/10\/01-Helechos-3D.jpg?fit=1080%2C1080&ssl=1&resize=700%2C400 2x, https:\/\/i0.wp.com\/pro.blainebox.es\/wp-content\/uploads\/2024\/10\/01-Helechos-3D.jpg?fit=1080%2C1080&ssl=1&resize=1050%2C600 3x"},"classes":[]}],"jetpack_sharing_enabled":true,"_links":{"self":[{"href":"https:\/\/pro.blainebox.es\/it\/wp-json\/wp\/v2\/product\/22832","targetHints":{"allow":["GET"]}}],"collection":[{"href":"https:\/\/pro.blainebox.es\/it\/wp-json\/wp\/v2\/product"}],"about":[{"href":"https:\/\/pro.blainebox.es\/it\/wp-json\/wp\/v2\/types\/product"}],"wp:featuredmedia":[{"embeddable":true,"href":"https:\/\/pro.blainebox.es\/it\/wp-json\/wp\/v2\/media\/21785"}],"wp:attachment":[{"href":"https:\/\/pro.blainebox.es\/it\/wp-json\/wp\/v2\/media?parent=22832"}],"wp:term":[{"taxonomy":"product_brand","embeddable":true,"href":"https:\/\/pro.blainebox.es\/it\/wp-json\/wp\/v2\/product_brand?post=22832"},{"taxonomy":"product_cat","embeddable":true,"href":"https:\/\/pro.blainebox.es\/it\/wp-json\/wp\/v2\/product_cat?post=22832"},{"taxonomy":"product_tag","embeddable":true,"href":"https:\/\/pro.blainebox.es\/it\/wp-json\/wp\/v2\/product_tag?post=22832"}],"curies":[{"name":"wp","href":"https:\/\/api.w.org\/{rel}","templated":true}]}}