{"id":22828,"date":"2024-10-17T08:13:00","date_gmt":"2024-10-17T07:13:00","guid":{"rendered":"https:\/\/pro.blainebox.es\/producto\/hojas-colgantes-vibrantes\/"},"modified":"2024-10-21T21:46:38","modified_gmt":"2024-10-21T20:46:38","slug":"hojas-colgantes-vibrantes","status":"publish","type":"product","link":"https:\/\/pro.blainebox.es\/it\/producto\/hojas-colgantes-vibrantes\/","title":{"rendered":"Hojas Colgantes Vibrantes"},"content":{"rendered":"","protected":false},"excerpt":{"rendered":"","protected":false},"featured_media":21788,"template":"","meta":{"_acf_changed":false,"content-type":""},"product_brand":[],"product_cat":[188],"product_tag":[],"class_list":{"0":"post-22828","1":"product","2":"type-product","3":"status-publish","4":"has-post-thumbnail","6":"product_cat-packs-plantas-colgantes-individuales","8":"first","9":"instock","10":"sale","11":"taxable","12":"shipping-taxable","13":"purchasable","14":"product-type-simple"},"acf":[],"jetpack-related-posts":[{"id":7897,"url":"https:\/\/pro.blainebox.es\/it\/producto\/eucalipto\/","url_meta":{"origin":22828,"position":0},"title":"Eucalipto","author":"user","date":"02\/11\/2023","format":false,"excerpt":"Agrega un toque de elegancia natural a tu hogar con nuestro Eucalipto Colgante Artificial de alta calidad. Esta r\u00e9plica meticulosamente elaborada captura la esencia y la belleza del eucalipto colgante real sin la necesidad de preocuparte por el mantenimiento constante. Cada rama de nuestro Eucalipto Colgante Artificial ha sido dise\u00f1ada\u2026","rel":"","context":"Articolo simile","block_context":{"text":"Articolo simile","link":""},"img":{"alt_text":"","src":"https:\/\/i0.wp.com\/pro.blainebox.es\/wp-content\/uploads\/2023\/11\/wp-image52582350881094.png?fit=1200%2C1200&ssl=1&resize=350%2C200","width":350,"height":200,"srcset":"https:\/\/i0.wp.com\/pro.blainebox.es\/wp-content\/uploads\/2023\/11\/wp-image52582350881094.png?fit=1200%2C1200&ssl=1&resize=350%2C200 1x, https:\/\/i0.wp.com\/pro.blainebox.es\/wp-content\/uploads\/2023\/11\/wp-image52582350881094.png?fit=1200%2C1200&ssl=1&resize=525%2C300 1.5x, https:\/\/i0.wp.com\/pro.blainebox.es\/wp-content\/uploads\/2023\/11\/wp-image52582350881094.png?fit=1200%2C1200&ssl=1&resize=700%2C400 2x, https:\/\/i0.wp.com\/pro.blainebox.es\/wp-content\/uploads\/2023\/11\/wp-image52582350881094.png?fit=1200%2C1200&ssl=1&resize=1050%2C600 3x"},"classes":[]},{"id":22835,"url":"https:\/\/pro.blainebox.es\/it\/producto\/coleo-vibrante\/","url_meta":{"origin":22828,"position":1},"title":"Coleo Vibrante","author":"user","date":"17\/10\/2024","format":false,"excerpt":"","rel":"","context":"Articolo simile","block_context":{"text":"Articolo simile","link":""},"img":{"alt_text":"","src":"https:\/\/i0.wp.com\/pro.blainebox.es\/wp-content\/uploads\/2024\/07\/Coleo-Vibrante-90cm.jpg?fit=1000%2C1000&ssl=1&resize=350%2C200","width":350,"height":200,"srcset":"https:\/\/i0.wp.com\/pro.blainebox.es\/wp-content\/uploads\/2024\/07\/Coleo-Vibrante-90cm.jpg?fit=1000%2C1000&ssl=1&resize=350%2C200 1x, https:\/\/i0.wp.com\/pro.blainebox.es\/wp-content\/uploads\/2024\/07\/Coleo-Vibrante-90cm.jpg?fit=1000%2C1000&ssl=1&resize=525%2C300 1.5x, https:\/\/i0.wp.com\/pro.blainebox.es\/wp-content\/uploads\/2024\/07\/Coleo-Vibrante-90cm.jpg?fit=1000%2C1000&ssl=1&resize=700%2C400 2x"},"classes":[]},{"id":4900,"url":"https:\/\/pro.blainebox.es\/it\/producto\/hojas-colgantes-artificial-70cm\/","url_meta":{"origin":22828,"position":2},"title":"HOJAS COLGANTES ARTIFICIAL 70CM","author":"user","date":"27\/02\/2023","format":false,"excerpt":"","rel":"","context":"Articolo simile","block_context":{"text":"Articolo simile","link":""},"img":{"alt_text":"","src":"","width":0,"height":0},"classes":[]},{"id":4973,"url":"https:\/\/pro.blainebox.es\/it\/producto\/colgante-hojas-x-5-91-cm-verde\/","url_meta":{"origin":22828,"position":3},"title":"COLGANTE HOJAS x 5. 91 cm. Verde.","author":"user","date":"27\/02\/2023","format":false,"excerpt":"","rel":"","context":"Articolo simile","block_context":{"text":"Articolo simile","link":""},"img":{"alt_text":"","src":"","width":0,"height":0},"classes":[]},{"id":7985,"url":"https:\/\/pro.blainebox.es\/it\/producto\/guirnalda-alocasia\/","url_meta":{"origin":22828,"position":4},"title":"Guirnalda Alocasia","author":"user","date":"02\/11\/2023","format":false,"excerpt":"D\u00e9jate envolver por la belleza ex\u00f3tica y el encanto tropical de nuestra Guirnalda de Alocasia Artificial, una pieza decorativa impresionante que a\u00f1adir\u00e1 un toque de elegancia y frescura a cualquier espacio. Esta guirnalda meticulosamente elaborada captura la esencia y la exuberancia de la Alocasia real, sin la necesidad de preocuparte\u2026","rel":"","context":"Articolo simile","block_context":{"text":"Articolo simile","link":""},"img":{"alt_text":"","src":"https:\/\/i0.wp.com\/pro.blainebox.es\/wp-content\/uploads\/2023\/11\/wp-image52582441582918.png?fit=1200%2C1200&ssl=1&resize=350%2C200","width":350,"height":200,"srcset":"https:\/\/i0.wp.com\/pro.blainebox.es\/wp-content\/uploads\/2023\/11\/wp-image52582441582918.png?fit=1200%2C1200&ssl=1&resize=350%2C200 1x, https:\/\/i0.wp.com\/pro.blainebox.es\/wp-content\/uploads\/2023\/11\/wp-image52582441582918.png?fit=1200%2C1200&ssl=1&resize=525%2C300 1.5x, https:\/\/i0.wp.com\/pro.blainebox.es\/wp-content\/uploads\/2023\/11\/wp-image52582441582918.png?fit=1200%2C1200&ssl=1&resize=700%2C400 2x, https:\/\/i0.wp.com\/pro.blainebox.es\/wp-content\/uploads\/2023\/11\/wp-image52582441582918.png?fit=1200%2C1200&ssl=1&resize=1050%2C600 3x"},"classes":[]},{"id":8002,"url":"https:\/\/pro.blainebox.es\/it\/producto\/guirnalda-monstera\/","url_meta":{"origin":22828,"position":5},"title":"Guirnalda Monstera","author":"user","date":"02\/11\/2023","format":false,"excerpt":"La reina de las plantas de interior, la candidata ideal para dar un toque de jungla a tu hogar. Descubre la elegancia tropical y la exuberancia natural de nuestra Guirnalda de Monstera Artificial, una pieza decorativa impresionante que a\u00f1adir\u00e1 un toque de frescura y estilo a cualquier espacio. Esta guirnalda\u2026","rel":"","context":"Articolo simile","block_context":{"text":"Articolo simile","link":""},"img":{"alt_text":"","src":"https:\/\/i0.wp.com\/pro.blainebox.es\/wp-content\/uploads\/2023\/11\/wp-image29725929078854.png?fit=1200%2C1200&ssl=1&resize=350%2C200","width":350,"height":200,"srcset":"https:\/\/i0.wp.com\/pro.blainebox.es\/wp-content\/uploads\/2023\/11\/wp-image29725929078854.png?fit=1200%2C1200&ssl=1&resize=350%2C200 1x, https:\/\/i0.wp.com\/pro.blainebox.es\/wp-content\/uploads\/2023\/11\/wp-image29725929078854.png?fit=1200%2C1200&ssl=1&resize=525%2C300 1.5x, https:\/\/i0.wp.com\/pro.blainebox.es\/wp-content\/uploads\/2023\/11\/wp-image29725929078854.png?fit=1200%2C1200&ssl=1&resize=700%2C400 2x, https:\/\/i0.wp.com\/pro.blainebox.es\/wp-content\/uploads\/2023\/11\/wp-image29725929078854.png?fit=1200%2C1200&ssl=1&resize=1050%2C600 3x"},"classes":[]}],"jetpack_sharing_enabled":true,"_links":{"self":[{"href":"https:\/\/pro.blainebox.es\/it\/wp-json\/wp\/v2\/product\/22828","targetHints":{"allow":["GET"]}}],"collection":[{"href":"https:\/\/pro.blainebox.es\/it\/wp-json\/wp\/v2\/product"}],"about":[{"href":"https:\/\/pro.blainebox.es\/it\/wp-json\/wp\/v2\/types\/product"}],"wp:featuredmedia":[{"embeddable":true,"href":"https:\/\/pro.blainebox.es\/it\/wp-json\/wp\/v2\/media\/21788"}],"wp:attachment":[{"href":"https:\/\/pro.blainebox.es\/it\/wp-json\/wp\/v2\/media?parent=22828"}],"wp:term":[{"taxonomy":"product_brand","embeddable":true,"href":"https:\/\/pro.blainebox.es\/it\/wp-json\/wp\/v2\/product_brand?post=22828"},{"taxonomy":"product_cat","embeddable":true,"href":"https:\/\/pro.blainebox.es\/it\/wp-json\/wp\/v2\/product_cat?post=22828"},{"taxonomy":"product_tag","embeddable":true,"href":"https:\/\/pro.blainebox.es\/it\/wp-json\/wp\/v2\/product_tag?post=22828"}],"curies":[{"name":"wp","href":"https:\/\/api.w.org\/{rel}","templated":true}]}}