{"id":22827,"date":"2024-10-17T08:13:00","date_gmt":"2024-10-17T07:13:00","guid":{"rendered":"https:\/\/pro.blainebox.es\/producto\/brotes-colgantes-frescura-2\/"},"modified":"2024-10-21T21:46:03","modified_gmt":"2024-10-21T20:46:03","slug":"brotes-colgantes-frescura-2","status":"publish","type":"product","link":"https:\/\/pro.blainebox.es\/it\/producto\/brotes-colgantes-frescura-2\/","title":{"rendered":"Brotes Colgantes Frescura 2"},"content":{"rendered":"","protected":false},"excerpt":{"rendered":"","protected":false},"featured_media":21775,"template":"","meta":{"_acf_changed":false,"content-type":""},"product_brand":[],"product_cat":[188],"product_tag":[],"class_list":{"0":"post-22827","1":"product","2":"type-product","3":"status-publish","4":"has-post-thumbnail","6":"product_cat-packs-plantas-colgantes-individuales","8":"first","9":"instock","10":"sale","11":"taxable","12":"shipping-taxable","13":"purchasable","14":"product-type-simple"},"acf":[],"jetpack-related-posts":[{"id":22826,"url":"https:\/\/pro.blainebox.es\/it\/producto\/brotes-colgantes-frescura\/","url_meta":{"origin":22827,"position":0},"title":"Brotes Colgantes Frescura","author":"user","date":"17\/10\/2024","format":false,"excerpt":"","rel":"","context":"Articolo simile","block_context":{"text":"Articolo simile","link":""},"img":{"alt_text":"","src":"https:\/\/i0.wp.com\/pro.blainebox.es\/wp-content\/uploads\/2024\/07\/Brotes-Colgantes-Frescura-70cm-FH0074.45.jpg?fit=1000%2C1000&ssl=1&resize=350%2C200","width":350,"height":200,"srcset":"https:\/\/i0.wp.com\/pro.blainebox.es\/wp-content\/uploads\/2024\/07\/Brotes-Colgantes-Frescura-70cm-FH0074.45.jpg?fit=1000%2C1000&ssl=1&resize=350%2C200 1x, https:\/\/i0.wp.com\/pro.blainebox.es\/wp-content\/uploads\/2024\/07\/Brotes-Colgantes-Frescura-70cm-FH0074.45.jpg?fit=1000%2C1000&ssl=1&resize=525%2C300 1.5x, https:\/\/i0.wp.com\/pro.blainebox.es\/wp-content\/uploads\/2024\/07\/Brotes-Colgantes-Frescura-70cm-FH0074.45.jpg?fit=1000%2C1000&ssl=1&resize=700%2C400 2x"},"classes":[]},{"id":4899,"url":"https:\/\/pro.blainebox.es\/producto\/brotes-colgantes-artificial-70cm\/","url_meta":{"origin":22827,"position":1},"title":"BROTES COLGANTES ARTIFICIAL 70CM","author":"user","date":"27\/02\/2023","format":false,"excerpt":"","rel":"","context":"Articolo simile","block_context":{"text":"Articolo simile","link":""},"img":{"alt_text":"","src":"","width":0,"height":0},"classes":[]},{"id":16514,"url":"https:\/\/pro.blainebox.es\/it\/producto\/fh0074-10\/","url_meta":{"origin":22827,"position":2},"title":"BROTES COLGANTES ARTIFICIAL 70CM","author":"user","date":"29\/11\/2023","format":false,"excerpt":"Altura cm: 70","rel":"","context":"Articolo simile","block_context":{"text":"Articolo simile","link":""},"img":{"alt_text":"","src":"https:\/\/i0.wp.com\/pro.blainebox.es\/wp-content\/uploads\/2023\/11\/product_template_33429-1.jpeg?fit=300%2C300&ssl=1&resize=350%2C200","width":350,"height":200},"classes":[]},{"id":13181,"url":"https:\/\/pro.blainebox.es\/it\/producto\/fh0102\/","url_meta":{"origin":22827,"position":3},"title":"HELECHO CON BROTES ARTIFICIAL 110CM","author":"user","date":"29\/11\/2023","format":false,"excerpt":"Altura cm: 110","rel":"","context":"Articolo simile","block_context":{"text":"Articolo simile","link":""},"img":{"alt_text":"","src":"https:\/\/i0.wp.com\/pro.blainebox.es\/wp-content\/uploads\/2023\/11\/product_template_33535-1.jpeg?fit=300%2C300&ssl=1&resize=350%2C200","width":350,"height":200},"classes":[]},{"id":22870,"url":"https:\/\/pro.blainebox.es\/producto\/brotes\/","url_meta":{"origin":22827,"position":4},"title":"Brotes","author":"user","date":"17\/10\/2024","format":false,"excerpt":"","rel":"","context":"Articolo simile","block_context":{"text":"Articolo simile","link":""},"img":{"alt_text":"","src":"https:\/\/i0.wp.com\/pro.blainebox.es\/wp-content\/uploads\/2024\/09\/BROTES.jpg?fit=1000%2C1000&ssl=1&resize=350%2C200","width":350,"height":200,"srcset":"https:\/\/i0.wp.com\/pro.blainebox.es\/wp-content\/uploads\/2024\/09\/BROTES.jpg?fit=1000%2C1000&ssl=1&resize=350%2C200 1x, https:\/\/i0.wp.com\/pro.blainebox.es\/wp-content\/uploads\/2024\/09\/BROTES.jpg?fit=1000%2C1000&ssl=1&resize=525%2C300 1.5x, https:\/\/i0.wp.com\/pro.blainebox.es\/wp-content\/uploads\/2024\/09\/BROTES.jpg?fit=1000%2C1000&ssl=1&resize=700%2C400 2x"},"classes":[]},{"id":7985,"url":"https:\/\/pro.blainebox.es\/it\/producto\/guirnalda-alocasia\/","url_meta":{"origin":22827,"position":5},"title":"Guirnalda Alocasia","author":"user","date":"02\/11\/2023","format":false,"excerpt":"D\u00e9jate envolver por la belleza ex\u00f3tica y el encanto tropical de nuestra Guirnalda de Alocasia Artificial, una pieza decorativa impresionante que a\u00f1adir\u00e1 un toque de elegancia y frescura a cualquier espacio. Esta guirnalda meticulosamente elaborada captura la esencia y la exuberancia de la Alocasia real, sin la necesidad de preocuparte\u2026","rel":"","context":"Articolo simile","block_context":{"text":"Articolo simile","link":""},"img":{"alt_text":"","src":"https:\/\/i0.wp.com\/pro.blainebox.es\/wp-content\/uploads\/2023\/11\/wp-image52582441582918.png?fit=1200%2C1200&ssl=1&resize=350%2C200","width":350,"height":200,"srcset":"https:\/\/i0.wp.com\/pro.blainebox.es\/wp-content\/uploads\/2023\/11\/wp-image52582441582918.png?fit=1200%2C1200&ssl=1&resize=350%2C200 1x, https:\/\/i0.wp.com\/pro.blainebox.es\/wp-content\/uploads\/2023\/11\/wp-image52582441582918.png?fit=1200%2C1200&ssl=1&resize=525%2C300 1.5x, https:\/\/i0.wp.com\/pro.blainebox.es\/wp-content\/uploads\/2023\/11\/wp-image52582441582918.png?fit=1200%2C1200&ssl=1&resize=700%2C400 2x, https:\/\/i0.wp.com\/pro.blainebox.es\/wp-content\/uploads\/2023\/11\/wp-image52582441582918.png?fit=1200%2C1200&ssl=1&resize=1050%2C600 3x"},"classes":[]}],"jetpack_sharing_enabled":true,"_links":{"self":[{"href":"https:\/\/pro.blainebox.es\/it\/wp-json\/wp\/v2\/product\/22827","targetHints":{"allow":["GET"]}}],"collection":[{"href":"https:\/\/pro.blainebox.es\/it\/wp-json\/wp\/v2\/product"}],"about":[{"href":"https:\/\/pro.blainebox.es\/it\/wp-json\/wp\/v2\/types\/product"}],"wp:featuredmedia":[{"embeddable":true,"href":"https:\/\/pro.blainebox.es\/it\/wp-json\/wp\/v2\/media\/21775"}],"wp:attachment":[{"href":"https:\/\/pro.blainebox.es\/it\/wp-json\/wp\/v2\/media?parent=22827"}],"wp:term":[{"taxonomy":"product_brand","embeddable":true,"href":"https:\/\/pro.blainebox.es\/it\/wp-json\/wp\/v2\/product_brand?post=22827"},{"taxonomy":"product_cat","embeddable":true,"href":"https:\/\/pro.blainebox.es\/it\/wp-json\/wp\/v2\/product_cat?post=22827"},{"taxonomy":"product_tag","embeddable":true,"href":"https:\/\/pro.blainebox.es\/it\/wp-json\/wp\/v2\/product_tag?post=22827"}],"curies":[{"name":"wp","href":"https:\/\/api.w.org\/{rel}","templated":true}]}}