{"id":22823,"date":"2024-10-17T08:12:59","date_gmt":"2024-10-17T07:12:59","guid":{"rendered":"https:\/\/pro.blainebox.es\/producto\/guirnalda-de-bouganvilla-elegante\/"},"modified":"2024-10-21T21:47:17","modified_gmt":"2024-10-21T20:47:17","slug":"guirnalda-de-bouganvilla-elegante","status":"publish","type":"product","link":"https:\/\/pro.blainebox.es\/it\/producto\/guirnalda-de-bouganvilla-elegante\/","title":{"rendered":"Guirnalda de Bouganvilla Elegante"},"content":{"rendered":"","protected":false},"excerpt":{"rendered":"","protected":false},"featured_media":21797,"template":"","meta":{"_acf_changed":false,"content-type":""},"product_brand":[],"product_cat":[188],"product_tag":[],"class_list":{"0":"post-22823","1":"product","2":"type-product","3":"status-publish","4":"has-post-thumbnail","6":"product_cat-packs-plantas-colgantes-individuales","8":"first","9":"instock","10":"sale","11":"taxable","12":"shipping-taxable","13":"purchasable","14":"product-type-simple"},"acf":[],"jetpack-related-posts":[{"id":13268,"url":"https:\/\/pro.blainebox.es\/it\/producto\/b098sew-01\/","url_meta":{"origin":22823,"position":0},"title":"GUIRNALDA DE BOUGANVILLA ARTIFICIAL 110CM","author":"user","date":"29\/11\/2023","format":false,"excerpt":"Altura cm: 110","rel":"","context":"Articolo simile","block_context":{"text":"Articolo simile","link":""},"img":{"alt_text":"","src":"https:\/\/i0.wp.com\/pro.blainebox.es\/wp-content\/uploads\/2023\/11\/product_template_33616-1.jpeg?fit=200%2C300&ssl=1&resize=350%2C200","width":350,"height":200},"classes":[]},{"id":7995,"url":"https:\/\/pro.blainebox.es\/it\/producto\/guirnalda-anthurium\/","url_meta":{"origin":22823,"position":1},"title":"Guirnalda Anthurium","author":"user","date":"02\/11\/2023","format":false,"excerpt":"Perteneciente a la familia Araceae; encontramos su origen en las selvas tropicales de Am\u00e9rica del Sur y Central. Filo significa amigo y dendro significa \u00e1rbol, con lo cual su nombre hace honor a la tendencia de esta planta a trepar y enredarse en los \u00e1rboles.\u00a0 Se caracteriza por unas grandes\u2026","rel":"","context":"Articolo simile","block_context":{"text":"Articolo simile","link":""},"img":{"alt_text":"","src":"https:\/\/i0.wp.com\/pro.blainebox.es\/wp-content\/uploads\/2023\/11\/wp-image29725923344454.png?fit=1200%2C1200&ssl=1&resize=350%2C200","width":350,"height":200,"srcset":"https:\/\/i0.wp.com\/pro.blainebox.es\/wp-content\/uploads\/2023\/11\/wp-image29725923344454.png?fit=1200%2C1200&ssl=1&resize=350%2C200 1x, https:\/\/i0.wp.com\/pro.blainebox.es\/wp-content\/uploads\/2023\/11\/wp-image29725923344454.png?fit=1200%2C1200&ssl=1&resize=525%2C300 1.5x, https:\/\/i0.wp.com\/pro.blainebox.es\/wp-content\/uploads\/2023\/11\/wp-image29725923344454.png?fit=1200%2C1200&ssl=1&resize=700%2C400 2x, https:\/\/i0.wp.com\/pro.blainebox.es\/wp-content\/uploads\/2023\/11\/wp-image29725923344454.png?fit=1200%2C1200&ssl=1&resize=1050%2C600 3x"},"classes":[]},{"id":49665,"url":"https:\/\/pro.blainebox.es\/it\/producto\/ramo-di-bouganville\/","url_meta":{"origin":22823,"position":2},"title":"Ramo di bouganville","author":"user","date":"11\/02\/2026","format":false,"excerpt":"","rel":"","context":"Articolo simile","block_context":{"text":"Articolo simile","link":""},"img":{"alt_text":"","src":"https:\/\/i0.wp.com\/pro.blainebox.es\/wp-content\/uploads\/2026\/02\/RAMA-BUGANVILLA.jpg?fit=1080%2C1080&ssl=1&resize=350%2C200","width":350,"height":200,"srcset":"https:\/\/i0.wp.com\/pro.blainebox.es\/wp-content\/uploads\/2026\/02\/RAMA-BUGANVILLA.jpg?fit=1080%2C1080&ssl=1&resize=350%2C200 1x, https:\/\/i0.wp.com\/pro.blainebox.es\/wp-content\/uploads\/2026\/02\/RAMA-BUGANVILLA.jpg?fit=1080%2C1080&ssl=1&resize=525%2C300 1.5x, https:\/\/i0.wp.com\/pro.blainebox.es\/wp-content\/uploads\/2026\/02\/RAMA-BUGANVILLA.jpg?fit=1080%2C1080&ssl=1&resize=700%2C400 2x, https:\/\/i0.wp.com\/pro.blainebox.es\/wp-content\/uploads\/2026\/02\/RAMA-BUGANVILLA.jpg?fit=1080%2C1080&ssl=1&resize=1050%2C600 3x"},"classes":[]},{"id":7985,"url":"https:\/\/pro.blainebox.es\/it\/producto\/guirnalda-alocasia\/","url_meta":{"origin":22823,"position":3},"title":"Guirnalda Alocasia","author":"user","date":"02\/11\/2023","format":false,"excerpt":"D\u00e9jate envolver por la belleza ex\u00f3tica y el encanto tropical de nuestra Guirnalda de Alocasia Artificial, una pieza decorativa impresionante que a\u00f1adir\u00e1 un toque de elegancia y frescura a cualquier espacio. Esta guirnalda meticulosamente elaborada captura la esencia y la exuberancia de la Alocasia real, sin la necesidad de preocuparte\u2026","rel":"","context":"Articolo simile","block_context":{"text":"Articolo simile","link":""},"img":{"alt_text":"","src":"https:\/\/i0.wp.com\/pro.blainebox.es\/wp-content\/uploads\/2023\/11\/wp-image52582441582918.png?fit=1200%2C1200&ssl=1&resize=350%2C200","width":350,"height":200,"srcset":"https:\/\/i0.wp.com\/pro.blainebox.es\/wp-content\/uploads\/2023\/11\/wp-image52582441582918.png?fit=1200%2C1200&ssl=1&resize=350%2C200 1x, https:\/\/i0.wp.com\/pro.blainebox.es\/wp-content\/uploads\/2023\/11\/wp-image52582441582918.png?fit=1200%2C1200&ssl=1&resize=525%2C300 1.5x, https:\/\/i0.wp.com\/pro.blainebox.es\/wp-content\/uploads\/2023\/11\/wp-image52582441582918.png?fit=1200%2C1200&ssl=1&resize=700%2C400 2x, https:\/\/i0.wp.com\/pro.blainebox.es\/wp-content\/uploads\/2023\/11\/wp-image52582441582918.png?fit=1200%2C1200&ssl=1&resize=1050%2C600 3x"},"classes":[]},{"id":50113,"url":"https:\/\/pro.blainebox.es\/it\/producto\/bouganville-singola-rigida-copia\/","url_meta":{"origin":22823,"position":4},"title":"Bouganville Singola Rigida","author":"user","date":"27\/03\/2026","format":false,"excerpt":"Le dimensioni approssimative sono di 100 cm x 30 cm (con rami aperti)","rel":"","context":"Articolo simile","block_context":{"text":"Articolo simile","link":""},"img":{"alt_text":"","src":"https:\/\/i0.wp.com\/pro.blainebox.es\/wp-content\/uploads\/2026\/03\/BUGANVILLA-FUCSIA.jpg?fit=1080%2C1080&ssl=1&resize=350%2C200","width":350,"height":200,"srcset":"https:\/\/i0.wp.com\/pro.blainebox.es\/wp-content\/uploads\/2026\/03\/BUGANVILLA-FUCSIA.jpg?fit=1080%2C1080&ssl=1&resize=350%2C200 1x, https:\/\/i0.wp.com\/pro.blainebox.es\/wp-content\/uploads\/2026\/03\/BUGANVILLA-FUCSIA.jpg?fit=1080%2C1080&ssl=1&resize=525%2C300 1.5x, https:\/\/i0.wp.com\/pro.blainebox.es\/wp-content\/uploads\/2026\/03\/BUGANVILLA-FUCSIA.jpg?fit=1080%2C1080&ssl=1&resize=700%2C400 2x, https:\/\/i0.wp.com\/pro.blainebox.es\/wp-content\/uploads\/2026\/03\/BUGANVILLA-FUCSIA.jpg?fit=1080%2C1080&ssl=1&resize=1050%2C600 3x"},"classes":[]},{"id":8002,"url":"https:\/\/pro.blainebox.es\/it\/producto\/guirnalda-monstera\/","url_meta":{"origin":22823,"position":5},"title":"Guirnalda Monstera","author":"user","date":"02\/11\/2023","format":false,"excerpt":"La reina de las plantas de interior, la candidata ideal para dar un toque de jungla a tu hogar. Descubre la elegancia tropical y la exuberancia natural de nuestra Guirnalda de Monstera Artificial, una pieza decorativa impresionante que a\u00f1adir\u00e1 un toque de frescura y estilo a cualquier espacio. Esta guirnalda\u2026","rel":"","context":"Articolo simile","block_context":{"text":"Articolo simile","link":""},"img":{"alt_text":"","src":"https:\/\/i0.wp.com\/pro.blainebox.es\/wp-content\/uploads\/2023\/11\/wp-image29725929078854.png?fit=1200%2C1200&ssl=1&resize=350%2C200","width":350,"height":200,"srcset":"https:\/\/i0.wp.com\/pro.blainebox.es\/wp-content\/uploads\/2023\/11\/wp-image29725929078854.png?fit=1200%2C1200&ssl=1&resize=350%2C200 1x, https:\/\/i0.wp.com\/pro.blainebox.es\/wp-content\/uploads\/2023\/11\/wp-image29725929078854.png?fit=1200%2C1200&ssl=1&resize=525%2C300 1.5x, https:\/\/i0.wp.com\/pro.blainebox.es\/wp-content\/uploads\/2023\/11\/wp-image29725929078854.png?fit=1200%2C1200&ssl=1&resize=700%2C400 2x, https:\/\/i0.wp.com\/pro.blainebox.es\/wp-content\/uploads\/2023\/11\/wp-image29725929078854.png?fit=1200%2C1200&ssl=1&resize=1050%2C600 3x"},"classes":[]}],"jetpack_sharing_enabled":true,"_links":{"self":[{"href":"https:\/\/pro.blainebox.es\/it\/wp-json\/wp\/v2\/product\/22823","targetHints":{"allow":["GET"]}}],"collection":[{"href":"https:\/\/pro.blainebox.es\/it\/wp-json\/wp\/v2\/product"}],"about":[{"href":"https:\/\/pro.blainebox.es\/it\/wp-json\/wp\/v2\/types\/product"}],"wp:featuredmedia":[{"embeddable":true,"href":"https:\/\/pro.blainebox.es\/it\/wp-json\/wp\/v2\/media\/21797"}],"wp:attachment":[{"href":"https:\/\/pro.blainebox.es\/it\/wp-json\/wp\/v2\/media?parent=22823"}],"wp:term":[{"taxonomy":"product_brand","embeddable":true,"href":"https:\/\/pro.blainebox.es\/it\/wp-json\/wp\/v2\/product_brand?post=22823"},{"taxonomy":"product_cat","embeddable":true,"href":"https:\/\/pro.blainebox.es\/it\/wp-json\/wp\/v2\/product_cat?post=22823"},{"taxonomy":"product_tag","embeddable":true,"href":"https:\/\/pro.blainebox.es\/it\/wp-json\/wp\/v2\/product_tag?post=22823"}],"curies":[{"name":"wp","href":"https:\/\/api.w.org\/{rel}","templated":true}]}}