{"id":22822,"date":"2024-10-17T08:12:59","date_gmt":"2024-10-17T07:12:59","guid":{"rendered":"https:\/\/pro.blainebox.es\/producto\/mimosa-encantada\/"},"modified":"2024-10-21T21:47:11","modified_gmt":"2024-10-21T20:47:11","slug":"mimosa-encantada","status":"publish","type":"product","link":"https:\/\/pro.blainebox.es\/it\/producto\/mimosa-encantada\/","title":{"rendered":"Mimosa Encantada"},"content":{"rendered":"","protected":false},"excerpt":{"rendered":"","protected":false},"featured_media":21776,"template":"","meta":{"_acf_changed":false,"content-type":""},"product_brand":[],"product_cat":[188],"product_tag":[],"class_list":{"0":"post-22822","1":"product","2":"type-product","3":"status-publish","4":"has-post-thumbnail","6":"product_cat-packs-plantas-colgantes-individuales","8":"first","9":"instock","10":"sale","11":"taxable","12":"shipping-taxable","13":"purchasable","14":"product-type-simple"},"acf":[],"jetpack-related-posts":[{"id":15455,"url":"https:\/\/pro.blainebox.es\/it\/producto\/y0782\/","url_meta":{"origin":22822,"position":0},"title":"MATA MIMOSA ARTIFICIAL 28CM","author":"user","date":"29\/11\/2023","format":false,"excerpt":"Altura cm: 28","rel":"","context":"Articolo simile","block_context":{"text":"Articolo simile","link":""},"img":{"alt_text":"","src":"https:\/\/i0.wp.com\/pro.blainebox.es\/wp-content\/uploads\/2023\/11\/product_template_33341-1.jpeg?fit=240%2C300&ssl=1&resize=350%2C200","width":350,"height":200},"classes":[]},{"id":16433,"url":"https:\/\/pro.blainebox.es\/it\/producto\/y0818\/","url_meta":{"origin":22822,"position":1},"title":"VARA MIMOSA ARTIFICIAL 40CM","author":"user","date":"29\/11\/2023","format":false,"excerpt":"Altura cm: 40","rel":"","context":"Articolo simile","block_context":{"text":"Articolo simile","link":""},"img":{"alt_text":"","src":"https:\/\/i0.wp.com\/pro.blainebox.es\/wp-content\/uploads\/2023\/11\/product_template_33574-1.jpeg?fit=200%2C300&ssl=1&resize=350%2C200","width":350,"height":200},"classes":[]},{"id":14834,"url":"https:\/\/pro.blainebox.es\/it\/producto\/fh0115-13\/","url_meta":{"origin":22822,"position":2},"title":"PLANTA COLGANTE MIMOSA ARTIFICIAL 74CM","author":"user","date":"29\/11\/2023","format":false,"excerpt":"Altura cm: 74","rel":"","context":"Articolo simile","block_context":{"text":"Articolo simile","link":""},"img":{"alt_text":"","src":"https:\/\/i0.wp.com\/pro.blainebox.es\/wp-content\/uploads\/2023\/11\/product_template_33599-1.jpeg?fit=300%2C300&ssl=1&resize=350%2C200","width":350,"height":200},"classes":[]},{"id":8242,"url":"https:\/\/pro.blainebox.es\/it\/producto\/olivo\/","url_meta":{"origin":22822,"position":3},"title":"Olivo","author":"user","date":"02\/11\/2023","format":false,"excerpt":"Embellece tu espacio con la elegancia atemporal del olivo artificial. Nuestra impecable r\u00e9plica captura la esencia de este \u00e1rbol ic\u00f3nico con detalle y realismo excepcionales. Cada rama y hoja han sido cuidadosamente dise\u00f1adas para reflejar la textura y el color del olivo real, brind\u00e1ndote la belleza sin esfuerzo de la\u2026","rel":"","context":"Articolo simile","block_context":{"text":"Articolo simile","link":""},"img":{"alt_text":"","src":"https:\/\/i0.wp.com\/pro.blainebox.es\/wp-content\/uploads\/2023\/11\/wp-image52734404198726-e1701351206449.png?fit=732%2C1196&ssl=1&resize=350%2C200","width":350,"height":200,"srcset":"https:\/\/i0.wp.com\/pro.blainebox.es\/wp-content\/uploads\/2023\/11\/wp-image52734404198726-e1701351206449.png?fit=732%2C1196&ssl=1&resize=350%2C200 1x, https:\/\/i0.wp.com\/pro.blainebox.es\/wp-content\/uploads\/2023\/11\/wp-image52734404198726-e1701351206449.png?fit=732%2C1196&ssl=1&resize=525%2C300 1.5x, https:\/\/i0.wp.com\/pro.blainebox.es\/wp-content\/uploads\/2023\/11\/wp-image52734404198726-e1701351206449.png?fit=732%2C1196&ssl=1&resize=700%2C400 2x"},"classes":[]},{"id":8376,"url":"https:\/\/pro.blainebox.es\/it\/producto\/sansiviera\/","url_meta":{"origin":22822,"position":4},"title":"Sansevieria","author":"user","date":"02\/11\/2023","format":false,"excerpt":"Introduce un toque de elegancia y serenidad en tu hogar con la Sansevieria artificial. Esta planta artificial ha sido meticulosamente dise\u00f1ada para capturar la belleza y el encanto de la Sansevieria real, tambi\u00e9n conocida como \"Lengua de suegra\" o \"Planta de serpiente\", sin necesidad de preocuparte por su cuidado. Las\u2026","rel":"","context":"Articolo simile","block_context":{"text":"Articolo simile","link":""},"img":{"alt_text":"","src":"https:\/\/i0.wp.com\/pro.blainebox.es\/wp-content\/uploads\/2023\/11\/wp-image29997006684230.png?fit=1200%2C1200&ssl=1&resize=350%2C200","width":350,"height":200,"srcset":"https:\/\/i0.wp.com\/pro.blainebox.es\/wp-content\/uploads\/2023\/11\/wp-image29997006684230.png?fit=1200%2C1200&ssl=1&resize=350%2C200 1x, https:\/\/i0.wp.com\/pro.blainebox.es\/wp-content\/uploads\/2023\/11\/wp-image29997006684230.png?fit=1200%2C1200&ssl=1&resize=525%2C300 1.5x, https:\/\/i0.wp.com\/pro.blainebox.es\/wp-content\/uploads\/2023\/11\/wp-image29997006684230.png?fit=1200%2C1200&ssl=1&resize=700%2C400 2x, https:\/\/i0.wp.com\/pro.blainebox.es\/wp-content\/uploads\/2023\/11\/wp-image29997006684230.png?fit=1200%2C1200&ssl=1&resize=1050%2C600 3x"},"classes":[]},{"id":7718,"url":"https:\/\/pro.blainebox.es\/it\/producto\/bola-laurel\/","url_meta":{"origin":22822,"position":5},"title":"Bola Laurel","author":"user","date":"02\/11\/2023","format":false,"excerpt":"Embellece tu hogar con la sofisticaci\u00f3n atemporal de nuestra Bola Laurel artificial. Esta exquisita r\u00e9plica ha sido cuidadosamente elaborada para capturar la elegancia y el encanto del laurel real. Cada hoja y detalle han sido meticulosamente dise\u00f1ados para ofrecerte una experiencia visual impresionante. La Bola Laurel artificial es la elecci\u00f3n\u2026","rel":"","context":"Articolo simile","block_context":{"text":"Articolo simile","link":""},"img":{"alt_text":"","src":"https:\/\/i0.wp.com\/pro.blainebox.es\/wp-content\/uploads\/2023\/11\/wp-image29865440149574.png?fit=1200%2C1200&ssl=1&resize=350%2C200","width":350,"height":200,"srcset":"https:\/\/i0.wp.com\/pro.blainebox.es\/wp-content\/uploads\/2023\/11\/wp-image29865440149574.png?fit=1200%2C1200&ssl=1&resize=350%2C200 1x, https:\/\/i0.wp.com\/pro.blainebox.es\/wp-content\/uploads\/2023\/11\/wp-image29865440149574.png?fit=1200%2C1200&ssl=1&resize=525%2C300 1.5x, https:\/\/i0.wp.com\/pro.blainebox.es\/wp-content\/uploads\/2023\/11\/wp-image29865440149574.png?fit=1200%2C1200&ssl=1&resize=700%2C400 2x, https:\/\/i0.wp.com\/pro.blainebox.es\/wp-content\/uploads\/2023\/11\/wp-image29865440149574.png?fit=1200%2C1200&ssl=1&resize=1050%2C600 3x"},"classes":[]}],"jetpack_sharing_enabled":true,"_links":{"self":[{"href":"https:\/\/pro.blainebox.es\/it\/wp-json\/wp\/v2\/product\/22822","targetHints":{"allow":["GET"]}}],"collection":[{"href":"https:\/\/pro.blainebox.es\/it\/wp-json\/wp\/v2\/product"}],"about":[{"href":"https:\/\/pro.blainebox.es\/it\/wp-json\/wp\/v2\/types\/product"}],"wp:featuredmedia":[{"embeddable":true,"href":"https:\/\/pro.blainebox.es\/it\/wp-json\/wp\/v2\/media\/21776"}],"wp:attachment":[{"href":"https:\/\/pro.blainebox.es\/it\/wp-json\/wp\/v2\/media?parent=22822"}],"wp:term":[{"taxonomy":"product_brand","embeddable":true,"href":"https:\/\/pro.blainebox.es\/it\/wp-json\/wp\/v2\/product_brand?post=22822"},{"taxonomy":"product_cat","embeddable":true,"href":"https:\/\/pro.blainebox.es\/it\/wp-json\/wp\/v2\/product_cat?post=22822"},{"taxonomy":"product_tag","embeddable":true,"href":"https:\/\/pro.blainebox.es\/it\/wp-json\/wp\/v2\/product_tag?post=22822"}],"curies":[{"name":"wp","href":"https:\/\/api.w.org\/{rel}","templated":true}]}}