{"id":43772,"date":"2020-06-08T20:22:52","date_gmt":"2020-06-08T19:22:52","guid":{"rendered":"https:\/\/pro.blainebox.es\/blog\/"},"modified":"2025-11-06T15:15:52","modified_gmt":"2025-11-06T14:15:52","slug":"blog","status":"publish","type":"page","link":"https:\/\/pro.blainebox.es\/it\/blog\/","title":{"rendered":"Blog"},"content":{"rendered":"<div class=\"fusion-fullwidth fullwidth-box fusion-builder-row-1 fusion-flex-container nonhundred-percent-fullwidth non-hundred-percent-height-scrolling\" style=\"--awb-border-radius-top-left:0px;--awb-border-radius-top-right:0px;--awb-border-radius-bottom-right:0px;--awb-border-radius-bottom-left:0px;--awb-flex-wrap:wrap;\" ><div class=\"fusion-builder-row fusion-row fusion-flex-align-items-flex-start fusion-flex-content-wrap\" style=\"max-width:1248px;margin-left: calc(-4% \/ 2 );margin-right: calc(-4% \/ 2 );\"><div class=\"fusion-layout-column fusion_builder_column fusion-builder-column-0 fusion_builder_column_1_1 1_1 fusion-flex-column\" style=\"--awb-bg-size:cover;--awb-width-large:100%;--awb-margin-top-large:0px;--awb-spacing-right-large:1.92%;--awb-margin-bottom-large:0px;--awb-spacing-left-large:1.92%;--awb-width-medium:100%;--awb-order-medium:0;--awb-spacing-right-medium:1.92%;--awb-spacing-left-medium:1.92%;--awb-width-small:100%;--awb-order-small:0;--awb-spacing-right-small:1.92%;--awb-spacing-left-small:1.92%;\"><div class=\"fusion-column-wrapper fusion-column-has-shadow fusion-flex-justify-content-flex-start fusion-content-layout-column\"><div class=\"fusion-title title fusion-title-1 fusion-sep-none fusion-title-center fusion-title-text fusion-title-size-one\"><h1 class=\"fusion-title-heading title-heading-center\" style=\"margin:0;\">Blog<\/h1><\/div><div class=\"fusion-blog-shortcode fusion-blog-shortcode-1 fusion-blog-archive fusion-blog-layout-grid-wrapper fusion-blog-no\" style=\"--awb-title-font-size:35px;\"><style type=\"text\/css\">.fusion-blog-shortcode-1 .fusion-blog-layout-grid .fusion-post-grid{padding:20px;}.fusion-blog-shortcode-1 .fusion-posts-container{margin-left: -20px !important; margin-right:-20px !important;}<\/style><div class=\"fusion-posts-container fusion-posts-container-no fusion-no-meta-info fusion-blog-rollover fusion-blog-layout-grid fusion-blog-layout-grid-2 isotope\" data-pages=\"1\" data-grid-col-space=\"40\" style=\"margin: -20px -20px 0;min-height:500px;\"><article id=\"blog-1-post-43866\" class=\"fusion-post-grid post-43866 post type-post status-publish format-standard hentry category-senza-categoria\">\n<div class=\"fusion-post-wrapper\" style=\"background-color:rgba(255,255,255,0);border:1px solid var(--awb-color2);border-bottom-width:3px;\">\n\n<div class=\"fusion-post-content-wrapper\" style=\"padding:30px 25px 25px 25px;\"><div class=\"fusion-post-content post-content\"><h1 class=\"blog-shortcode-post-title entry-title\">Come aprire la tua pianta artificiale?<\/h1><div class=\"fusion-post-content-container\"><p>Aprire una pianta artificiale pu\u00f2 essere un \u201coperazione semplice se segui i passi giusti. Tuttavia, \u00e8 importante notare che ogni tipo di pianta artificiale pu\u00f2 avere istruzioni diverse per l\u201d apertura, quindi \u00e8 importante leggerle prima di iniziare. Ecco i passaggi generali: 1. Rimuovi la pianta dalla scatola e [...]<\/p><\/div><\/div><\/div><div class=\"fusion-clearfix\"><\/div><\/div>\n<\/article>\n<article id=\"blog-1-post-43859\" class=\"fusion-post-grid post-43859 post type-post status-publish format-standard hentry category-senza-categoria\">\n<div class=\"fusion-post-wrapper\" style=\"background-color:rgba(255,255,255,0);border:1px solid var(--awb-color2);border-bottom-width:3px;\">\n\n<div class=\"fusion-post-content-wrapper\" style=\"padding:30px 25px 25px 25px;\"><div class=\"fusion-post-content post-content\"><h1 class=\"blog-shortcode-post-title entry-title\">Come pulire la tua pianta artificiale?<\/h1><div class=\"fusion-post-content-container\"><p> La pulizia delle piante artificiali \u00e8 un'attivit\u00e0 semplice ma importante che ti aiuter\u00e0 a mantenerle in buone condizioni e a prolungarne la vita. Ecco i passaggi da seguire: 1. Prima di iniziare la pulizia, \u00e8 importante rimuovere le piante artificiali dai loro vasi o ornamenti. Oltre a poter [...]<\/p><\/div><\/div><\/div><div class=\"fusion-clearfix\"><\/div><\/div>\n<\/article>\n<article id=\"blog-1-post-43858\" class=\"fusion-post-grid post-43858 post type-post status-publish format-standard hentry category-senza-categoria\">\n<div class=\"fusion-post-wrapper\" style=\"background-color:rgba(255,255,255,0);border:1px solid var(--awb-color2);border-bottom-width:3px;\">\n\n<div class=\"fusion-post-content-wrapper\" style=\"padding:30px 25px 25px 25px;\"><div class=\"fusion-post-content post-content\"><h1 class=\"blog-shortcode-post-title entry-title\">Come misurare la tua pianta artificiale?<\/h1><div class=\"fusion-post-content-container\"><p> Misurare le piante artificiali \u00e8 un'operazione importante per assicurarsi che le piante che acquisti siano adatte al tuo spazio e alle tue esigenze. Ecco i passaggi per misurare con precisione: Determina l \u201caltezza della pianta: \u00e8 la misura che va dal fondo del vaso alla cima delle foglie [...]<\/p><\/div><\/div><\/div><div class=\"fusion-clearfix\"><\/div><\/div>\n<\/article>\n<article id=\"blog-1-post-43865\" class=\"fusion-post-grid post-43865 post type-post status-publish format-standard hentry category-senza-categoria\">\n<div class=\"fusion-post-wrapper\" style=\"background-color:rgba(255,255,255,0);border:1px solid var(--awb-color2);border-bottom-width:3px;\">\n\n<div class=\"fusion-post-content-wrapper\" style=\"padding:30px 25px 25px 25px;\"><div class=\"fusion-post-content post-content\"><h1 class=\"blog-shortcode-post-title entry-title\">Come mantenere la tua pianta artificiale?<\/h1><div class=\"fusion-post-content-container\"><p> Prendersi cura delle piante artificiali \u00e8 un processo semplice e facile. Tuttavia, \u00e8 importante seguire alcuni accorgimenti per mantenere un aspetto bello e naturale a lungo. Ecco alcuni consigli per la manutenzione: 1. Pulizia regolare: \u00e8 importante sapere che tutte le piante possono essere pulite con un panno [...]<\/p><\/div><\/div><\/div><div class=\"fusion-clearfix\"><\/div><\/div>\n<\/article>\n<article id=\"blog-1-post-43864\" class=\"fusion-post-grid post-43864 post type-post status-publish format-standard hentry category-senza-categoria\">\n<div class=\"fusion-post-wrapper\" style=\"background-color:rgba(255,255,255,0);border:1px solid var(--awb-color2);border-bottom-width:3px;\">\n\n<div class=\"fusion-post-content-wrapper\" style=\"padding:30px 25px 25px 25px;\"><div class=\"fusion-post-content post-content\"><h1 class=\"blog-shortcode-post-title entry-title\">Come decorare la tua pianta artificiale?<\/h1><div class=\"fusion-post-content-container\"><p> Decorare con piante artificiali \u00e8 un ottimo modo per aggiungere un tocco di verde e di natura alla tua casa o al tuo posto di lavoro senza preoccuparti della manutenzione quotidiana. Tuttavia, decorare con piante artificiali pu\u00f2 essere un po' diverso da decorare con piante naturali. Ecco alcuni [...]<\/p><\/div><\/div><\/div><div class=\"fusion-clearfix\"><\/div><\/div>\n<\/article>\n<div class=\"fusion-clearfix\"><\/div><\/div><\/div><\/div><\/div><\/div><\/div>\n","protected":false},"excerpt":{"rendered":"","protected":false},"author":1,"featured_media":0,"parent":0,"menu_order":0,"comment_status":"closed","ping_status":"closed","template":"100-width.php","meta":{"_acf_changed":false,"content-type":"","footnotes":""},"class_list":["post-43772","page","type-page","status-publish","hentry"],"acf":[],"jetpack-related-posts":[{"id":22323,"url":"https:\/\/pro.blainebox.es\/proyecto-de-interiorismo\/","url_meta":{"origin":43772,"position":0},"title":"Proyecto de interiorismo &#8211; WEB","author":"user","date":"19\/09\/2024","format":false,"excerpt":"","rel":"","context":"Articolo simile","block_context":{"text":"Articolo simile","link":""},"img":{"alt_text":"","src":"","width":0,"height":0},"classes":[]},{"id":43077,"url":"https:\/\/pro.blainebox.es\/it\/progetto-di-interior-design-web\/","url_meta":{"origin":43772,"position":1},"title":"Progetto di interior design &#8211; WEB","author":"user","date":"19\/09\/2024","format":false,"excerpt":"","rel":"","context":"Articolo simile","block_context":{"text":"Articolo simile","link":""},"img":{"alt_text":"","src":"","width":0,"height":0},"classes":[]},{"id":25824,"url":"https:\/\/pro.blainebox.es\/casos-de-exito\/","url_meta":{"origin":43772,"position":2},"title":"Casos de \u00e9xito","author":"user","date":"25\/03\/2025","format":false,"excerpt":"","rel":"","context":"Articolo simile","block_context":{"text":"Articolo simile","link":""},"img":{"alt_text":"","src":"","width":0,"height":0},"classes":[]},{"id":42923,"url":"https:\/\/pro.blainebox.es\/it\/storie-di-successo\/","url_meta":{"origin":43772,"position":3},"title":"Storie di successo","author":"user","date":"25\/03\/2025","format":false,"excerpt":"","rel":"","context":"Articolo simile","block_context":{"text":"Articolo simile","link":""},"img":{"alt_text":"","src":"","width":0,"height":0},"classes":[]},{"id":42945,"url":"https:\/\/pro.blainebox.es\/it\/piante-rampicanti\/","url_meta":{"origin":43772,"position":4},"title":"Piante rampicanti","author":"user","date":"27\/01\/2025","format":false,"excerpt":"","rel":"","context":"Articolo simile","block_context":{"text":"Articolo simile","link":""},"img":{"alt_text":"","src":"","width":0,"height":0},"classes":[]},{"id":21140,"url":"https:\/\/pro.blainebox.es\/proyecto-interiorismo\/","url_meta":{"origin":43772,"position":5},"title":"Proyecto de interiorismo","author":"user","date":"18\/06\/2024","format":false,"excerpt":"","rel":"","context":"Articolo simile","block_context":{"text":"Articolo simile","link":""},"img":{"alt_text":"","src":"","width":0,"height":0},"classes":[]}],"jetpack_sharing_enabled":true,"_links":{"self":[{"href":"https:\/\/pro.blainebox.es\/it\/wp-json\/wp\/v2\/pages\/43772","targetHints":{"allow":["GET"]}}],"collection":[{"href":"https:\/\/pro.blainebox.es\/it\/wp-json\/wp\/v2\/pages"}],"about":[{"href":"https:\/\/pro.blainebox.es\/it\/wp-json\/wp\/v2\/types\/page"}],"author":[{"embeddable":true,"href":"https:\/\/pro.blainebox.es\/it\/wp-json\/wp\/v2\/users\/1"}],"replies":[{"embeddable":true,"href":"https:\/\/pro.blainebox.es\/it\/wp-json\/wp\/v2\/comments?post=43772"}],"version-history":[{"count":1,"href":"https:\/\/pro.blainebox.es\/it\/wp-json\/wp\/v2\/pages\/43772\/revisions"}],"predecessor-version":[{"id":43775,"href":"https:\/\/pro.blainebox.es\/it\/wp-json\/wp\/v2\/pages\/43772\/revisions\/43775"}],"wp:attachment":[{"href":"https:\/\/pro.blainebox.es\/it\/wp-json\/wp\/v2\/media?parent=43772"}],"curies":[{"name":"wp","href":"https:\/\/api.w.org\/{rel}","templated":true}]}}